{"id":1002,"date":"2022-02-14T15:40:01","date_gmt":"2022-02-14T14:40:01","guid":{"rendered":"http:\/\/www.ikzm-d.de\/fliessgewaesser\/?page_id=1002"},"modified":"2022-06-24T17:09:33","modified_gmt":"2022-06-24T15:09:33","slug":"impressum","status":"publish","type":"page","link":"https:\/\/www.ikzm-d.de\/fliessgewaesser-und-muell\/impressum\/","title":{"rendered":"Impressum"},"content":{"rendered":"\n<p id=\"block-4d2354c3-34cd-4736-aa2f-5eb54163c6f2\">EUCC \u2013 Die K\u00fcsten Union Deutschland e.V.<br>Friedrich-Barnewitz-Stra\u00dfe 3<br>18119 Warnem\u00fcnde<\/p>\n\n\n\n<p id=\"block-270531a2-3bea-43c0-aa89-02574ad1e9cf\">USt-IdNr.: DE248244159<\/p>\n\n\n\n<p id=\"block-1a2dc057-9395-40d4-954a-e4fcfe5f50d3\"><strong>Sitz gem\u00e4\u00df Eintrag im Vereinsregister<\/strong><\/p>\n\n\n\n<p id=\"block-a54a5fdc-6ee6-418b-a09c-27c6a0744b71\">Poststra\u00dfe 6<br>18119 Warnem\u00fcnde<\/p>\n\n\n\n<h5 class=\"wp-block-heading\" id=\"block-d259af49-e5a6-4fd6-8fda-69241f8cbbe9\">Vereinsregister des Amtsgerichts Rostock<\/h5>\n\n\n\n<p id=\"block-b8d1b2b3-35c4-4546-aa1c-61f8d40f3222\">Registernummer: VR1953<\/p>\n\n\n\n<hr class=\"wp-block-separator is-style-dots\" id=\"block-1b2c37c2-13f5-4583-a478-14e1fbc50da3\"\/>\n\n\n\n<p id=\"block-14517e74-1fb2-4ff9-8e39-7e25ff94c3df\"><strong>Verantwortlich im Sinne des \u00a75 des TMG<\/strong><\/p>\n\n\n\n<p id=\"block-c8250323-2021-4050-8089-d6c790cd955d\">Nardine Stybel<br>EUCC \u2013 Die K\u00fcsten Union Deutschland e.V.<br>Friedrich-Barnewitz-Stra\u00dfe 3<br>18119 Warnem\u00fcnde<\/p>\n\n\n\n<p id=\"block-bded58e2-6e27-473a-a525-df755ee47ec2\">Telefon: +49 (0)381 \u2013 51 96 422<br>E-Mail: mitarbeiter[@]eucc-d.de<\/p>\n\n\n\n<hr class=\"wp-block-separator is-style-dots\" id=\"block-51d97630-99f0-4e71-a227-2b0d455bf2b2\"\/>\n\n\n\n<p id=\"block-3627f165-6d2e-4835-b945-b71aa78529de\"><strong>Haftungshinweis<\/strong><\/p>\n\n\n\n<p id=\"block-433e5d93-b0d0-48a5-a18a-f785a8e12322\">Trotz sorgf\u00e4ltiger inhaltlicher Kontrolle \u00fcbernehmen wir keine Haftung f\u00fcr die Inhalte externer Links. F\u00fcr den Inhalt der verlinkten Seiten sind ausschlie\u00dflich deren Betreiber verantwortlich.<\/p>\n","protected":false},"excerpt":{"rendered":"<p>EUCC \u2013 Die K\u00fcsten Union Deutschland e.V.Friedrich-Barnewitz-Stra\u00dfe 318119 Warnem\u00fcnde USt-IdNr.: DE248244159 Sitz gem\u00e4\u00df Eintrag im Vereinsregister Poststra\u00dfe 618119 Warnem\u00fcnde Vereinsregister des Amtsgerichts Rostock Registernummer: VR1953 Verantwortlich im Sinne des \u00a75 des TMG Nardine StybelEUCC \u2013 Die K\u00fcsten Union Deutschland e.V.Friedrich-Barnewitz-Stra\u00dfe 318119 Warnem\u00fcnde Telefon: +49 (0)381 \u2013 51 96 422E-Mail: mitarbeiter[@]eucc-d.de Haftungshinweis Trotz sorgf\u00e4ltiger inhaltlicher Kontrolle [&hellip;]<\/p>\n","protected":false},"author":3,"featured_media":0,"parent":0,"menu_order":10,"comment_status":"closed","ping_status":"closed","template":"","meta":{"footnotes":""},"class_list":["post-1002","page","type-page","status-publish","hentry"],"_links":{"self":[{"href":"https:\/\/www.ikzm-d.de\/fliessgewaesser-und-muell\/wp-json\/wp\/v2\/pages\/1002","targetHints":{"allow":["GET"]}}],"collection":[{"href":"https:\/\/www.ikzm-d.de\/fliessgewaesser-und-muell\/wp-json\/wp\/v2\/pages"}],"about":[{"href":"https:\/\/www.ikzm-d.de\/fliessgewaesser-und-muell\/wp-json\/wp\/v2\/types\/page"}],"author":[{"embeddable":true,"href":"https:\/\/www.ikzm-d.de\/fliessgewaesser-und-muell\/wp-json\/wp\/v2\/users\/3"}],"replies":[{"embeddable":true,"href":"https:\/\/www.ikzm-d.de\/fliessgewaesser-und-muell\/wp-json\/wp\/v2\/comments?post=1002"}],"version-history":[{"count":2,"href":"https:\/\/www.ikzm-d.de\/fliessgewaesser-und-muell\/wp-json\/wp\/v2\/pages\/1002\/revisions"}],"predecessor-version":[{"id":1005,"href":"https:\/\/www.ikzm-d.de\/fliessgewaesser-und-muell\/wp-json\/wp\/v2\/pages\/1002\/revisions\/1005"}],"wp:attachment":[{"href":"https:\/\/www.ikzm-d.de\/fliessgewaesser-und-muell\/wp-json\/wp\/v2\/media?parent=1002"}],"curies":[{"name":"wp","href":"https:\/\/api.w.org\/{rel}","templated":true}]}}