{"id":645,"date":"2021-08-23T12:26:30","date_gmt":"2021-08-23T10:26:30","guid":{"rendered":"http:\/\/www.ikzm-d.de\/fliessgewaesser\/?page_id=645"},"modified":"2021-11-01T10:51:00","modified_gmt":"2021-11-01T09:51:00","slug":"oekologische-bedeutung-sowie-wirtschaftliche-und-soziale-funktionen-von-fliessgewaessern","status":"publish","type":"page","link":"https:\/\/www.ikzm-d.de\/fliessgewaesser-und-muell\/oekologische-bedeutung-sowie-wirtschaftliche-und-soziale-funktionen-von-fliessgewaessern\/","title":{"rendered":"Bedeutung &#038; Funktionen"},"content":{"rendered":"\n<h2 class=\"wp-block-heading\"><\/h2>\n\n\n\n<p>Flie\u00dfgew\u00e4sser&nbsp;werden als die Lebensadern der Erde bezeichnet. Das \u00d6kosystem Flie\u00dfgew\u00e4sser ist f\u00fcr uns Menschen aufgrund seiner zahlreichen Funktionen sehr bedeutsam. Dazu geh\u00f6ren \u00f6kologische, \u00f6konomische als auch soziale Funktionen.<\/p>\n\n\n\n<hr class=\"wp-block-separator\"\/>\n\n\n\n<p>Hinsichtlich seiner <strong>\u00f6kologischen Bedeutung<\/strong> steht ein Flie\u00dfgew\u00e4sser neben seiner offensichtlichen Funktion des Wassertransports vor allem f\u00fcr einen artenreichen Lebensraum. Das Einzugsgebiet eines Flie\u00dfgew\u00e4ssers bietet \u00f6kologische Nischen und beg\u00fcnstigt im selben Zuge die Produktion und den Abbau von Biomasse durch <span class='tooltipsall tooltipsincontent classtoolTips3'>Produzenten<\/span>, <span class='tooltipsall tooltipsincontent classtoolTips4'>Konsumenten<\/span> und <span class='tooltipsall tooltipsincontent classtoolTips5'>Destruenten<\/span>. Des Weiteren sind Flie\u00dfgew\u00e4sser durch ihre Funktion als CO<sub>2<\/sub>-Speicher enorm wichtig f\u00fcr die Klimaregulierung. Au\u00dferdem tragen sie zu mehreren N\u00e4hrstoffkreisl\u00e4ufen bei. Auch die Wasserreinigung ist eine weitere \u00f6kologische Funktion von Flie\u00dfgew\u00e4ssern.<\/p>\n\n\n\n<hr class=\"wp-block-separator\"\/>\n\n\n\n<p>Aus <strong>wirtschaftlicher Sicht<\/strong> haben Fl\u00fcsse und Str\u00f6me eine besonders hohe Bedeutung im G\u00fcter- und Personentransport. An dieser Stelle wird die Vernetzung zwischen Flie\u00dfgew\u00e4ssern und den Meeren besonders deutlich, denn gerade im Bereich des Transportes bestehen zahlreiche Wasserstra\u00dfen, die sowohl Flie\u00dfgew\u00e4sser als auch Meere durchlaufen. Ebenso kann ein Flie\u00dfgew\u00e4sser f\u00fcr Energiegewinnung (z.&nbsp;B. Windkraft, Wasserkraft) und f\u00fcr Ressourcengewinnung (z.&nbsp;B. Trinkwasser, Ern\u00e4hrung) genutzt werden. Auch f\u00fcr landwirtschaftliche Bew\u00e4sserungszwecke oder die Abwasserentsorgung nutzt der Mensch Flie\u00dfgew\u00e4sser.<\/p>\n\n\n\n<hr class=\"wp-block-separator\"\/>\n\n\n\n<p>Hinsichtlich <strong>sozialer Aspekte<\/strong> fungieren Flie\u00dfgew\u00e4sser sowohl als Naherholungsraum sowie als Tourismusdestination und bieten Standorte f\u00fcr diverse Sport- und Freizeitaktivit\u00e4ten. Ebenso wichtig ist ihre Funktion als au\u00dferschulischer Lernort. Zudem dienen die Einzugsgebiete der Flie\u00dfgew\u00e4sser einem gro\u00dfen Teil der Bev\u00f6lkerung als Wohnraum und erf\u00fcllen dabei auch \u00e4sthetische Zwecke.<\/p>\n<script type=\"text\/javascript\"> toolTips('.classtoolTips3','Produzenten - auch Erzeuger genannt - bilden die Basis jedes \u00d6kosystems. Sie produzieren Biomasse. Als kleinste Einheit bzw. Beginn einer Nahrungskette stellen sie die ma\u00dfgebliche Nahrungsgrundlage f\u00fcr Konsumenten dar. Zu den Produzenten z\u00e4hlen Pflanzen (in terrestrischen \u00d6kosystemen) und Phytoplankton (in aquatischen \u00d6kosystemen). Wesentliches Merkmal von Produzenten ist die F\u00e4higkeit zur Selbstern\u00e4hrung, d. h. beide sind in der Lage allein durch Sonnenlicht und anorganische N\u00e4hrsalze zu wachsen.'); <\/script><script type=\"text\/javascript\"> toolTips('.classtoolTips4','Konsumenten - auch Verbraucher genannt - sind im Vergleich zu Produzenten nicht in der Lage aus Sonnenenergie und N\u00e4hrsalzen gen\u00fcgend Energie f\u00fcr ihr Wachstum zu ziehen. Vielmehr sind sie au andere Organismen angewiesen. Prim\u00e4rkonsumenten ern\u00e4hren sich von Pflanzen, Sekund\u00e4rkonsumenten ern\u00e4hren sich von anderen Konsumenten (Fleischfresser) und Terti\u00e4rkonsumenten ern\u00e4hren sich von anderen Fleischfressern.'); <\/script><script type=\"text\/javascript\"> toolTips('.classtoolTips5','Als Destruenten - auch Zersetzer genannt - werden Pilze und Bakterien bezeichnet, die die tote organische Substanz der Konsumenten oder Produzenten zersetzen.'); <\/script>","protected":false},"excerpt":{"rendered":"<p>Flie\u00dfgew\u00e4sser&nbsp;werden als die Lebensadern der Erde bezeichnet. Das \u00d6kosystem Flie\u00dfgew\u00e4sser ist f\u00fcr uns Menschen aufgrund seiner zahlreichen Funktionen sehr bedeutsam. Dazu geh\u00f6ren \u00f6kologische, \u00f6konomische als auch soziale Funktionen. Hinsichtlich seiner \u00f6kologischen Bedeutung steht ein Flie\u00dfgew\u00e4sser neben seiner offensichtlichen Funktion des Wassertransports vor allem f\u00fcr einen artenreichen Lebensraum. Das Einzugsgebiet eines Flie\u00dfgew\u00e4ssers bietet \u00f6kologische Nischen und [&hellip;]<\/p>\n","protected":false},"author":3,"featured_media":0,"parent":0,"menu_order":2,"comment_status":"closed","ping_status":"closed","template":"","meta":{"footnotes":""},"class_list":["post-645","page","type-page","status-publish","hentry"],"_links":{"self":[{"href":"https:\/\/www.ikzm-d.de\/fliessgewaesser-und-muell\/wp-json\/wp\/v2\/pages\/645","targetHints":{"allow":["GET"]}}],"collection":[{"href":"https:\/\/www.ikzm-d.de\/fliessgewaesser-und-muell\/wp-json\/wp\/v2\/pages"}],"about":[{"href":"https:\/\/www.ikzm-d.de\/fliessgewaesser-und-muell\/wp-json\/wp\/v2\/types\/page"}],"author":[{"embeddable":true,"href":"https:\/\/www.ikzm-d.de\/fliessgewaesser-und-muell\/wp-json\/wp\/v2\/users\/3"}],"replies":[{"embeddable":true,"href":"https:\/\/www.ikzm-d.de\/fliessgewaesser-und-muell\/wp-json\/wp\/v2\/comments?post=645"}],"version-history":[{"count":7,"href":"https:\/\/www.ikzm-d.de\/fliessgewaesser-und-muell\/wp-json\/wp\/v2\/pages\/645\/revisions"}],"predecessor-version":[{"id":750,"href":"https:\/\/www.ikzm-d.de\/fliessgewaesser-und-muell\/wp-json\/wp\/v2\/pages\/645\/revisions\/750"}],"wp:attachment":[{"href":"https:\/\/www.ikzm-d.de\/fliessgewaesser-und-muell\/wp-json\/wp\/v2\/media?parent=645"}],"curies":[{"name":"wp","href":"https:\/\/api.w.org\/{rel}","templated":true}]}}