{"id":648,"date":"2021-08-23T12:26:46","date_gmt":"2021-08-23T10:26:46","guid":{"rendered":"http:\/\/www.ikzm-d.de\/fliessgewaesser\/?page_id=648"},"modified":"2021-11-01T15:38:22","modified_gmt":"2021-11-01T14:38:22","slug":"einfuehrung-und-einteilung-von-fliessgewaessern-in-deutschland","status":"publish","type":"page","link":"https:\/\/www.ikzm-d.de\/fliessgewaesser-und-muell\/einfuehrung-und-einteilung-von-fliessgewaessern-in-deutschland\/","title":{"rendered":"Einf\u00fchrung"},"content":{"rendered":"\n<p>Eine Auseinandersetzung mit dem \u00d6kosystem Flie\u00dfgew\u00e4sser findet unter Einbezug vieler verschiedener Lebensformen, Nutzungsweisen und Funktionen statt. Dabei muss ein generelles Verst\u00e4ndnis daf\u00fcr entwickelt werden, welche Gew\u00e4sser als Flie\u00dfgew\u00e4sser gelten und in welchem Ausma\u00df Ver\u00e4nderungen innerhalb dieses \u00d6kosystems die Umwelt beeinflussen.<\/p>\n\n\n\n<p>In Zusammenhang mit der <span class='tooltipsall tooltipsincontent classtoolTips0'>Wasserrahmenrichtlinie<\/span>\u00a0(WRRL) wird ein Flie\u00dfgew\u00e4sser als <strong>\u201eBinnengew\u00e4sser, das gr\u00f6\u00dftenteils an der Erdoberfl\u00e4che flie\u00dft, teilweise aber auch unterirdisch flie\u00dfen kann<\/strong>\u201c definiert (Artikel 2, Nr. 4). Das hei\u00dft Rinns\u00e4le, B\u00e4che, Fl\u00fcsse und Str\u00f6me z\u00e4hlen zu den Flie\u00dfgew\u00e4ssern. Die Unterscheidung erfolgt anhand der Gew\u00e4sserbreite \u2013 so wird beispielsweise ab einer Breite von 5\u00a0m von einem Fluss und ab 100\u00a0m von einem Strom gesprochen. Wie der Name bereits vermuten l\u00e4sst, besteht der Unterschied zu stehenden Gew\u00e4ssern in der <strong>st\u00e4ndigen Bewegung<\/strong> der Flie\u00dfgew\u00e4sser. Beginnend an der Quelle flie\u00dft das Wasser durch den Oberlauf \u00fcber den Mittellauf bis in den Unterlauf, wo er in einen See, ein \u00fcbergeordnetes Flie\u00dfgew\u00e4sser oder in ein Meer m\u00fcndet.<\/p>\n\n\n\n<p>Gem\u00e4\u00df der WRRL&nbsp;kann ein Flie\u00dfgew\u00e4sser au\u00dferdem in folgende Kategorien unterteilt werden:<\/p>\n\n\n\n<ul class=\"wp-block-list\"><li>nat\u00fcrliche Flie\u00dfgew\u00e4sser,<\/li><li>erheblich ver\u00e4nderte Flie\u00dfgew\u00e4sser (z.&nbsp;B. Schifffahrtsstra\u00dfen) und<\/li><li>k\u00fcnstliche Flie\u00dfgew\u00e4sser (z.&nbsp;B. Kan\u00e4le, Entw\u00e4sserungsgr\u00e4ben)<\/li><\/ul>\n\n\n\n<p>Im Gegensatz zu stehenden Gew\u00e4ssern geh\u00f6ren Flie\u00dfgew\u00e4sser zu den <strong>offenen \u00d6kosystemen<\/strong>. Sie zeichnen sich durch eine hohe Dynamik aus, was wiederum die Gew\u00e4sserbiologie und -chemie als auch die <span class='tooltipsall tooltipsincontent classtoolTips2'>Hydromorphologie<\/span> beeinflusst. Daher wird in weitere Flie\u00dfgew\u00e4ssertypen unterschieden. Die Unterscheidung erfolgt anhand der geologischen, morphologischen, klimatischen und hydrologischen Charakteristika der Gew\u00e4sser und ihrer Einzugsgebiete sowie ihrer Empfindlichkeit gegen\u00fcber den anthropogenen Einfl\u00fcssen.<\/p>\n<script type=\"text\/javascript\"> toolTips('.classtoolTips0','Die Wasserrahmenrichtlinie der Europ\u00e4ischen Gemeinschaft (WRRL) koordiniert die Bewirtschaftung der Gew\u00e4sser in Europa, vor allem \u00fcber Staats- und L\u00e4ndergrenzen hinaus. Dabei wird eine Harmonisierung des Gew\u00e4sserschutzes innerhalb der Gemeinschaft sowie die Verbesserung des Zustands der Gew\u00e4sser angestrebt. Die WRRL ist 2000 in Kraft getreten. (BMU 2011: Die Europ\u00e4ische Wasserrahmenrichtlinie und ihre Umsetzung in Deutschland).'); <\/script><script type=\"text\/javascript\"> toolTips('.classtoolTips2','Unter Hydromorphologie wird die tats\u00e4chlich vorliegende Gew\u00e4sserstruktur verstanden. Die hydromorphologischen Komponenten nach WRRL sind die Morphologie, also die Form des Gew\u00e4ssers, der Wasserhaushalt und die Durchg\u00e4ngigkeit (UBA 2017: Gew\u00e4sser in Deutschland. Zustand und Bewertung.'); <\/script>","protected":false},"excerpt":{"rendered":"<p>Eine Auseinandersetzung mit dem \u00d6kosystem Flie\u00dfgew\u00e4sser findet unter Einbezug vieler verschiedener Lebensformen, Nutzungsweisen und Funktionen statt. Dabei muss ein generelles Verst\u00e4ndnis daf\u00fcr entwickelt werden, welche Gew\u00e4sser als Flie\u00dfgew\u00e4sser gelten und in welchem Ausma\u00df Ver\u00e4nderungen innerhalb dieses \u00d6kosystems die Umwelt beeinflussen. In Zusammenhang mit der Wasserrahmenrichtlinie\u00a0(WRRL) wird ein Flie\u00dfgew\u00e4sser als \u201eBinnengew\u00e4sser, das gr\u00f6\u00dftenteils an der Erdoberfl\u00e4che [&hellip;]<\/p>\n","protected":false},"author":3,"featured_media":0,"parent":0,"menu_order":3,"comment_status":"closed","ping_status":"closed","template":"","meta":{"footnotes":""},"class_list":["post-648","page","type-page","status-publish","hentry"],"_links":{"self":[{"href":"https:\/\/www.ikzm-d.de\/fliessgewaesser-und-muell\/wp-json\/wp\/v2\/pages\/648","targetHints":{"allow":["GET"]}}],"collection":[{"href":"https:\/\/www.ikzm-d.de\/fliessgewaesser-und-muell\/wp-json\/wp\/v2\/pages"}],"about":[{"href":"https:\/\/www.ikzm-d.de\/fliessgewaesser-und-muell\/wp-json\/wp\/v2\/types\/page"}],"author":[{"embeddable":true,"href":"https:\/\/www.ikzm-d.de\/fliessgewaesser-und-muell\/wp-json\/wp\/v2\/users\/3"}],"replies":[{"embeddable":true,"href":"https:\/\/www.ikzm-d.de\/fliessgewaesser-und-muell\/wp-json\/wp\/v2\/comments?post=648"}],"version-history":[{"count":11,"href":"https:\/\/www.ikzm-d.de\/fliessgewaesser-und-muell\/wp-json\/wp\/v2\/pages\/648\/revisions"}],"predecessor-version":[{"id":808,"href":"https:\/\/www.ikzm-d.de\/fliessgewaesser-und-muell\/wp-json\/wp\/v2\/pages\/648\/revisions\/808"}],"wp:attachment":[{"href":"https:\/\/www.ikzm-d.de\/fliessgewaesser-und-muell\/wp-json\/wp\/v2\/media?parent=648"}],"curies":[{"name":"wp","href":"https:\/\/api.w.org\/{rel}","templated":true}]}}