{"id":651,"date":"2021-08-23T12:29:39","date_gmt":"2021-08-23T10:29:39","guid":{"rendered":"http:\/\/www.ikzm-d.de\/fliessgewaesser\/?page_id=651"},"modified":"2022-01-27T17:21:08","modified_gmt":"2022-01-27T16:21:08","slug":"geomorphologie-von-fliessgewaessern","status":"publish","type":"page","link":"https:\/\/www.ikzm-d.de\/fliessgewaesser-und-muell\/geomorphologie-von-fliessgewaessern\/","title":{"rendered":"Geomorphologie"},"content":{"rendered":"\n<p>Flie\u00dfgew\u00e4sser weisen verschiedene <strong>fluviale Prozesse und Formen<\/strong> (von lat. Fluvius \u201eFluss\u201c bzw. \u201evon Fl\u00fcssen verursacht\u201c) auf. Dabei wird die Vielf\u00e4ltigkeit besonders von der klimatischen Situation beeinflusst.<\/p>\n\n\n\n<p>Die <strong><span class='tooltipsall tooltipsincontent classtoolTips8'>Erosion<\/span><\/strong> des Flie\u00dfgew\u00e4ssers ist der zentrale Prozess im fluvialen System. Dabei schneiden sich Fl\u00fcsse in Fest- und Lockergestein ein und tragen Gesteine ab. Die Formver\u00e4nderung vollzieht sich im Lockergestein deutlich schneller als im Festgestein. Die charakteristische Erosionsform stellt das Tal dar, dabei spricht man von einer l\u00e4nglichen Hohlform mit seitlichen Talh\u00e4ngen und einer Talsohle. Weitere Prozesse sind fluviale Sedimenttransporte und schlie\u00dflich Deposition, bei der Material abgelagert wird.<\/p>\n\n\n\n<p>Ein Flie\u00dfgew\u00e4sser transportiert die verschiedensten Materialien.<\/p>\n\n\n\n<ul class=\"wp-block-list\"><li>Die <strong>L\u00f6sungsfracht<\/strong> beschreibt in Wasser gel\u00f6ste Stoffe, die zum gr\u00f6\u00dften Teil aus dem geologischen Untergrund stammen.<\/li><li>Unter <strong>Suspensionsfracht<\/strong> oder auch Schwebefracht werden kleine und leichte Partikel verstanden, die durch die Turbulenz in Schwebe gehalten und meist nahe dem Gerinnebett transportiert werden.<\/li><li>Mit der <strong>Bettfracht <\/strong>werden alle Korngr\u00f6\u00dfen transportiert.<\/li><\/ul>\n\n\n\n<p>Sobald sich ein Partikel einmal in Bewegung befindet, werden gr\u00f6\u00dfere und rundere Partikel schneller bewegt. Depositionsformen in Flie\u00dfgew\u00e4ssern beschreiben kurzzeitig existierende Rippel und D\u00fcnen sowie in l\u00e4ngeren Zeitskalen gebildete Sedimentationsebenen, wie Uferb\u00e4nke und Schwemmf\u00e4cher.<\/p>\n\n\n\n<p>Das <strong>Einzugsgebiet <\/strong>von Flie\u00dfgew\u00e4ssern&nbsp;wird durch den <span class='tooltipsall tooltipsincontent classtoolTips7'>Abfluss<\/span> (Oberfl\u00e4chen-, Zwischen- und Grundwasserabfluss) gespeist und durch die Wasserscheide von anderen Einzugsgebieten abgegrenzt.<\/p>\n\n\n\n<p>Die <strong>Flie\u00dfgeschwindigkeit <\/strong>h\u00e4ngt von der Beschaffenheit des Gerinnes ab. Dazu z\u00e4hlen die Breite, Tiefe und Neigung mit variablen Geschwindigkeiten. Die h\u00f6chste Flie\u00dfgeschwindigkeit l\u00e4sst sich generell im Flie\u00dfgew\u00e4sser an der Wasseroberfl\u00e4che und in der Gerinnemitte messen. Das Gerinnebettmuster setzt sich aus dem <span class='tooltipsall tooltipsincontent classtoolTips7'>Abfluss<\/span> und der transportierten Sedimentfracht (Gr\u00f6\u00dfe und Menge) zusammen. <\/p>\n\n\n\n<p>Dabei entstehen vier unterschiedliche <strong>Gerinnebettmuster<\/strong>, die durch die <span class='tooltipsall tooltipsincontent classtoolTips6'>Sinuosit\u00e4t<\/span> beschrieben werden: gerade, m\u00e4andrierende, verzweigte und anastomosierende Fl\u00fcsse.<\/p>\n\n\n\n<ul class=\"wp-block-list\" id=\"block-90e212cf-5bde-4d2f-9780-463dc4a8a190\"><li><strong>Gerade Gerinnebettmuster<\/strong> kommen eher selten vor und befinden sich z.\u00a0B. in Hochgebirgsfl\u00fcssen.<\/li><li>Dagegen tritt der m\u00e4andrierende Fluss als h\u00e4ufigster Typ bei Gerinnebettmustern auf. <strong>M\u00e4andrierende Fl\u00fcsse<\/strong> besitzen einen gewundenen Flusslauf, die sogenannten M\u00e4anderb\u00f6gen. In den M\u00e4anderb\u00f6gen herrscht ein sekund\u00e4res Zirkulationsmuster, bei dem sich die Flie\u00dfrichtung beim Aufprall mit dem \u00e4u\u00dferen Hang (Prallhang) quer zum Innenhang (Gleithang) entwickelt. Daher findet im M\u00e4anderbogen am Prallhang <span class='tooltipsall tooltipsincontent classtoolTips8'>Erosion<\/span> statt und dort ist auch die tiefste Stelle im Gerinne. Am Gleithang hingegen liegt eine flache Neigung vor und Material wird akkumuliert. Somit vergr\u00f6\u00dfern sich die B\u00f6gen des Flusses st\u00e4ndig, bis sich die M\u00e4anderarme so nahekommen, dass es zu einem Uferdurchbruch f\u00fchrt. Der Flussverlauf wird verk\u00fcrzt und die abgetrennten M\u00e4anderb\u00f6gen verbleiben als Altwasserarme.<\/li><\/ul>\n\n\n\n<ul class=\"wp-block-list\"><li><strong>Verzweigte Fl\u00fcsse<\/strong> kennzeichnen sich durch eine zunehmende Gerinneneigung, variable Transportraten und wechselnde Wasserf\u00fchrung. In einem Wechsel von Erosions- und Akkumulationsphasen entstehen Inseln und Sedimentb\u00e4nke.<\/li><\/ul>\n\n\n\n<ul class=\"wp-block-list\"><li><strong>Anastomosierende Fl\u00fcsse<\/strong> bestehen im Gegensatz zu verzweigten Fl\u00fcssen aus mehreren Gerinnen, die sich verzweigen und wieder vereinigen k\u00f6nnen. Die verbundenen Gerinne werden durch Festgesteine oder stabile Sedimentk\u00f6rper voneinander abgegrenzt.<\/li><\/ul>\n<script type=\"text\/javascript\"> toolTips('.classtoolTips6','<strong>\u00a0<\/strong>Die Sinuosit\u00e4t beschreibt die Intensit\u00e4t von Kurven bei Fl\u00fcssen. Dabei wird das Verh\u00e4ltnis der Gerinnel\u00e4nge zur Tall\u00e4nge berechnet und das Ausma\u00df der Windungen charakterisiert.'); <\/script><script type=\"text\/javascript\"> toolTips('.classtoolTips7','Der Abfluss eines Flie\u00dfgew\u00e4ssers setzt sich aus Oberfl\u00e4chen-, Zwischen- und Grundwasserabfluss zusammen. Der Oberfl\u00e4chenabfluss beschreibt Niederschlags- oder Schneeschmelzwasser, das an der Gel\u00e4ndeoberfl\u00e4che (z. B. \u00fcber Hangfl\u00e4chen) in ein Flie\u00dfgew\u00e4sser gelangt. Beim Zwischenabfluss flie\u00dft der Niederschlag durch die oberen Schichten des Bodens, durchn\u00e4sst den Boden aber nicht und gelangt auch nicht ins Grundwasser. Der Grundwasserabfluss f\u00fchrt einem Flie\u00dfgew\u00e4sser \u00fcber die\u00a0Grundwasserneubildung und horizontale Wasserfl\u00fcsse Wasser zu.'); <\/script><script type=\"text\/javascript\"> toolTips('.classtoolTips8','Beispieltext'); <\/script>","protected":false},"excerpt":{"rendered":"<p>Flie\u00dfgew\u00e4sser weisen verschiedene fluviale Prozesse und Formen (von lat. Fluvius \u201eFluss\u201c bzw. \u201evon Fl\u00fcssen verursacht\u201c) auf. Dabei wird die Vielf\u00e4ltigkeit besonders von der klimatischen Situation beeinflusst. Die Erosion des Flie\u00dfgew\u00e4ssers ist der zentrale Prozess im fluvialen System. Dabei schneiden sich Fl\u00fcsse in Fest- und Lockergestein ein und tragen Gesteine ab. Die Formver\u00e4nderung vollzieht sich im [&hellip;]<\/p>\n","protected":false},"author":3,"featured_media":0,"parent":0,"menu_order":4,"comment_status":"closed","ping_status":"closed","template":"","meta":{"footnotes":""},"class_list":["post-651","page","type-page","status-publish","hentry"],"_links":{"self":[{"href":"https:\/\/www.ikzm-d.de\/fliessgewaesser-und-muell\/wp-json\/wp\/v2\/pages\/651","targetHints":{"allow":["GET"]}}],"collection":[{"href":"https:\/\/www.ikzm-d.de\/fliessgewaesser-und-muell\/wp-json\/wp\/v2\/pages"}],"about":[{"href":"https:\/\/www.ikzm-d.de\/fliessgewaesser-und-muell\/wp-json\/wp\/v2\/types\/page"}],"author":[{"embeddable":true,"href":"https:\/\/www.ikzm-d.de\/fliessgewaesser-und-muell\/wp-json\/wp\/v2\/users\/3"}],"replies":[{"embeddable":true,"href":"https:\/\/www.ikzm-d.de\/fliessgewaesser-und-muell\/wp-json\/wp\/v2\/comments?post=651"}],"version-history":[{"count":21,"href":"https:\/\/www.ikzm-d.de\/fliessgewaesser-und-muell\/wp-json\/wp\/v2\/pages\/651\/revisions"}],"predecessor-version":[{"id":871,"href":"https:\/\/www.ikzm-d.de\/fliessgewaesser-und-muell\/wp-json\/wp\/v2\/pages\/651\/revisions\/871"}],"wp:attachment":[{"href":"https:\/\/www.ikzm-d.de\/fliessgewaesser-und-muell\/wp-json\/wp\/v2\/media?parent=651"}],"curies":[{"name":"wp","href":"https:\/\/api.w.org\/{rel}","templated":true}]}}