{"id":654,"date":"2021-08-23T12:30:17","date_gmt":"2021-08-23T10:30:17","guid":{"rendered":"http:\/\/www.ikzm-d.de\/fliessgewaesser\/?page_id=654"},"modified":"2022-01-27T18:28:23","modified_gmt":"2022-01-27T17:28:23","slug":"fauna-flora-von-fliessgewaessern","status":"publish","type":"page","link":"https:\/\/www.ikzm-d.de\/fliessgewaesser-und-muell\/fauna-flora-von-fliessgewaessern\/","title":{"rendered":"Flora &#038; Fauna"},"content":{"rendered":"\n<p>Ein Flusseinzugsgebiet umfasst nicht nur das Gew\u00e4sser selbst, sondern ebenfalls die zugeh\u00f6rigen Auen. Diese sind nat\u00fcrliche Hochwasserr\u00fcckhalter\u00e4ume und zudem<strong> Lebensraum f\u00fcr Flora und Fauna<\/strong>. Das gesamte Einzugsgebiet eines Flie\u00dfgew\u00e4ssers erf\u00fcllt bedeutende Funktionen im Naturhaushalt. Die damit einhergehende Vielfalt der Lebensr\u00e4ume schafft \u00f6kologische Nischen f\u00fcr spezialisierte Pflanzen- und Tierarten, beispielsweise solche, die \u00fcber Nahrungsnetze miteinander verbunden sind. Unter nat\u00fcrlichen Umst\u00e4nden bilden die Einzugsgebiete der Flie\u00dfgew\u00e4sser die artenreichsten \u00d6kosysteme Mitteleuropas.<\/p>\n\n\n\n<figure class=\"wp-block-gallery aligncenter columns-3 is-cropped wp-block-gallery-1 is-layout-flex wp-block-gallery-is-layout-flex\"><ul class=\"blocks-gallery-grid\"><li class=\"blocks-gallery-item\"><figure><a href=\"http:\/\/www.ikzm-d.de\/fliessgewaesser\/wp-content\/uploads\/sites\/47\/2022\/01\/Leberbluemchen-Franziska-Stoll.jpg\"><img loading=\"lazy\" decoding=\"async\" width=\"1776\" height=\"1180\" src=\"http:\/\/www.ikzm-d.de\/fliessgewaesser\/wp-content\/uploads\/sites\/47\/2022\/01\/Leberbluemchen-Franziska-Stoll.jpg\" alt=\"\" data-id=\"900\" data-full-url=\"http:\/\/www.ikzm-d.de\/fliessgewaesser\/wp-content\/uploads\/sites\/47\/2022\/01\/Leberbluemchen-Franziska-Stoll.jpg\" data-link=\"http:\/\/www.ikzm-d.de\/fliessgewaesser\/leberbluemchen-franziska-stoll\/\" class=\"wp-image-900\"\/><\/a><\/figure><\/li><li class=\"blocks-gallery-item\"><figure><a href=\"http:\/\/www.ikzm-d.de\/fliessgewaesser\/wp-content\/uploads\/sites\/47\/2022\/01\/Spree-Franziska-Stoll.jpg\"><img loading=\"lazy\" decoding=\"async\" width=\"1776\" height=\"1180\" src=\"http:\/\/www.ikzm-d.de\/fliessgewaesser\/wp-content\/uploads\/sites\/47\/2022\/01\/Spree-Franziska-Stoll.jpg\" alt=\"\" data-id=\"908\" data-full-url=\"http:\/\/www.ikzm-d.de\/fliessgewaesser\/wp-content\/uploads\/sites\/47\/2022\/01\/Spree-Franziska-Stoll.jpg\" data-link=\"http:\/\/www.ikzm-d.de\/fliessgewaesser\/spree-franziska-stoll\/\" class=\"wp-image-908\"\/><\/a><\/figure><\/li><li class=\"blocks-gallery-item\"><figure><a href=\"http:\/\/www.ikzm-d.de\/fliessgewaesser\/wp-content\/uploads\/sites\/47\/2022\/01\/Enten-Franziska-Stoll.jpg\"><img loading=\"lazy\" decoding=\"async\" width=\"1776\" height=\"1180\" src=\"http:\/\/www.ikzm-d.de\/fliessgewaesser\/wp-content\/uploads\/sites\/47\/2022\/01\/Enten-Franziska-Stoll.jpg\" alt=\"\" data-id=\"907\" data-full-url=\"http:\/\/www.ikzm-d.de\/fliessgewaesser\/wp-content\/uploads\/sites\/47\/2022\/01\/Enten-Franziska-Stoll.jpg\" data-link=\"http:\/\/www.ikzm-d.de\/fliessgewaesser\/enten-franziska-stoll\/\" class=\"wp-image-907\"\/><\/a><\/figure><\/li><\/ul><figcaption class=\"blocks-gallery-caption\">Flora und Fauna am Fluss | Franziska Stoll, EUCC-D<\/figcaption><\/figure>\n\n\n\n<p><\/p>\n\n\n\n<p>Da eine Menge unterschiedlicher abiotischer Faktoren, also nicht lebende Faktoren wie Klima, Atmosph\u00e4re oder Temperatur an verschiedenen Stellen auf den Lebensraum Flie\u00dfgew\u00e4sser einwirken, besitzen die Gew\u00e4ssertypen jeweils <strong>charakteristische Populationen<\/strong>, die an die vorherrschenden Umweltbedingungen angepasst sind. Die h\u00f6heren Wasserpflanzen, die Algenarten und Mikroorganismen (z.&nbsp;B. Bakterien, Pilze) regulieren den Stoffumsatz in Flie\u00dfgew\u00e4ssern und sind daher sehr wichtig f\u00fcr die Selbstreinigung. Die Algen dienen zudem als Nahrungsquelle f\u00fcr wirbellose Tiere, darunter beispielsweise Wasserinsekten, Krebstiere, Schnecken und Muscheln. Die sind wiederum eine wichtige Nahrungsgrundlage f\u00fcr die heimische Fischfauna. Typische Fischarten eines Flie\u00dfgew\u00e4ssers sind Forellen, \u00c4schen, Barben, Brachsen, Kaulbarsch und Flunder. Gerade im Unterlauf finden sich auch Raubfische wie Hecht, Wels und Rapfen.<\/p>\n\n\n\n<p>Aufgrund der Abflussdynamik und engen Verzahnung der Flie\u00dfgew\u00e4sser mit ihrem Umfeld laufen unter nat\u00fcrlichen Bedingungen st\u00e4ndig Erosions- und Sedimentationsvorg\u00e4nge ab, so dass ein Mosaik an unterschiedlichen Teillebensr\u00e4umen (Kiesb\u00e4nke, Uferabbr\u00fcche, Totholzd\u00e4mme etc.) entsteht. Jeder dieser Kleinlebensr\u00e4ume (Mikrohabitate) besitzt eine spezifische Lebensgemeinschaft. <\/p>\n<script type=\"text\/javascript\"> toolTips('.classtoolTips7','Der Abfluss eines Flie\u00dfgew\u00e4ssers setzt sich aus Oberfl\u00e4chen-, Zwischen- und Grundwasserabfluss zusammen. Der Oberfl\u00e4chenabfluss beschreibt Niederschlags- oder Schneeschmelzwasser, das an der Gel\u00e4ndeoberfl\u00e4che (z. B. \u00fcber Hangfl\u00e4chen) in ein Flie\u00dfgew\u00e4sser gelangt. Beim Zwischenabfluss flie\u00dft der Niederschlag durch die oberen Schichten des Bodens, durchn\u00e4sst den Boden aber nicht und gelangt auch nicht ins Grundwasser. Der Grundwasserabfluss f\u00fchrt einem Flie\u00dfgew\u00e4sser \u00fcber die\u00a0Grundwasserneubildung und horizontale Wasserfl\u00fcsse Wasser zu.'); <\/script><script type=\"text\/javascript\"> toolTips('.classtoolTips8','Beispieltext'); <\/script>","protected":false},"excerpt":{"rendered":"<p>Ein Flusseinzugsgebiet umfasst nicht nur das Gew\u00e4sser selbst, sondern ebenfalls die zugeh\u00f6rigen Auen. Diese sind nat\u00fcrliche Hochwasserr\u00fcckhalter\u00e4ume und zudem Lebensraum f\u00fcr Flora und Fauna. Das gesamte Einzugsgebiet eines Flie\u00dfgew\u00e4ssers erf\u00fcllt bedeutende Funktionen im Naturhaushalt. Die damit einhergehende Vielfalt der Lebensr\u00e4ume schafft \u00f6kologische Nischen f\u00fcr spezialisierte Pflanzen- und Tierarten, beispielsweise solche, die \u00fcber Nahrungsnetze miteinander verbunden [&hellip;]<\/p>\n","protected":false},"author":3,"featured_media":0,"parent":0,"menu_order":5,"comment_status":"closed","ping_status":"closed","template":"","meta":{"footnotes":""},"class_list":["post-654","page","type-page","status-publish","hentry"],"_links":{"self":[{"href":"https:\/\/www.ikzm-d.de\/fliessgewaesser-und-muell\/wp-json\/wp\/v2\/pages\/654","targetHints":{"allow":["GET"]}}],"collection":[{"href":"https:\/\/www.ikzm-d.de\/fliessgewaesser-und-muell\/wp-json\/wp\/v2\/pages"}],"about":[{"href":"https:\/\/www.ikzm-d.de\/fliessgewaesser-und-muell\/wp-json\/wp\/v2\/types\/page"}],"author":[{"embeddable":true,"href":"https:\/\/www.ikzm-d.de\/fliessgewaesser-und-muell\/wp-json\/wp\/v2\/users\/3"}],"replies":[{"embeddable":true,"href":"https:\/\/www.ikzm-d.de\/fliessgewaesser-und-muell\/wp-json\/wp\/v2\/comments?post=654"}],"version-history":[{"count":23,"href":"https:\/\/www.ikzm-d.de\/fliessgewaesser-und-muell\/wp-json\/wp\/v2\/pages\/654\/revisions"}],"predecessor-version":[{"id":925,"href":"https:\/\/www.ikzm-d.de\/fliessgewaesser-und-muell\/wp-json\/wp\/v2\/pages\/654\/revisions\/925"}],"wp:attachment":[{"href":"https:\/\/www.ikzm-d.de\/fliessgewaesser-und-muell\/wp-json\/wp\/v2\/media?parent=654"}],"curies":[{"name":"wp","href":"https:\/\/api.w.org\/{rel}","templated":true}]}}