{"id":657,"date":"2021-08-23T12:30:35","date_gmt":"2021-08-23T10:30:35","guid":{"rendered":"http:\/\/www.ikzm-d.de\/fliessgewaesser\/?page_id=657"},"modified":"2021-11-01T15:41:35","modified_gmt":"2021-11-01T14:41:35","slug":"natuerliche-anthropogene-fliessgewaesser","status":"publish","type":"page","link":"https:\/\/www.ikzm-d.de\/fliessgewaesser-und-muell\/natuerliche-anthropogene-fliessgewaesser\/","title":{"rendered":"Zustand von Flie\u00dfgew\u00e4ssern"},"content":{"rendered":"\n<p>Durch zunehmende Eingriffe des Menschen in das \u00d6kosystem Flie\u00dfgew\u00e4sser werden Gew\u00e4sser gem\u00e4\u00df ihres Zustandes in<\/p>\n\n\n\n<ul class=\"wp-block-list\"><li>nat\u00fcrlich,<\/li><li>naturnah,<\/li><li>wenig naturnah,<\/li><li>naturfern und<\/li><li>naturfremd<\/li><\/ul>\n\n\n\n<p>unterschieden.<\/p>\n\n\n\n<p>Die Flie\u00dfgew\u00e4sser werden also nach dem <strong>Grad der anthropogenen Einfl\u00fcsse<\/strong> differenziert. Anthropogen bedeutet dabei vom Menschen beeinflusst. Anthropogene Gew\u00e4sser sind diejenigen, welche durch Flussbegradigungen, Staud\u00e4mme, landwirtschaftliche Fl\u00e4chen, Infrastruktur, Wohngebiete und viele weitere Eingriffe in ihrer Entwicklung stark beeinflusst wurden. Wie stark ein Gew\u00e4sser von anthropogenen Einfl\u00fcssen betroffen ist, kann beispielsweise anhand der Gew\u00e4sserstrukturg\u00fcte festgemacht werden.<\/p>\n\n\n\n<hr class=\"wp-block-separator\"\/>\n\n\n\n<p>Die <strong>Gew\u00e4sserstrukturg\u00fcte <\/strong>wird anhand verschiedener Komponenten gemessen. Dieser Bewertungsvorgang klassifiziert im Ergebnis den Grad der Abweichung der gegenw\u00e4rtigen Auspr\u00e4gung der Gew\u00e4sserstruktur von einem potenziell nat\u00fcrlichen Zustand.<\/p>\n\n\n\n<p>Die <em>biologische Qualit\u00e4tskomponente<\/em> ist abh\u00e4ngig von<\/p>\n\n\n\n<ul class=\"wp-block-list\"><li>Phytoplankton,<\/li><li>Makrophyten (h\u00f6here Wasserpflanzen),<\/li><li>Phytobenthos (Algen),<\/li><li>Makrozoobenthos (wirbellose Tiere) und<\/li><li>Fischen.<\/li><\/ul>\n\n\n\n<p>Diese sind ma\u00dfgeblich f\u00fcr die Bewertung des \u00f6kologischen Zustandes eines Flie\u00dfgew\u00e4ssers.<\/p>\n\n\n\n<p>Des Weiteren werden <em>hydromorphologische und physikalisch-chemische Qualit\u00e4tskomponenten<\/em> f\u00fcr die Gew\u00e4sserg\u00fcteanalyse herangezogen. Dabei handelt es sich in der <span class='tooltipsall tooltipsincontent classtoolTips2'>Hydromorphologie<\/span> um die Komponenten<\/p>\n\n\n\n<ul class=\"wp-block-list\"><li>Wasserhaushalt (<span class='tooltipsall tooltipsincontent classtoolTips7'>Abfluss<\/span> &amp; Abflussdynamik, Verbindung zu Grundwasserk\u00f6rpern),<\/li><li>Durchg\u00e4ngigkeit und<\/li><li>Morphologie (Tiefen &amp; Breiten, Struktur und Substrat des Flussbetts, Struktur der Uferzone).<\/li><\/ul>\n\n\n\n<p>Bei den physikalisch-chemischen Komponenten sind die Daten<\/p>\n\n\n\n<ul class=\"wp-block-list\"><li>der Temperaturverh\u00e4ltnisse (Wassertemperatur),<\/li><li>des Sauerstoffhaushalts,<\/li><li>des Salzgehalts,<\/li><li>des Versauerungszustands (pH-Wert, S\u00e4urekapazit\u00e4t) und<\/li><li>der N\u00e4hrstoffverh\u00e4ltnisse<\/li><\/ul>\n\n\n\n<p>von Bedeutung.<\/p>\n\n\n\n<p>Die hydromorphologischen und allgemeinen physikalisch-chemischen Qualit\u00e4tskomponenten k\u00f6nnen zur Plausibilisierung der Bewertung anhand der biologischen Qualit\u00e4tskomponenten herangezogen werden. Sie dienen der Erg\u00e4nzung und Unterst\u00fctzung der Interpretation der Ergebnisse f\u00fcr die biologischen Qualit\u00e4tskomponenten, zur Ursachenkl\u00e4rung im Falle m\u00e4\u00dfiger oder schlechterer \u00f6kologischer Zustands- bzw. Potenzialbewertungen, der Ma\u00dfnahmenplanung in Zusammenhang mit den biologischen und hydromorphologischen Qualit\u00e4tskomponenten und der sp\u00e4teren Erfolgskontrolle. <\/p>\n\n\n\n<hr class=\"wp-block-separator\"\/>\n\n\n\n<p>In diesem Zusammenhang kann noch ein weiterer Unterschied zu stehenden Gew\u00e4ssern verdeutlicht werden. In Flie\u00dfgew\u00e4ssern werden beginnend an der Quelle bis hin zur M\u00fcndung <strong>N\u00e4hrstoffe<\/strong> transportiert. Je weiter das Wasser Richtung M\u00fcndung flie\u00dft, desto h\u00f6her wird dabei der N\u00e4hrstoffgehalt. Parallel dazu nimmt auch das Pflanzenwachstum zu. Im Zuge der Photosynthese wandeln die Pflanzen das im Wasser gel\u00f6ste Kohlendioxid zu organischen Stoffen um und geben Sauerstoff ab. Nat\u00fcrlich kann es auch in Flie\u00dfgew\u00e4ssern passieren, dass durch \u00fcbersch\u00fcssige N\u00e4hrstoffe wie D\u00fcnger oder G\u00fclle eine zu hohe Pflanzenproduktion ausgel\u00f6st wird. Das Zersetzen dieser Pflanzen erfordert viele <span class='tooltipsall tooltipsincontent classtoolTips5'>Destruenten<\/span> und dementsprechend mehr Sauerstoff. Der Mangel an Sauerstoff f\u00fchrt langfristig dazu, dass das betroffene Flie\u00dfgew\u00e4sser \u201eumkippt\u201c. Dieser Vorgang nennt sich <strong>Eutrophierung<\/strong> eines Gew\u00e4ssers. Ist dies geschehen, beginnt ein Teufelskreis, in welchem immer mehr Tiere und Pflanzen aufgrund des Sauerstoffmangels verenden, zersetzt werden und dadurch noch mehr Sauerstoff verbraucht wird. <\/p>\n<script type=\"text\/javascript\"> toolTips('.classtoolTips2','Unter Hydromorphologie wird die tats\u00e4chlich vorliegende Gew\u00e4sserstruktur verstanden. Die hydromorphologischen Komponenten nach WRRL sind die Morphologie, also die Form des Gew\u00e4ssers, der Wasserhaushalt und die Durchg\u00e4ngigkeit (UBA 2017: Gew\u00e4sser in Deutschland. Zustand und Bewertung.'); <\/script><script type=\"text\/javascript\"> toolTips('.classtoolTips5','Als Destruenten - auch Zersetzer genannt - werden Pilze und Bakterien bezeichnet, die die tote organische Substanz der Konsumenten oder Produzenten zersetzen.'); <\/script><script type=\"text\/javascript\"> toolTips('.classtoolTips7','Der Abfluss eines Flie\u00dfgew\u00e4ssers setzt sich aus Oberfl\u00e4chen-, Zwischen- und Grundwasserabfluss zusammen. Der Oberfl\u00e4chenabfluss beschreibt Niederschlags- oder Schneeschmelzwasser, das an der Gel\u00e4ndeoberfl\u00e4che (z. B. \u00fcber Hangfl\u00e4chen) in ein Flie\u00dfgew\u00e4sser gelangt. Beim Zwischenabfluss flie\u00dft der Niederschlag durch die oberen Schichten des Bodens, durchn\u00e4sst den Boden aber nicht und gelangt auch nicht ins Grundwasser. Der Grundwasserabfluss f\u00fchrt einem Flie\u00dfgew\u00e4sser \u00fcber die\u00a0Grundwasserneubildung und horizontale Wasserfl\u00fcsse Wasser zu.'); <\/script>","protected":false},"excerpt":{"rendered":"<p>Durch zunehmende Eingriffe des Menschen in das \u00d6kosystem Flie\u00dfgew\u00e4sser werden Gew\u00e4sser gem\u00e4\u00df ihres Zustandes in nat\u00fcrlich, naturnah, wenig naturnah, naturfern und naturfremd unterschieden. Die Flie\u00dfgew\u00e4sser werden also nach dem Grad der anthropogenen Einfl\u00fcsse differenziert. Anthropogen bedeutet dabei vom Menschen beeinflusst. Anthropogene Gew\u00e4sser sind diejenigen, welche durch Flussbegradigungen, Staud\u00e4mme, landwirtschaftliche Fl\u00e4chen, Infrastruktur, Wohngebiete und viele weitere [&hellip;]<\/p>\n","protected":false},"author":3,"featured_media":0,"parent":0,"menu_order":6,"comment_status":"closed","ping_status":"closed","template":"","meta":{"footnotes":""},"class_list":["post-657","page","type-page","status-publish","hentry"],"_links":{"self":[{"href":"https:\/\/www.ikzm-d.de\/fliessgewaesser-und-muell\/wp-json\/wp\/v2\/pages\/657","targetHints":{"allow":["GET"]}}],"collection":[{"href":"https:\/\/www.ikzm-d.de\/fliessgewaesser-und-muell\/wp-json\/wp\/v2\/pages"}],"about":[{"href":"https:\/\/www.ikzm-d.de\/fliessgewaesser-und-muell\/wp-json\/wp\/v2\/types\/page"}],"author":[{"embeddable":true,"href":"https:\/\/www.ikzm-d.de\/fliessgewaesser-und-muell\/wp-json\/wp\/v2\/users\/3"}],"replies":[{"embeddable":true,"href":"https:\/\/www.ikzm-d.de\/fliessgewaesser-und-muell\/wp-json\/wp\/v2\/comments?post=657"}],"version-history":[{"count":5,"href":"https:\/\/www.ikzm-d.de\/fliessgewaesser-und-muell\/wp-json\/wp\/v2\/pages\/657\/revisions"}],"predecessor-version":[{"id":815,"href":"https:\/\/www.ikzm-d.de\/fliessgewaesser-und-muell\/wp-json\/wp\/v2\/pages\/657\/revisions\/815"}],"wp:attachment":[{"href":"https:\/\/www.ikzm-d.de\/fliessgewaesser-und-muell\/wp-json\/wp\/v2\/media?parent=657"}],"curies":[{"name":"wp","href":"https:\/\/api.w.org\/{rel}","templated":true}]}}