{"id":676,"date":"2021-08-23T13:12:05","date_gmt":"2021-08-23T11:12:05","guid":{"rendered":"http:\/\/www.ikzm-d.de\/fliessgewaesser\/?page_id=676"},"modified":"2022-01-27T16:29:58","modified_gmt":"2022-01-27T15:29:58","slug":"flusseinzugsgebiete","status":"publish","type":"page","link":"https:\/\/www.ikzm-d.de\/fliessgewaesser-und-muell\/einfuehrung-und-einteilung-von-fliessgewaessern-in-deutschland\/flusseinzugsgebiete\/","title":{"rendered":"Flusseinzugsgebiete"},"content":{"rendered":"\n<p>Die deutschen <span class='tooltipsall tooltipsincontent classtoolTips1'>Flusseinzugsgebiete<\/span>&nbsp;werden in <strong>f\u00fcnf \u00d6koregionen<\/strong> gegliedert, die sich durch ihre gro\u00dfklimatischen Verh\u00e4ltnisse und durch Verbreitungsmuster der Arten abgrenzen. Diese sind:<\/p>\n\n\n\n<ul class=\"wp-block-list\"><li>das \u201ezentrale Flachland\u201c,<\/li><li>das \u201ewestliche Flachland\u201c,<\/li><li>das \u201ezentrale Mittelgebirge\u201c,<\/li><li>das \u201ewestliche Mittelgebirge\u201c und<\/li><li>die \u201eAlpen\u201c.<\/li><\/ul>\n\n\n\n<p>Die Flie\u00dfstrecke aller Fl\u00fcsse in Deutschland, die ein Einzugsgebiet von \u00fcber 10&nbsp;km<sup>2<\/sup> haben, betr\u00e4gt insgesamt etwa 127.000&nbsp;km.<\/p>\n\n\n\n<p>Das <strong>gro\u00dffl\u00e4chige Netzwerk<\/strong> der Flie\u00dfgew\u00e4sser in ganz Deutschland l\u00e4sst vermuten, wie hoch der Grad der Beeinflussung anderer \u00d6kosysteme, bereits bei kleinsten Ver\u00e4nderungen in einem spezifischen Flie\u00dfgew\u00e4sser, ausf\u00e4llt. Die st\u00e4ndige Bewegung sorgt f\u00fcr einen durchg\u00e4ngigen Transport aller Stoffe und Ressourcen, welche \u00fcber die Zeit in ein Flie\u00dfgew\u00e4sser gelangt sind. Daher hat die falsche Entsorgung von M\u00fcll und Schadstoffen im Einzugsgebiet eines Flie\u00dfgew\u00e4ssers nicht nur f\u00fcr eben dieses Flie\u00dfgew\u00e4sser negative Folgen, sondern auch f\u00fcr alle weiteren Einzugsgebiete, welche durch die Flie\u00dfbewegung \u201epassiert\u201c werden. Besonders stark betroffen sind hierbei die Meere, in die die Flie\u00dfgew\u00e4sser m\u00fcnden. Unmengen an M\u00fcll und Schadstoffen, die in ein Flie\u00dfgew\u00e4sser gelangen und dieses bis zur M\u00fcndung nicht wieder verlassen, werden im Meer \u201egesammelt\u201c und sorgen dort f\u00fcr Sch\u00e4digungen oder sogar Zerst\u00f6rung von Lebensformen und (Teil-)\u00d6kosystemen.<\/p>\n\n\n\n<hr class=\"wp-block-separator\"\/>\n\n\n\n<p><em>Eine weitere Unterteilung nach Flussgebietseinheiten geht von zehn gro\u00dfen Flie\u00dfgew\u00e4ssern in Deutschland aus. Eine \u00dcbersicht mit Steckbriefen finden Sie <a rel=\"noreferrer noopener\" href=\"https:\/\/www.umweltbundesamt.de\/steckbriefe-zu-den-flussgebietseinheiten\" target=\"_blank\">hier<\/a>.<\/em><\/p>\n<script type=\"text\/javascript\"> toolTips('.classtoolTips1','Das Flusseinzugsgebiet entw\u00e4ssert in den jeweiligen Fluss durch den Oberfl\u00e4chenabfluss, Zwischenabfluss und Grundwasserabfluss. Dieses Gebiet wird durch die Wasserscheide von anderen Einzugsgebieten abgegrenzt. Die Wasserscheide grenzt das Einzugsgebiet eines Flusses ab. Dabei wird das dem Fluss gelieferte Wasser betrachtet. Oberirdisch wird die Grenze durch das Relief gezogen (z. B durch Berge); unterirdisch ist die Wasserscheide abh\u00e4ngig von den Gesteinsschichten.'); <\/script>","protected":false},"excerpt":{"rendered":"<p>Die deutschen Flusseinzugsgebiete&nbsp;werden in f\u00fcnf \u00d6koregionen gegliedert, die sich durch ihre gro\u00dfklimatischen Verh\u00e4ltnisse und durch Verbreitungsmuster der Arten abgrenzen. Diese sind: das \u201ezentrale Flachland\u201c, das \u201ewestliche Flachland\u201c, das \u201ezentrale Mittelgebirge\u201c, das \u201ewestliche Mittelgebirge\u201c und die \u201eAlpen\u201c. Die Flie\u00dfstrecke aller Fl\u00fcsse in Deutschland, die ein Einzugsgebiet von \u00fcber 10&nbsp;km2 haben, betr\u00e4gt insgesamt etwa 127.000&nbsp;km. Das gro\u00dffl\u00e4chige [&hellip;]<\/p>\n","protected":false},"author":3,"featured_media":0,"parent":648,"menu_order":2,"comment_status":"closed","ping_status":"closed","template":"","meta":{"footnotes":""},"class_list":["post-676","page","type-page","status-publish","hentry"],"_links":{"self":[{"href":"https:\/\/www.ikzm-d.de\/fliessgewaesser-und-muell\/wp-json\/wp\/v2\/pages\/676","targetHints":{"allow":["GET"]}}],"collection":[{"href":"https:\/\/www.ikzm-d.de\/fliessgewaesser-und-muell\/wp-json\/wp\/v2\/pages"}],"about":[{"href":"https:\/\/www.ikzm-d.de\/fliessgewaesser-und-muell\/wp-json\/wp\/v2\/types\/page"}],"author":[{"embeddable":true,"href":"https:\/\/www.ikzm-d.de\/fliessgewaesser-und-muell\/wp-json\/wp\/v2\/users\/3"}],"replies":[{"embeddable":true,"href":"https:\/\/www.ikzm-d.de\/fliessgewaesser-und-muell\/wp-json\/wp\/v2\/comments?post=676"}],"version-history":[{"count":10,"href":"https:\/\/www.ikzm-d.de\/fliessgewaesser-und-muell\/wp-json\/wp\/v2\/pages\/676\/revisions"}],"predecessor-version":[{"id":849,"href":"https:\/\/www.ikzm-d.de\/fliessgewaesser-und-muell\/wp-json\/wp\/v2\/pages\/676\/revisions\/849"}],"up":[{"embeddable":true,"href":"https:\/\/www.ikzm-d.de\/fliessgewaesser-und-muell\/wp-json\/wp\/v2\/pages\/648"}],"wp:attachment":[{"href":"https:\/\/www.ikzm-d.de\/fliessgewaesser-und-muell\/wp-json\/wp\/v2\/media?parent=676"}],"curies":[{"name":"wp","href":"https:\/\/api.w.org\/{rel}","templated":true}]}}