{"id":683,"date":"2021-08-23T13:14:55","date_gmt":"2021-08-23T11:14:55","guid":{"rendered":"http:\/\/www.ikzm-d.de\/fliessgewaesser\/?page_id=683"},"modified":"2021-11-01T15:40:11","modified_gmt":"2021-11-01T14:40:11","slug":"ober-mittel-und-unterlauf-von-fluessen","status":"publish","type":"page","link":"https:\/\/www.ikzm-d.de\/fliessgewaesser-und-muell\/einfuehrung-und-einteilung-von-fliessgewaessern-in-deutschland\/ober-mittel-und-unterlauf-von-fluessen\/","title":{"rendered":"Einteilung"},"content":{"rendered":"\n<p>Flie\u00dfgew\u00e4sser werden in Ober-, Mittel- und Unterlauf unterteilt.<\/p>\n\n\n\n<p>Der <strong>Oberlauf<\/strong> beschreibt den Quellbach. Dort hat das Wasser eine hohe Flie\u00dfgeschwindigkeit, eine niedrige Temperatur und ist sehr sauerstoffreich. Dieser Bereich ist ein besonders beliebter Lebensraum f\u00fcr Forellen und wird daher auch als <em>Forellenregion<\/em> betitelt.<\/p>\n\n\n\n<p>Der Mittel- und Unterlauf fasst bereits den Flussbereich zusammen. Dabei werden die einzelnen Etappen des Mittel- und Unterlaufs ebenfalls nach Leitfischregionen, in denen bestimmte f\u00fcr diese Zonen charakteristische Fischarten vorkommen, gegliedert. Innerhalb des <strong>Mittellauf<\/strong>s wird daher nach <em>\u00c4schen- und Barbenregion<\/em> unterschieden. Erstere bezieht sich auf langsamer flie\u00dfende Flussabschnitte mit \u00fcberschaubarem Pflanzenbewuchs und einem hohen Vorkommen an \u00c4schen. Diese stehen in ihrer Funktion als Zeigerart f\u00fcr klares, k\u00fchleres Wasser mit nach wie vor starken Str\u00f6mungen und einem hohen Sauerstoffgehalt. Die <em>Barbenregion<\/em> fasst ebenfalls langsamer flie\u00dfende Gew\u00e4sserabschnitte zusammen, jedoch zeichnen sich diese durch eine deutlich w\u00e4rmere Wassertemperatur, einen ausgepr\u00e4gten Pflanzenbewuchs und ein hohes Vorkommen der Barben aus.<\/p>\n\n\n\n<p>Die erste Etappe des <strong>Unterlauf<\/strong>s ist die <em>Brachsenregion<\/em>. Dort steigen die Temperaturen im Sommer auf mehr als 20\u00b0&nbsp;C und die Wasserstr\u00f6mungen fallen gering aus. Sie zeichnet sich durch ein hohes Artenreichtum hinsichtlich der Fauna und Flora aus und wird vorrangig durch das Aufkommen der Brachse charakterisiert. Zuletzt vermischen sich im M\u00fcndungsbereich des Flie\u00dfgew\u00e4ssers S\u00fc\u00df- und Salzwasser miteinander und es kommt zu einer niedrigen Flie\u00dfgeschwindigkeit. Diese Etappe des Unterlaufs wird auch <em>Kaulbarsch-Flunderregion<\/em> genannt.<\/p>\n","protected":false},"excerpt":{"rendered":"<p>Flie\u00dfgew\u00e4sser werden in Ober-, Mittel- und Unterlauf unterteilt. Der Oberlauf beschreibt den Quellbach. Dort hat das Wasser eine hohe Flie\u00dfgeschwindigkeit, eine niedrige Temperatur und ist sehr sauerstoffreich. Dieser Bereich ist ein besonders beliebter Lebensraum f\u00fcr Forellen und wird daher auch als Forellenregion betitelt. Der Mittel- und Unterlauf fasst bereits den Flussbereich zusammen. Dabei werden die [&hellip;]<\/p>\n","protected":false},"author":3,"featured_media":0,"parent":648,"menu_order":1,"comment_status":"closed","ping_status":"closed","template":"","meta":{"footnotes":""},"class_list":["post-683","page","type-page","status-publish","hentry"],"_links":{"self":[{"href":"https:\/\/www.ikzm-d.de\/fliessgewaesser-und-muell\/wp-json\/wp\/v2\/pages\/683","targetHints":{"allow":["GET"]}}],"collection":[{"href":"https:\/\/www.ikzm-d.de\/fliessgewaesser-und-muell\/wp-json\/wp\/v2\/pages"}],"about":[{"href":"https:\/\/www.ikzm-d.de\/fliessgewaesser-und-muell\/wp-json\/wp\/v2\/types\/page"}],"author":[{"embeddable":true,"href":"https:\/\/www.ikzm-d.de\/fliessgewaesser-und-muell\/wp-json\/wp\/v2\/users\/3"}],"replies":[{"embeddable":true,"href":"https:\/\/www.ikzm-d.de\/fliessgewaesser-und-muell\/wp-json\/wp\/v2\/comments?post=683"}],"version-history":[{"count":7,"href":"https:\/\/www.ikzm-d.de\/fliessgewaesser-und-muell\/wp-json\/wp\/v2\/pages\/683\/revisions"}],"predecessor-version":[{"id":811,"href":"https:\/\/www.ikzm-d.de\/fliessgewaesser-und-muell\/wp-json\/wp\/v2\/pages\/683\/revisions\/811"}],"up":[{"embeddable":true,"href":"https:\/\/www.ikzm-d.de\/fliessgewaesser-und-muell\/wp-json\/wp\/v2\/pages\/648"}],"wp:attachment":[{"href":"https:\/\/www.ikzm-d.de\/fliessgewaesser-und-muell\/wp-json\/wp\/v2\/media?parent=683"}],"curies":[{"name":"wp","href":"https:\/\/api.w.org\/{rel}","templated":true}]}}