{"id":723,"date":"2021-08-25T09:23:54","date_gmt":"2021-08-25T07:23:54","guid":{"rendered":"http:\/\/www.ikzm-d.de\/fliessgewaesser\/?page_id=723"},"modified":"2021-11-01T15:37:14","modified_gmt":"2021-11-01T14:37:14","slug":"quellenverzeichnis","status":"publish","type":"page","link":"https:\/\/www.ikzm-d.de\/fliessgewaesser-und-muell\/quellenverzeichnis\/","title":{"rendered":"Quellenverzeichnis"},"content":{"rendered":"\n<p>BUNDESMINISTERIUM F\u00dcR UMWELT, NATURSCHUTZ UND NUKLEARE SICHERHEIT (BMU) (2016). Die <span class='tooltipsall tooltipsincontent classtoolTips0'>Wasserrahmenrichtlinie<\/span> \u2013 Deutschlands Gew\u00e4sser 2015. 148 Seiten. (<a rel=\"noreferrer noopener\" href=\"https:\/\/www.umweltbundesamt.de\/sites\/default\/files\/medien\/1968\/publikationen\/final_broschure_wasserrahm_enrichtlinie_bf_112116.pdf\" target=\"_blank\">PDF-Datei<\/a>)&nbsp;<\/p>\n\n\n\n<p>BUNDESMINISTERIUM F\u00dcR UMWELT, NATURSCHUTZ UND NUKLEARE SICHERHEIT (BMU) (2017): Zustand der Oberfl\u00e4chengew\u00e4sser.<\/p>\n\n\n\n<p>BUNDESMINISTERIUM F\u00dcR UMWELT, NATURSCHUTZ UND NUKLEARE SICHERHEIT (BMU) (2011): Die Europ\u00e4ische <span class='tooltipsall tooltipsincontent classtoolTips0'>Wasserrahmenrichtlinie<\/span> und ihre Umsetzung in Deutschland. <\/p>\n\n\n\n<p>BUND F\u00dcR UMWELT UND NATURSCHUTZ DEUTSCHLAND e.V. (BUND): Eine zunehmende Gefahr: Mikroschadstoffe in unseren Fl\u00fcssen und Gew\u00e4ssern.<\/p>\n\n\n\n<p>DIKAU, R.; EIBISCH, K.; EICHEL, J.; SCHLUMMER-HELD, M. (2019): Geomorphologie. Springer Spektrum; 501 Seiten.<\/p>\n\n\n\n<p>HEINRICH-B\u00d6LL-STIFTUNG (2020): Der Plastikatlas. 5. Auflage, 52 Seiten. (<a href=\"https:\/\/www.boell.de\/sites\/default\/files\/2021-09\/Plastikatlas%202019%206.Auflage%20web.pdf?dimension1=ds_plastikatlas\" target=\"_blank\" rel=\"noreferrer noopener\">PDF-Datei<\/a>)<\/p>\n\n\n\n<p>MINISTERIUM F\u00dcR LANDWIRTSCHAFT, UMWELT UND L\u00c4NDLICHE R\u00c4UME DES LANDES SCHLESWIG-HOLSTEIN (o.J.): Erl\u00e4uterungen zur Umsetzung der <span class='tooltipsall tooltipsincontent classtoolTips0'>Wasserrahmenrichtlinie<\/span> in Schleswig-Holstein Regeneration von Flie\u00dfgew\u00e4ssern, 96 Seiten. (<a href=\"https:\/\/www.schleswig-holstein.de\/DE\/Fachinhalte\/W\/wasserrahmenrichtlinie\/Downloads\/Erlaeuterungen\/RegenerationFliessgewaesser.pdf?__blob=publicationFile&amp;v=2\" target=\"_blank\" rel=\"noreferrer noopener\">PDF-Datei<\/a>)<\/p>\n\n\n\n<p>NATURSCHUTZBUND DEUTSCHLAND e.&nbsp;V. (NABU) (2010): Lebensraum Flie\u00dfgew\u00e4sser. 36 Seiten.<\/p>\n\n\n\n<p>SCHEFFER\/SCHACHTSCHABEL (2018): Lehrbuch der Bodenkunde, 17., \u00fcberarb. u. erg. Aufl. 2018, 772 Seiten.<\/p>\n\n\n\n<p>UMWELTBUNDESAMT (UBA) 2017: Gew\u00e4sser in Deutschland. Zustand und Bewertung. 132 Seiten.<\/p>\n\n\n\n<p>UMWELTBUNDESAMT (UBA) 2015: Nutzung und Belastungen. <\/p>\n\n\n\n<p>UMWELTBUNDESAMT (UBA) 2017: \u00d6kologischer Zustand der Flie\u00dfgew\u00e4sser. www.umweltbundesamt.de -> Themen -> Wasser -> Gew\u00e4sser -> Fl\u00fcsse<\/p>\n<script type=\"text\/javascript\"> toolTips('.classtoolTips0','Die Wasserrahmenrichtlinie der Europ\u00e4ischen Gemeinschaft (WRRL) koordiniert die Bewirtschaftung der Gew\u00e4sser in Europa, vor allem \u00fcber Staats- und L\u00e4ndergrenzen hinaus. Dabei wird eine Harmonisierung des Gew\u00e4sserschutzes innerhalb der Gemeinschaft sowie die Verbesserung des Zustands der Gew\u00e4sser angestrebt. Die WRRL ist 2000 in Kraft getreten. (BMU 2011: Die Europ\u00e4ische Wasserrahmenrichtlinie und ihre Umsetzung in Deutschland).'); <\/script>","protected":false},"excerpt":{"rendered":"<p>BUNDESMINISTERIUM F\u00dcR UMWELT, NATURSCHUTZ UND NUKLEARE SICHERHEIT (BMU) (2016). Die Wasserrahmenrichtlinie \u2013 Deutschlands Gew\u00e4sser 2015. 148 Seiten. (PDF-Datei)&nbsp; BUNDESMINISTERIUM F\u00dcR UMWELT, NATURSCHUTZ UND NUKLEARE SICHERHEIT (BMU) (2017): Zustand der Oberfl\u00e4chengew\u00e4sser. BUNDESMINISTERIUM F\u00dcR UMWELT, NATURSCHUTZ UND NUKLEARE SICHERHEIT (BMU) (2011): Die Europ\u00e4ische Wasserrahmenrichtlinie und ihre Umsetzung in Deutschland. BUND F\u00dcR UMWELT UND NATURSCHUTZ DEUTSCHLAND e.V. (BUND): [&hellip;]<\/p>\n","protected":false},"author":3,"featured_media":0,"parent":0,"menu_order":8,"comment_status":"closed","ping_status":"closed","template":"","meta":{"footnotes":""},"class_list":["post-723","page","type-page","status-publish","hentry"],"_links":{"self":[{"href":"https:\/\/www.ikzm-d.de\/fliessgewaesser-und-muell\/wp-json\/wp\/v2\/pages\/723","targetHints":{"allow":["GET"]}}],"collection":[{"href":"https:\/\/www.ikzm-d.de\/fliessgewaesser-und-muell\/wp-json\/wp\/v2\/pages"}],"about":[{"href":"https:\/\/www.ikzm-d.de\/fliessgewaesser-und-muell\/wp-json\/wp\/v2\/types\/page"}],"author":[{"embeddable":true,"href":"https:\/\/www.ikzm-d.de\/fliessgewaesser-und-muell\/wp-json\/wp\/v2\/users\/3"}],"replies":[{"embeddable":true,"href":"https:\/\/www.ikzm-d.de\/fliessgewaesser-und-muell\/wp-json\/wp\/v2\/comments?post=723"}],"version-history":[{"count":5,"href":"https:\/\/www.ikzm-d.de\/fliessgewaesser-und-muell\/wp-json\/wp\/v2\/pages\/723\/revisions"}],"predecessor-version":[{"id":807,"href":"https:\/\/www.ikzm-d.de\/fliessgewaesser-und-muell\/wp-json\/wp\/v2\/pages\/723\/revisions\/807"}],"wp:attachment":[{"href":"https:\/\/www.ikzm-d.de\/fliessgewaesser-und-muell\/wp-json\/wp\/v2\/media?parent=723"}],"curies":[{"name":"wp","href":"https:\/\/api.w.org\/{rel}","templated":true}]}}