{"id":127,"date":"2018-02-20T11:04:35","date_gmt":"2018-02-20T10:04:35","guid":{"rendered":"http:\/\/www.ikzm-d.de\/kliwakom\/?page_id=127"},"modified":"2018-12-17T13:42:28","modified_gmt":"2018-12-17T12:42:28","slug":"was-ist-klimawandel","status":"publish","type":"page","link":"https:\/\/www.ikzm-d.de\/klimawandel\/die-grundlagen\/was-ist-klimawandel\/","title":{"rendered":"Was ist Klimawandel?"},"content":{"rendered":"<p>Laut Weltorganisation f\u00fcr Meteorologie (englisch: World Meteorological Organization, WMO) ist das<strong> <span style=\"color: #808080;\">Klima<\/span><\/strong> die langfristige Statistik des Wetters, die statistische Eigenschaften aufzeigt. Das Klima bezeichnet also\u00a0meteorologische Vorg\u00e4nge in der Erdatmosph\u00e4re, die \u00fcber einen Zeitraum von mindestens 30 Jahren wirken. Der Begriff <strong><span style=\"color: #808080;\">Klimawandel <\/span><\/strong>bezieht sich auf die Ver\u00e4nderung dieses Klimas. Die Ursachen f\u00fcr den Wandel k\u00f6nnen auf nat\u00fcrliche oder durch Menschen verursachte Einfl\u00fcsse zur\u00fcckgef\u00fchrt werden.<\/p>\n<div class=\"infotext info\"><\/p>\n<p><strong>Wetter und Witterung<\/strong><\/p>\n<p>Im Gegensatz zum Klima beschreibt das <strong><span style=\"color: #808080;\">Wetter <\/span><\/strong>einen kurzfristigen Zustand (1 Stunde \u2013 1 Tag), den wir zu einer bestimmten Zeit an einem bestimmten Ort erleben. Die <strong><span style=\"color: #808080;\">Witterung<\/span><\/strong> beschreibt genau dieses \u00fcber einen Zeitraum von mehreren Tagen oder einer Jahreszeit.<\/p>\n<p>Video: <a href=\"https:\/\/www.youtube.com\/watch?v=TxuFxwa9ARg\">Unterschied Klima &#8211; Wetter<\/a><\/p>\n<p><\/div>\n","protected":false},"excerpt":{"rendered":"<p>Laut Weltorganisation f\u00fcr Meteorologie (englisch: World Meteorological Organization, WMO) ist das Klima die langfristige Statistik des Wetters, die statistische Eigenschaften aufzeigt. Das Klima bezeichnet also\u00a0meteorologische Vorg\u00e4nge in der Erdatmosph\u00e4re, die \u00fcber einen Zeitraum von mindestens 30 Jahren wirken. Der Begriff Klimawandel bezieht sich auf die Ver\u00e4nderung dieses Klimas. Die Ursachen f\u00fcr den Wandel k\u00f6nnen auf [&hellip;]<\/p>\n","protected":false},"author":3,"featured_media":0,"parent":124,"menu_order":2,"comment_status":"closed","ping_status":"closed","template":"","meta":{"footnotes":""},"class_list":["post-127","page","type-page","status-publish","hentry"],"_links":{"self":[{"href":"https:\/\/www.ikzm-d.de\/klimawandel\/wp-json\/wp\/v2\/pages\/127","targetHints":{"allow":["GET"]}}],"collection":[{"href":"https:\/\/www.ikzm-d.de\/klimawandel\/wp-json\/wp\/v2\/pages"}],"about":[{"href":"https:\/\/www.ikzm-d.de\/klimawandel\/wp-json\/wp\/v2\/types\/page"}],"author":[{"embeddable":true,"href":"https:\/\/www.ikzm-d.de\/klimawandel\/wp-json\/wp\/v2\/users\/3"}],"replies":[{"embeddable":true,"href":"https:\/\/www.ikzm-d.de\/klimawandel\/wp-json\/wp\/v2\/comments?post=127"}],"version-history":[{"count":11,"href":"https:\/\/www.ikzm-d.de\/klimawandel\/wp-json\/wp\/v2\/pages\/127\/revisions"}],"predecessor-version":[{"id":499,"href":"https:\/\/www.ikzm-d.de\/klimawandel\/wp-json\/wp\/v2\/pages\/127\/revisions\/499"}],"up":[{"embeddable":true,"href":"https:\/\/www.ikzm-d.de\/klimawandel\/wp-json\/wp\/v2\/pages\/124"}],"wp:attachment":[{"href":"https:\/\/www.ikzm-d.de\/klimawandel\/wp-json\/wp\/v2\/media?parent=127"}],"curies":[{"name":"wp","href":"https:\/\/api.w.org\/{rel}","templated":true}]}}