{"id":129,"date":"2018-02-20T11:07:41","date_gmt":"2018-02-20T10:07:41","guid":{"rendered":"http:\/\/www.ikzm-d.de\/kliwakom\/?page_id=129"},"modified":"2018-12-17T13:43:23","modified_gmt":"2018-12-17T12:43:23","slug":"warum-veraendert-sich-das-klima","status":"publish","type":"page","link":"https:\/\/www.ikzm-d.de\/klimawandel\/die-grundlagen\/warum-veraendert-sich-das-klima\/","title":{"rendered":"Warum ver\u00e4ndert sich das Klima?"},"content":{"rendered":"<p>Klimaver\u00e4nderungen gibt es bereits seit Beginn der Erdgeschichte. <span style=\"color: #808080;\"><strong>Nat\u00fcrliche Ursachen<\/strong><\/span> daf\u00fcr k\u00f6nnen z.B. Schwankungen der Sonneneinstrahlungen, Prozesse der Plattentektonik einschlie\u00dflich Vulkanausbr\u00fcchen und Wechselwirkungen in den Subsystemen (Atmosph\u00e4re, Ozean, Biosph\u00e4re etc.) sein.<\/p>\n<p>Die Ver\u00e4nderungen, die wir im 20.\/ 21. Jahrhundert ausmachen, vollziehen sich allerdings schneller und intensiver. Dies kann zur\u00fcckgef\u00fchrt werden auf die zus\u00e4tzlichen <span style=\"color: #808080;\"><strong>anthropogenen<\/strong> <\/span>(durch Menschen verursachten) <span style=\"color: #808080;\"><strong>Einfl\u00fcsse<\/strong><\/span>. Diese entstehen zum einen durch die Verbrennung von fossilen Brennstoffen (z.B. Kohle, Erd\u00f6l, Erdgas) und zum anderen durch ver\u00e4nderte Landnutzung. Die dabei freigesetzten Treibhausgase k\u00f6nnen durch Abholzung, Aufforstung und Versiegelung der Oberfl\u00e4chen nicht mehr aufgenommen werden und bleiben ungebunden in der Atmosph\u00e4re. Kohlenstoffdioxid bleibt beispielweise 50 bis 200 Jahre in der Atmosph\u00e4re, bevor es vom Boden oder den Ozeanen wieder aufgenommen und gebunden wird.<\/p>\n<p>Der<span style=\"color: #808080;\"><strong> Treibhauseffekt<\/strong><\/span> ist ein nat\u00fcrlicher Prozess, der durch die vermehrte Freisetzung von Treibhausgasen seitens des Menschen verst\u00e4rkt wird (= anthropogen verst\u00e4rkter Treibhauseffekt). Dabei geht es um die Wirkung von Treibhausgasen in der Atmosph\u00e4re auf die Temperatur am Boden. Der Erw\u00e4rmung der Temperatur entsteht dadurch, dass die Atmosph\u00e4re nahezu transparent f\u00fcr die von der Sonne ankommende kurzwellige Strahlung ist, jedoch wenig transparent f\u00fcr die langwellige Infrarotstrahlung ist, die von der warmen Erdoberfl\u00e4che und der erw\u00e4rmten Luft ausgesto\u00dfen wird. Der Gro\u00dfteil des Treibhauseffekts wird mit einem Anteil von ca. 36-70 % durch Wasserdampf in der Atmosph\u00e4re verursacht. Kohlenstoffdioxid tr\u00e4gt ca. 9-26 % zum Treibhauseffekt bei, Methan ca. 4-9 %, und Ozon ca. 3-7 %.<\/p>\n<figure id=\"attachment_268\" aria-describedby=\"caption-attachment-268\" style=\"width: 480px\" class=\"wp-caption aligncenter\"><img loading=\"lazy\" decoding=\"async\" class=\" wp-image-268\" src=\"http:\/\/www.ikzm-d.de\/kliwakom\/wp-content\/uploads\/sites\/14\/2018\/03\/Treibhauseffekt-600x450.jpg\" alt=\"\" width=\"480\" height=\"360\" srcset=\"https:\/\/www.ikzm-d.de\/klimawandel\/wp-content\/uploads\/sites\/14\/2018\/03\/Treibhauseffekt-600x450.jpg 600w, https:\/\/www.ikzm-d.de\/klimawandel\/wp-content\/uploads\/sites\/14\/2018\/03\/Treibhauseffekt-400x300.jpg 400w, https:\/\/www.ikzm-d.de\/klimawandel\/wp-content\/uploads\/sites\/14\/2018\/03\/Treibhauseffekt-768x576.jpg 768w, https:\/\/www.ikzm-d.de\/klimawandel\/wp-content\/uploads\/sites\/14\/2018\/03\/Treibhauseffekt.jpg 960w\" sizes=\"auto, (max-width: 480px) 100vw, 480px\" \/><figcaption id=\"caption-attachment-268\" class=\"wp-caption-text\">Grafik 1: Der Treibhauseffekt<\/figcaption><\/figure>\n<table class=\" alignleft\">\n<tbody>\n<tr>\n<td style=\"text-align: center;\"><strong>Beispiele anthropogener <\/strong><strong>Einfl\u00fcsse:<\/strong><\/td>\n<td style=\"text-align: center;\"><strong>\u00a0 \u00a0 alle Treibhausgase:<\/strong><\/td>\n<\/tr>\n<tr>\n<td>\n<ul>\n<li>Stra\u00dfenverkehr<\/li>\n<li>Flugverkehr<\/li>\n<li>D\u00fcngung<\/li>\n<li>Viehhaltung<\/li>\n<li>Brandrodung<\/li>\n<li>Verbrennung<\/li>\n<\/ul>\n<\/td>\n<td>\n<ul>\n<li>Kohlenstoffdioxid<\/li>\n<li>Methan<\/li>\n<li>Distickstoffmonoxid (Lachgas)<\/li>\n<li>Fluorkohlenstoffe<\/li>\n<li>Schwefelhexafluorid<\/li>\n<li>Stickstofftrifluorid<\/li>\n<\/ul>\n<\/td>\n<\/tr>\n<\/tbody>\n<\/table>\n<p><span style=\"color: #ff0000;\">\u00a0<\/span><\/p>\n","protected":false},"excerpt":{"rendered":"<p>Klimaver\u00e4nderungen gibt es bereits seit Beginn der Erdgeschichte. Nat\u00fcrliche Ursachen daf\u00fcr k\u00f6nnen z.B. Schwankungen der Sonneneinstrahlungen, Prozesse der Plattentektonik einschlie\u00dflich Vulkanausbr\u00fcchen und Wechselwirkungen in den Subsystemen (Atmosph\u00e4re, Ozean, Biosph\u00e4re etc.) sein. Die Ver\u00e4nderungen, die wir im 20.\/ 21. Jahrhundert ausmachen, vollziehen sich allerdings schneller und intensiver. Dies kann zur\u00fcckgef\u00fchrt werden auf die zus\u00e4tzlichen anthropogenen (durch [&hellip;]<\/p>\n","protected":false},"author":3,"featured_media":0,"parent":124,"menu_order":3,"comment_status":"closed","ping_status":"closed","template":"","meta":{"footnotes":""},"class_list":["post-129","page","type-page","status-publish","hentry"],"_links":{"self":[{"href":"https:\/\/www.ikzm-d.de\/klimawandel\/wp-json\/wp\/v2\/pages\/129","targetHints":{"allow":["GET"]}}],"collection":[{"href":"https:\/\/www.ikzm-d.de\/klimawandel\/wp-json\/wp\/v2\/pages"}],"about":[{"href":"https:\/\/www.ikzm-d.de\/klimawandel\/wp-json\/wp\/v2\/types\/page"}],"author":[{"embeddable":true,"href":"https:\/\/www.ikzm-d.de\/klimawandel\/wp-json\/wp\/v2\/users\/3"}],"replies":[{"embeddable":true,"href":"https:\/\/www.ikzm-d.de\/klimawandel\/wp-json\/wp\/v2\/comments?post=129"}],"version-history":[{"count":25,"href":"https:\/\/www.ikzm-d.de\/klimawandel\/wp-json\/wp\/v2\/pages\/129\/revisions"}],"predecessor-version":[{"id":500,"href":"https:\/\/www.ikzm-d.de\/klimawandel\/wp-json\/wp\/v2\/pages\/129\/revisions\/500"}],"up":[{"embeddable":true,"href":"https:\/\/www.ikzm-d.de\/klimawandel\/wp-json\/wp\/v2\/pages\/124"}],"wp:attachment":[{"href":"https:\/\/www.ikzm-d.de\/klimawandel\/wp-json\/wp\/v2\/media?parent=129"}],"curies":[{"name":"wp","href":"https:\/\/api.w.org\/{rel}","templated":true}]}}