{"id":131,"date":"2018-02-20T11:09:41","date_gmt":"2018-02-20T10:09:41","guid":{"rendered":"http:\/\/www.ikzm-d.de\/kliwakom\/?page_id=131"},"modified":"2018-12-17T13:44:02","modified_gmt":"2018-12-17T12:44:02","slug":"klimawandelauswirkungen","status":"publish","type":"page","link":"https:\/\/www.ikzm-d.de\/klimawandel\/die-grundlagen\/klimawandelauswirkungen\/","title":{"rendered":"Klimawandelauswirkungen"},"content":{"rendered":"<p>Laut WMO erh\u00f6hen sich die globalen Temperaturen weiterhin um<span style=\"color: #808080;\"><strong> 0,1 \u00b0C bis 0,2 \u00b0C pro Jahrzehnt<\/strong><\/span>. Schon jetzt sind die Auswirkungen des Temperaturanstiegs sp\u00fcrbar: Neben<span style=\"color: #808080;\"> <strong>erh\u00f6hten Temperaturen<\/strong> <\/span>kommt es zu <span style=\"color: #808080;\"><strong>ver\u00e4nderten Niederschl\u00e4gen<\/strong><\/span> und <span style=\"color: #808080;\"><strong>h\u00e4ufigeren und extremeren Naturereignissen<\/strong><\/span>, wie z.B. Sturmfluten, Hochwasser und Hitzewellen.<\/p>\n<p>Der Klimawandel und die damit einhergehenden Ver\u00e4nderungen von Temperatur, Niederschlag etc. ziehen <span style=\"color: #808080;\"><strong>direkt oder indirekt sp\u00fcrbare Folgen<\/strong> <\/span>nach sich. Hitzewellen weltweit k\u00f6nnen die Gesundheit von Menschen und Tieren belasten (z.B. Hitzeschlag, Verschlechterung von Vorerkrankungen). Insbesondere die \u00e4ltere Bev\u00f6lkerung ist durch Dehydrierung gef\u00e4hrdet. L\u00e4nger anhaltende Hitzewellen \u00fcbersteigen die Anpassungsf\u00e4higkeit der Menschen und f\u00fchren oftmals zur \u00dcberlastung der Infrastruktur (z.B. Krankenh\u00e4user).<\/p>\n<figure id=\"attachment_246\" aria-describedby=\"caption-attachment-246\" style=\"width: 1024px\" class=\"wp-caption aligncenter\"><img loading=\"lazy\" decoding=\"async\" class=\"wp-image-246 size-full\" src=\"http:\/\/www.ikzm-d.de\/kliwakom\/wp-content\/uploads\/sites\/14\/2018\/03\/Hochwasser.jpg\" alt=\"\" width=\"1024\" height=\"683\" srcset=\"https:\/\/www.ikzm-d.de\/klimawandel\/wp-content\/uploads\/sites\/14\/2018\/03\/Hochwasser.jpg 1024w, https:\/\/www.ikzm-d.de\/klimawandel\/wp-content\/uploads\/sites\/14\/2018\/03\/Hochwasser-600x400.jpg 600w, https:\/\/www.ikzm-d.de\/klimawandel\/wp-content\/uploads\/sites\/14\/2018\/03\/Hochwasser-768x512.jpg 768w\" sizes=\"auto, (max-width: 1024px) 100vw, 1024px\" \/><figcaption id=\"caption-attachment-246\" class=\"wp-caption-text\">Foto 1: Hochwasser an der Ostseek\u00fcste bei Zinnowitz<\/figcaption><\/figure>\n<p>Starkniederschl\u00e4ge in Einzugsgebieten gro\u00dfer Fl\u00fcsse f\u00fchren zu Hochwasser mit \u00dcberschwemmungen weiter Landstriche (die folgereichsten Hochwasser des Jahrhunderts: Elbehochwasser 2002, 2006, 2013; Donauhochwasser 2002, 2009, 2013; Oderhochwasser 2009, 2010). Neben dem Verlust von Infrastruktur kommt es im Zuge von \u00dcberschwemmungen auch zu Todesf\u00e4llen von Mensch und Tier. Auch \u00d6l- und Gastanks sowie Deponien und Altlasten stellen bei Hochwasser Risiken dar, da Schadstoffe durch das Wasser transportiert und im Grund abgelagert werden k\u00f6nnen.<\/p>\n<p>Eine Verschiebung der Vegetationsperiode durch ver\u00e4nderte Temperatur-, Licht- und Wasserverh\u00e4ltnisse kann Einfluss auf die landwirtschaftliche Produktion haben und somit auch auf unsere Lebensmittelversorgung.<\/p>\n","protected":false},"excerpt":{"rendered":"<p>Laut WMO erh\u00f6hen sich die globalen Temperaturen weiterhin um 0,1 \u00b0C bis 0,2 \u00b0C pro Jahrzehnt. Schon jetzt sind die Auswirkungen des Temperaturanstiegs sp\u00fcrbar: Neben erh\u00f6hten Temperaturen kommt es zu ver\u00e4nderten Niederschl\u00e4gen und h\u00e4ufigeren und extremeren Naturereignissen, wie z.B. Sturmfluten, Hochwasser und Hitzewellen. Der Klimawandel und die damit einhergehenden Ver\u00e4nderungen von Temperatur, Niederschlag etc. ziehen [&hellip;]<\/p>\n","protected":false},"author":3,"featured_media":0,"parent":124,"menu_order":4,"comment_status":"closed","ping_status":"closed","template":"","meta":{"footnotes":""},"class_list":["post-131","page","type-page","status-publish","hentry"],"_links":{"self":[{"href":"https:\/\/www.ikzm-d.de\/klimawandel\/wp-json\/wp\/v2\/pages\/131","targetHints":{"allow":["GET"]}}],"collection":[{"href":"https:\/\/www.ikzm-d.de\/klimawandel\/wp-json\/wp\/v2\/pages"}],"about":[{"href":"https:\/\/www.ikzm-d.de\/klimawandel\/wp-json\/wp\/v2\/types\/page"}],"author":[{"embeddable":true,"href":"https:\/\/www.ikzm-d.de\/klimawandel\/wp-json\/wp\/v2\/users\/3"}],"replies":[{"embeddable":true,"href":"https:\/\/www.ikzm-d.de\/klimawandel\/wp-json\/wp\/v2\/comments?post=131"}],"version-history":[{"count":16,"href":"https:\/\/www.ikzm-d.de\/klimawandel\/wp-json\/wp\/v2\/pages\/131\/revisions"}],"predecessor-version":[{"id":501,"href":"https:\/\/www.ikzm-d.de\/klimawandel\/wp-json\/wp\/v2\/pages\/131\/revisions\/501"}],"up":[{"embeddable":true,"href":"https:\/\/www.ikzm-d.de\/klimawandel\/wp-json\/wp\/v2\/pages\/124"}],"wp:attachment":[{"href":"https:\/\/www.ikzm-d.de\/klimawandel\/wp-json\/wp\/v2\/media?parent=131"}],"curies":[{"name":"wp","href":"https:\/\/api.w.org\/{rel}","templated":true}]}}