{"id":142,"date":"2018-02-20T11:51:58","date_gmt":"2018-02-20T10:51:58","guid":{"rendered":"http:\/\/www.ikzm-d.de\/kliwakom\/?page_id=142"},"modified":"2018-12-17T13:48:08","modified_gmt":"2018-12-17T12:48:08","slug":"anpasssung-an-den-klimawandel","status":"publish","type":"page","link":"https:\/\/www.ikzm-d.de\/klimawandel\/die-grundlagen\/anpasssung-an-den-klimawandel\/","title":{"rendered":"Anpasssungen an den Klimawandel"},"content":{"rendered":"<p>Der Weltklimarat (IPCC) definiert Klimawandelanpassung als <span style=\"color: #808080;\">\u201e<strong>Initiativen und Ma\u00dfnahmen, um die Empfindlichkeit nat\u00fcrlicher und menschlicher Systeme gegen\u00fcber tats\u00e4chlichen oder erwarteten Auswirkungen der Klima\u00e4nderung zu verringern<\/strong>\u201c<\/span>. Die Anpassungsf\u00e4higkeit h\u00e4ngt dabei von verschiedenen Parametern wie z.B. dem Wissensstand bez\u00fcglich zu erwartender Klimawandelfolgen oder den zur Verf\u00fcgung stehenden Ressourcen ab. Die Anpassung an den Wandel ist daher aus ethischen, \u00f6kologischen und \u00f6konomischen Gr\u00fcnden langfristig nicht ohne Kompromisse tragbar.<\/p>\n<p><span style=\"text-decoration: underline;\">Beispiele Anpassungsma\u00dfnahmen:<\/span><\/p>\n<ul>\n<li>Ausbau von Schutzma\u00dfnahmen in Hochwassergef\u00e4hrdeten-Gebieten<\/li>\n<li>Ausbau von K\u00fcstenschutzma\u00dfnahmen (z.B. Buhnen, Deiche und Wellenbrecher)<\/li>\n<li>Einbeziehung von Anpassungsaspekten in Bebauungspl\u00e4ne (z.B. H\u00e4user auf Stelzen)<\/li>\n<li>Ausbau der Infrastruktur im Gesundheitssektor<\/li>\n<li>Wassersparma\u00dfnahmen (z.B. Wassertanks)<\/li>\n<li>Ausbau der Abwasseranlagen<\/li>\n<\/ul>\n<p>In Deutschland bildet die 2008 beschlossene <span style=\"color: #808080;\"><strong>Deutsche Anpassungsstrategie an den Klimawandel (DAS)<\/strong> <\/span>den politischen Rahmen f\u00fcr die Klimaanpassung. Dabei soll die Verwundbarkeit von Wirtschaft, Umwelt und Gesellschaft gegen\u00fcber den Folgen des Klimawandels reduziert und die Anpassungsf\u00e4higkeit nat\u00fcrlicher, gesellschaftlicher und \u00f6konomischer Systeme gesteigert werden. Im Jahr 2011 wurde zudem ein <strong><span style=\"color: #808080;\">Aktionsplan Anpassung der Deutschen Anpassungsstrategie an den Klimawandel (APA-DAS)<\/span><\/strong> beigef\u00fcgt, der konkrete Anpassungsma\u00dfnahmen beschreibt. Ein zweiter Aktionsplan Anpassung (APA II) wurde 2015 ver\u00f6ffentlicht. Au\u00dferdem wird alle vier Jahre ein Monitoringbericht zur Deutschen Anpassungsstrategie herausgegeben.<\/p>\n<p>Bisher wurden zahlreiche Aktivit\u00e4ten des Aktionsplans Anpassung durchgef\u00fchrt:<\/p>\n<ul>\n<li>Bereitstellen von Wissen, um Akteure aus verschiedenen Handlungsfeldern zu bef\u00e4higen, Vulnerabilit\u00e4ten zu erkennen und geeignete Anpassungsma\u00dfnahmen zu implementieren (z.B. Unternehmen und Kommunen)<\/li>\n<li>Weiterentwicklung der rechtlichen Rahmensetzung zur Integration der Anpassung in allen politischen Handlungsfeldern<\/li>\n<li>Integration von Anpassungsma\u00dfnahmen in Objekten unter Bundesverantwortung (z.B. bei Neubau und Sanierungen von Geb\u00e4uden)<\/li>\n<li>Beitrag der Bundesregierung bei der Umsetzung internationaler Vertr\u00e4ge und Richtlinien zur Anpassung an den Klimawandel<\/li>\n<\/ul>\n<p>Angesto\u00dfen von der Hitzewelle 2003, bei der es in Deutschland zu ca. 7.000 zus\u00e4tzlichen Todesf\u00e4llen kam, wurde das <a href=\"https:\/\/www.dwd.de\/DE\/wetter\/warnungen\/warnWetter_node.html\">Hitzewarnsystem<\/a> vom Deutschen Wetterdienst eingerichtet. Das System warnt vor Hitzeperioden. So k\u00f6nnen sich z.B. Krankenh\u00e4user in betroffenen Gebieten auf Bereitschaftsdienste einstellen. Um in Zukunft auch besser auf Hochwasser eingestellt zu sein und schnell auf die <a href=\"http:\/\/www.hochwasserzentralen.de\/\">aktuelle Hochwasserlage<\/a> reagieren zu k\u00f6nnen, hat die Bundesregierung zudem ein <a href=\"https:\/\/www.umweltbundesamt.de\/sites\/default\/files\/medien\/378\/dokumente\/5-punkte-programm.pdf\">5-Punkte-Programm<\/a> zum vorbeugenden Hochwasserschutz verabschiedet.<\/p>\n<div class=\"infotext info\"><strong>Anpassungspolitik in Deutschland<\/strong><\/p>\n<ul>\n<li><a href=\"http:\/\/www.bmub.bund.de\/service\/publikationen\/downloads\/details\/artikel\/deutsche-anpassungsstrategie-an-den-klimawandel\">Deutsche Anpassungsstrategie an den Klimawandel<\/a> (DAS)<\/li>\n<li>Aktionsplan Anpassung der Deutschen Anpassungsstrategie an den Klimawandel (APA-DAS)<\/li>\n<li><a href=\"http:\/\/www.bmub.bund.de\/fileadmin\/Daten_BMU\/Download_PDF\/Klimaschutz\/klimawandel_das_fortschrittsbericht_bf.pdf\">Aktionsplan Anpassung<\/a> (APA II)<\/li>\n<li><u> <\/u><a href=\"https:\/\/www.umweltbundesamt.de\/sites\/default\/files\/medien\/376\/publikationen\/monitoringbericht_2015_zur_deutschen_anpassungsstrategie_an_den_klimawandel.pdf\">Monitoringbericht zur Deutschen Anpassungsstrategie<\/a><\/li>\n<\/ul>\n<p><\/div>\n","protected":false},"excerpt":{"rendered":"<p>Der Weltklimarat (IPCC) definiert Klimawandelanpassung als \u201eInitiativen und Ma\u00dfnahmen, um die Empfindlichkeit nat\u00fcrlicher und menschlicher Systeme gegen\u00fcber tats\u00e4chlichen oder erwarteten Auswirkungen der Klima\u00e4nderung zu verringern\u201c. Die Anpassungsf\u00e4higkeit h\u00e4ngt dabei von verschiedenen Parametern wie z.B. dem Wissensstand bez\u00fcglich zu erwartender Klimawandelfolgen oder den zur Verf\u00fcgung stehenden Ressourcen ab. Die Anpassung an den Wandel ist daher aus [&hellip;]<\/p>\n","protected":false},"author":3,"featured_media":0,"parent":124,"menu_order":7,"comment_status":"closed","ping_status":"closed","template":"","meta":{"footnotes":""},"class_list":["post-142","page","type-page","status-publish","hentry"],"_links":{"self":[{"href":"https:\/\/www.ikzm-d.de\/klimawandel\/wp-json\/wp\/v2\/pages\/142","targetHints":{"allow":["GET"]}}],"collection":[{"href":"https:\/\/www.ikzm-d.de\/klimawandel\/wp-json\/wp\/v2\/pages"}],"about":[{"href":"https:\/\/www.ikzm-d.de\/klimawandel\/wp-json\/wp\/v2\/types\/page"}],"author":[{"embeddable":true,"href":"https:\/\/www.ikzm-d.de\/klimawandel\/wp-json\/wp\/v2\/users\/3"}],"replies":[{"embeddable":true,"href":"https:\/\/www.ikzm-d.de\/klimawandel\/wp-json\/wp\/v2\/comments?post=142"}],"version-history":[{"count":12,"href":"https:\/\/www.ikzm-d.de\/klimawandel\/wp-json\/wp\/v2\/pages\/142\/revisions"}],"predecessor-version":[{"id":506,"href":"https:\/\/www.ikzm-d.de\/klimawandel\/wp-json\/wp\/v2\/pages\/142\/revisions\/506"}],"up":[{"embeddable":true,"href":"https:\/\/www.ikzm-d.de\/klimawandel\/wp-json\/wp\/v2\/pages\/124"}],"wp:attachment":[{"href":"https:\/\/www.ikzm-d.de\/klimawandel\/wp-json\/wp\/v2\/media?parent=142"}],"curies":[{"name":"wp","href":"https:\/\/api.w.org\/{rel}","templated":true}]}}