{"id":151,"date":"2018-02-20T12:00:49","date_gmt":"2018-02-20T11:00:49","guid":{"rendered":"http:\/\/www.ikzm-d.de\/kliwakom\/?page_id=151"},"modified":"2018-12-17T13:51:04","modified_gmt":"2018-12-17T12:51:04","slug":"anpassung-im-tourismussektor","status":"publish","type":"page","link":"https:\/\/www.ikzm-d.de\/klimawandel\/klimawandel-an-der-deutschen-ostseekueste\/anpassung-im-tourismussektor\/","title":{"rendered":"Anpassungen im Tourismussektor"},"content":{"rendered":"<p>Durch neue Forschungsmethoden k\u00f6nnen zwar immer bessere Vorhersagen erstellt werden, die gro\u00dfe Unbekannte bleibt allerdings die zuk\u00fcnftige Entwicklung der Treibhausgasausst\u00f6\u00dfe. Auch lassen sich die Vorhersagen kaum auf kleinere Standorte wie einzelne K\u00fcstengemeinden konkretisieren. M\u00f6glichkeiten der Anpassung erscheinen daher schwierig, zumal der \u00fcbliche Zeithorizont touristischer Investitionen 1-3 Jahre abdeckt und die verf\u00fcgbaren Ressourcen f\u00fcr Personal und Finanzen meist f\u00fcr das Tagesgesch\u00e4ft, wie Destinationsmanagement oder Marketing, eingesetzt werden. Daher wurde der Klimawandel im Tourismus bisher wenig beachtet und trotzdem beginnen immer mehr Touristiker sich dem Thema anzunehmen.<\/p>\n<p>Anpassungen an den Klimawandel im K\u00fcstenbereich k\u00f6nnen sehr unterschiedlich ausfallen und liegen oftmals nicht im direkten Handlungsbereich des Tourismusmanagement. F\u00fcr K\u00fcstenschutz, Wasserwirtschaft und Bebauungsplanung sind die zust\u00e4ndigen Beh\u00f6rden verantwortlich. Dennoch ist der Tourismus von vielen Entscheidungen betroffen.<\/p>\n<div class=\"infotext info\"><\/p>\n<p><strong><img loading=\"lazy\" decoding=\"async\" class=\"wp-image-370 alignleft\" src=\"http:\/\/www.ikzm-d.de\/kliwakom\/wp-content\/uploads\/sites\/14\/2018\/03\/Buhnen_EUCC-D-min-400x600.jpg\" alt=\"\" width=\"160\" height=\"240\" srcset=\"https:\/\/www.ikzm-d.de\/klimawandel\/wp-content\/uploads\/sites\/14\/2018\/03\/Buhnen_EUCC-D-min-400x600.jpg 400w, https:\/\/www.ikzm-d.de\/klimawandel\/wp-content\/uploads\/sites\/14\/2018\/03\/Buhnen_EUCC-D-min-768x1152.jpg 768w, https:\/\/www.ikzm-d.de\/klimawandel\/wp-content\/uploads\/sites\/14\/2018\/03\/Buhnen_EUCC-D-min-800x1200.jpg 800w\" sizes=\"auto, (max-width: 160px) 100vw, 160px\" \/>K\u00fcstenschutz<\/strong><\/p>\n<p>Schon auf den ersten Blick sind die K\u00fcstenschutzma\u00dfnahmen an der deutschen Ostseek\u00fcste sichtbar. Die kostenintensiven Ma\u00dfnahmen sichern den Bestand der K\u00fcstenlinie. Allein in der Gemeinde K\u00fchlungsborn an der mecklenburgischen K\u00fcste wurden seit 1990 knapp 7 Mio. \u20ac vom Land in die K\u00fcstensicherung, also Buhnen, Sandaufsp\u00fclungen, Ufermauern und Deckwerk investiert.<\/p>\n<p><\/div>\n<p>&nbsp;<\/p>\n","protected":false},"excerpt":{"rendered":"<p>Durch neue Forschungsmethoden k\u00f6nnen zwar immer bessere Vorhersagen erstellt werden, die gro\u00dfe Unbekannte bleibt allerdings die zuk\u00fcnftige Entwicklung der Treibhausgasausst\u00f6\u00dfe. Auch lassen sich die Vorhersagen kaum auf kleinere Standorte wie einzelne K\u00fcstengemeinden konkretisieren. M\u00f6glichkeiten der Anpassung erscheinen daher schwierig, zumal der \u00fcbliche Zeithorizont touristischer Investitionen 1-3 Jahre abdeckt und die verf\u00fcgbaren Ressourcen f\u00fcr Personal und [&hellip;]<\/p>\n","protected":false},"author":3,"featured_media":0,"parent":144,"menu_order":11,"comment_status":"closed","ping_status":"closed","template":"","meta":{"footnotes":""},"class_list":["post-151","page","type-page","status-publish","hentry"],"_links":{"self":[{"href":"https:\/\/www.ikzm-d.de\/klimawandel\/wp-json\/wp\/v2\/pages\/151","targetHints":{"allow":["GET"]}}],"collection":[{"href":"https:\/\/www.ikzm-d.de\/klimawandel\/wp-json\/wp\/v2\/pages"}],"about":[{"href":"https:\/\/www.ikzm-d.de\/klimawandel\/wp-json\/wp\/v2\/types\/page"}],"author":[{"embeddable":true,"href":"https:\/\/www.ikzm-d.de\/klimawandel\/wp-json\/wp\/v2\/users\/3"}],"replies":[{"embeddable":true,"href":"https:\/\/www.ikzm-d.de\/klimawandel\/wp-json\/wp\/v2\/comments?post=151"}],"version-history":[{"count":31,"href":"https:\/\/www.ikzm-d.de\/klimawandel\/wp-json\/wp\/v2\/pages\/151\/revisions"}],"predecessor-version":[{"id":436,"href":"https:\/\/www.ikzm-d.de\/klimawandel\/wp-json\/wp\/v2\/pages\/151\/revisions\/436"}],"up":[{"embeddable":true,"href":"https:\/\/www.ikzm-d.de\/klimawandel\/wp-json\/wp\/v2\/pages\/144"}],"wp:attachment":[{"href":"https:\/\/www.ikzm-d.de\/klimawandel\/wp-json\/wp\/v2\/media?parent=151"}],"curies":[{"name":"wp","href":"https:\/\/api.w.org\/{rel}","templated":true}]}}