{"id":521,"date":"2021-01-06T13:26:42","date_gmt":"2021-01-06T12:26:42","guid":{"rendered":"http:\/\/www.ikzm-d.de\/gocoase\/?page_id=521"},"modified":"2024-01-09T09:39:53","modified_gmt":"2024-01-09T08:39:53","slug":"klimawandel-kuestenschutz","status":"publish","type":"page","link":"https:\/\/www.ikzm-d.de\/kuestenschutz\/","title":{"rendered":"Klimawandel &#038; K\u00fcstenschutz"},"content":{"rendered":"\n<p>Das Lehr- und Lernmodul \u201eKlimawandel und K\u00fcstenschutz\u201c bietet eine aktuelle Zusammenfassung \u00fcber die Klimawandelanpassung des K\u00fcstenschutzes in Norddeutschland, mit Fokus auf die K\u00fcste Mecklenburg-Vorpommerns.<\/p>\n\n\n\n<figure class=\"wp-block-table\"><table><tbody><tr><td>Inhalt<\/td><td>Im ersten Kapitel werden zun\u00e4chst die&nbsp;Auswirkungen des Klimawandels&nbsp;an den deutschen K\u00fcsten n\u00e4her beleuchtet. Der zweite Themenblock behandelt die m\u00f6glichen&nbsp;Anpassungsstrategien des K\u00fcstenschutzes&nbsp;an die Klimawandelauswirkungen, stellt unterschiedliche K\u00fcstenschutzma\u00dfnahmen vor und gibt konkrete Beispiele. Daran ankn\u00fcpfend werden die Prozesse der&nbsp;Entscheidungsfindung&nbsp;f\u00fcr neue K\u00fcstenschutzstrategien er\u00f6rtert. Abschlie\u00dfend wird der rechtliche Rahmen vorgestellt.<\/td><\/tr><tr><td>Lernziele<\/td><td>&#8211; Auswirkungen des Klimawandels an deutschen K\u00fcsten<br>&#8211; Entwicklungen des K\u00fcstenschutzes<\/td><\/tr><tr><td>Zeitbedarf<\/td><td>ca. 60 Minuten<\/td><\/tr><tr><td>Voraussetzungen<\/td><td>keine<\/td><\/tr><tr><td>Autoren<\/td><td>Ann-Kathrin Petersen, Cora Blomberg &amp; Nina Effelsberg<br>(EUCC-D, 2022)<\/td><\/tr><tr><td>erg\u00e4nzende Module<\/td><td>\u201eKlimawandelanpassungen im K\u00fcstentourismus\u201c<\/td><\/tr><\/tbody><\/table><\/figure>\n","protected":false},"excerpt":{"rendered":"<p>Das Lehr- und Lernmodul \u201eKlimawandel und K\u00fcstenschutz\u201c bietet eine aktuelle Zusammenfassung \u00fcber die Klimawandelanpassung des K\u00fcstenschutzes in Norddeutschland, mit Fokus auf die K\u00fcste Mecklenburg-Vorpommerns. Inhalt Im ersten Kapitel werden zun\u00e4chst die&nbsp;Auswirkungen des Klimawandels&nbsp;an den deutschen K\u00fcsten n\u00e4her beleuchtet. Der zweite Themenblock behandelt die m\u00f6glichen&nbsp;Anpassungsstrategien des K\u00fcstenschutzes&nbsp;an die Klimawandelauswirkungen, stellt unterschiedliche K\u00fcstenschutzma\u00dfnahmen vor und gibt konkrete [&hellip;]<\/p>\n","protected":false},"author":3,"featured_media":0,"parent":0,"menu_order":0,"comment_status":"closed","ping_status":"closed","template":"page-home.php","meta":{"footnotes":""},"class_list":["post-521","page","type-page","status-publish","hentry"],"_links":{"self":[{"href":"https:\/\/www.ikzm-d.de\/kuestenschutz\/wp-json\/wp\/v2\/pages\/521","targetHints":{"allow":["GET"]}}],"collection":[{"href":"https:\/\/www.ikzm-d.de\/kuestenschutz\/wp-json\/wp\/v2\/pages"}],"about":[{"href":"https:\/\/www.ikzm-d.de\/kuestenschutz\/wp-json\/wp\/v2\/types\/page"}],"author":[{"embeddable":true,"href":"https:\/\/www.ikzm-d.de\/kuestenschutz\/wp-json\/wp\/v2\/users\/3"}],"replies":[{"embeddable":true,"href":"https:\/\/www.ikzm-d.de\/kuestenschutz\/wp-json\/wp\/v2\/comments?post=521"}],"version-history":[{"count":33,"href":"https:\/\/www.ikzm-d.de\/kuestenschutz\/wp-json\/wp\/v2\/pages\/521\/revisions"}],"predecessor-version":[{"id":1182,"href":"https:\/\/www.ikzm-d.de\/kuestenschutz\/wp-json\/wp\/v2\/pages\/521\/revisions\/1182"}],"wp:attachment":[{"href":"https:\/\/www.ikzm-d.de\/kuestenschutz\/wp-json\/wp\/v2\/media?parent=521"}],"curies":[{"name":"wp","href":"https:\/\/api.w.org\/{rel}","templated":true}]}}