{"id":643,"date":"2021-01-20T15:02:54","date_gmt":"2021-01-20T14:02:54","guid":{"rendered":"http:\/\/www.ikzm-d.de\/gocoase\/?page_id=643"},"modified":"2024-01-09T09:48:20","modified_gmt":"2024-01-09T08:48:20","slug":"kuestenschutz-anpassungsstrategien","status":"publish","type":"page","link":"https:\/\/www.ikzm-d.de\/kuestenschutz\/klimawandel-kuestenschutz\/kuestenschutz\/kuestenschutz-anpassungsstrategien\/","title":{"rendered":"2.1 Anpassungsstrategien"},"content":{"rendered":"\n<p>Da die Prognosen f\u00fcr die H\u00f6he des Meeresspiegelanstiegs, die Frequenz von Sturmfluten und ihrer maximalen H\u00f6he, mit Unsicherheiten behaftet sind, entwickeln K\u00fcsteningenieure verschiedene Szenarien f\u00fcr unterschiedliche Anforderungen an den K\u00fcstenschutz. Diese stellen ein hilfreiches Werkzeug f\u00fcr die Planung und Umsetzung eines sicheren und zugleich naturnahen K\u00fcstenschutzes dar<sup>3<\/sup>. Durch den Klimawandel verst\u00e4rkt sich der ohnehin steigende Nutzungsdruck auf die K\u00fcsten, der durch die verschiedensten Interessensgruppen ausge\u00fcbt wird. Um eine gemeinsame, nachhaltige L\u00f6sung zu finden, ist eine interdisziplin\u00e4re Zusammenarbeit an einem zielf\u00fchrenden Konzept unabdinglich. Die verschiedenen Anpassungsstrategien an die Risiken des Klimawandels im K\u00fcstenraum sind in der folgenden Grafik veranschaulicht und gliedern sich in drei M\u00f6glichkeiten:<\/p>\n\n\n\n<ul class=\"wp-block-list\"><li>die Fortf\u00fchrung der Verteidigung,<\/li><li>die Strategie des Lebens mit dem Wasser und<\/li><li>die Strategie des qualifizierten R\u00fcckzugs, bei dem ausgew\u00e4hlte k\u00fcstennahe Gebiete nur noch zeitweise genutzt oder vollst\u00e4ndig dem Wasser \u00fcbergeben werden<sup>1<\/sup>.<\/li><\/ul>\n\n\n\n<figure class=\"wp-block-image size-large is-resized\"><img loading=\"lazy\" decoding=\"async\" src=\"http:\/\/www.ikzm-d.de\/gocoase\/wp-content\/uploads\/sites\/43\/2022\/02\/1.png\" alt=\"\" class=\"wp-image-964\" width=\"679\" height=\"728\"\/><\/figure>\n\n\n\n<figure class=\"wp-block-image size-large\"><img loading=\"lazy\" decoding=\"async\" width=\"690\" height=\"798\" src=\"http:\/\/www.ikzm-d.de\/gocoase\/wp-content\/uploads\/sites\/43\/2022\/02\/2-1.png\" alt=\"\" class=\"wp-image-969\"\/><figcaption><sup>Schematische Darstellung der Anpassungsstrategien bei steigendem Meeresspiegel und verst\u00e4rkten Sturmfluten. \u00a9EUCC-D<\/sup><\/figcaption><\/figure>\n\n\n\n<p>Wie die lokal passende Strategie konkret aussieht, h\u00e4ngt von weiteren Faktoren ab. Die Verf\u00fcgbarkeit von Fl\u00e4chen beeinflusst bspw. die Umsetzung von fl\u00e4chenhaften K\u00fcstenschutzkonzepten insbesondere in K\u00fcstenst\u00e4dten wie Bremen oder Hamburg. Hier herrscht grunds\u00e4tzlich ein Mangel an Fl\u00e4che, so dass Hamburg den linienhaften, technischen K\u00fcstenschutz verst\u00e4rkt<sup>2<\/sup>. Zus\u00e4tzlich zu den Anpassungsstrategien des K\u00fcstenschutzes k\u00f6nnen innovative Konzepte, z.B. schwimmende oder auftreibende H\u00e4user in \u00fcberflutungsgef\u00e4hrdeten Gebieten umgesetzt werden. Um die Umsetzung alternativer Konzepte zu f\u00f6rdern, sollten Anreize geschaffen werden. Mit Hilfe eines Integrierten K\u00fcstenzonenmanagements (IKZM) k\u00f6nnen verschiedene Anpassungsma\u00dfnahmen optimal aufeinander abgestimmt und m\u00f6gliche Synergien &nbsp;geschaffen werden<sup>2<\/sup>.<\/p>\n\n\n\n\n\n<h2 class=\"has-small-font-size wp-block-heading\">Literaturhinweise<\/h2>\n\n\n\n<ol class=\"has-cyan-bluish-gray-color has-text-color wp-block-list\" style=\"font-size:10px\"><li>Dobers &amp; Dehnhardt (2020): Verteidigung um jeden Preis? In: EUCC \u2013 Die K\u00fcsten Union Deutschland e.V. (Hrsg.), Meer &amp; K\u00fcste \u2013 Deutsche Ostsee, V. 8, S. 24-25. <a rel=\"noreferrer noopener\" href=\"https:\/\/eucc-d-inline.databases.eucc-d.de\/files\/documents\/00001252_MuK_8-2020_E-Book.pdf#page=24\" target=\"_blank\">Hier lesen.<\/a><\/li><li>Hirschmann, Hoffmann &amp; Welp (2012): Anpassung an den Klimawandel: K\u00fcstenschutz. Themenblatt. Umweltbundesamt.<\/li><li>Tiede &amp; Schlurmann (2020): K\u00fcsteningenieurwesen \u2013 Planen im Klimawandel. In: EUCC \u2013 Die K\u00fcsten Union Deutschland e.V. (Hrsg.), Meer &amp; K\u00fcste \u2013 Deutsche Ostsee, V. 8, S. 22-23. <a rel=\"noreferrer noopener\" href=\"https:\/\/eucc-d-inline.databases.eucc-d.de\/files\/documents\/00001252_MuK_8-2020_E-Book.pdf#page=22\" target=\"_blank\">Hier lesen.<\/a><\/li><\/ol>\n","protected":false},"excerpt":{"rendered":"<p>Da die Prognosen f\u00fcr die H\u00f6he des Meeresspiegelanstiegs, die Frequenz von Sturmfluten und ihrer maximalen H\u00f6he, mit Unsicherheiten behaftet sind, entwickeln K\u00fcsteningenieure verschiedene Szenarien f\u00fcr unterschiedliche Anforderungen an den K\u00fcstenschutz. Diese stellen ein hilfreiches Werkzeug f\u00fcr die Planung und Umsetzung eines sicheren und zugleich naturnahen K\u00fcstenschutzes dar3. Durch den Klimawandel verst\u00e4rkt sich der ohnehin steigende [&hellip;]<\/p>\n","protected":false},"author":3,"featured_media":0,"parent":560,"menu_order":4,"comment_status":"closed","ping_status":"closed","template":"","meta":{"footnotes":""},"class_list":["post-643","page","type-page","status-publish","hentry"],"_links":{"self":[{"href":"https:\/\/www.ikzm-d.de\/kuestenschutz\/wp-json\/wp\/v2\/pages\/643","targetHints":{"allow":["GET"]}}],"collection":[{"href":"https:\/\/www.ikzm-d.de\/kuestenschutz\/wp-json\/wp\/v2\/pages"}],"about":[{"href":"https:\/\/www.ikzm-d.de\/kuestenschutz\/wp-json\/wp\/v2\/types\/page"}],"author":[{"embeddable":true,"href":"https:\/\/www.ikzm-d.de\/kuestenschutz\/wp-json\/wp\/v2\/users\/3"}],"replies":[{"embeddable":true,"href":"https:\/\/www.ikzm-d.de\/kuestenschutz\/wp-json\/wp\/v2\/comments?post=643"}],"version-history":[{"count":47,"href":"https:\/\/www.ikzm-d.de\/kuestenschutz\/wp-json\/wp\/v2\/pages\/643\/revisions"}],"predecessor-version":[{"id":1142,"href":"https:\/\/www.ikzm-d.de\/kuestenschutz\/wp-json\/wp\/v2\/pages\/643\/revisions\/1142"}],"up":[{"embeddable":true,"href":"https:\/\/www.ikzm-d.de\/kuestenschutz\/wp-json\/wp\/v2\/pages\/560"}],"wp:attachment":[{"href":"https:\/\/www.ikzm-d.de\/kuestenschutz\/wp-json\/wp\/v2\/media?parent=643"}],"curies":[{"name":"wp","href":"https:\/\/api.w.org\/{rel}","templated":true}]}}