{"id":691,"date":"2021-02-12T12:05:23","date_gmt":"2021-02-12T11:05:23","guid":{"rendered":"http:\/\/www.ikzm-d.de\/gocoase\/?page_id=691"},"modified":"2024-01-09T09:48:36","modified_gmt":"2024-01-09T08:48:36","slug":"kuestenchutz-treibsel","status":"publish","type":"page","link":"https:\/\/www.ikzm-d.de\/kuestenschutz\/klimawandel-kuestenschutz\/kuestenschutz\/kuestenschutz-arten\/kuestenchutz-treibsel\/","title":{"rendered":"Verwendung von Treibsel"},"content":{"rendered":"\n<p>Auf der Suche nach M\u00f6glichkeiten, um bestehende graue K\u00fcstenschutzbauwerke \u00f6kologisch aufzuwerten, r\u00fcckt Treibsel ins Blickfeld. Treibsel ist ein Sammelbegriff f\u00fcr angelandete organische Biomasse, die \u00fcberwiegend aus abgestorbenen Meerespflanzen besteht und durch Wellen und Str\u00f6mungen an den Strand gesp\u00fclt wird<sup>1<\/sup>. Im Treibsel an MVs Str\u00e4nden finden sich neben Seegras auch Rot-, Braun-, Gr\u00fcnalgen und Muscheln, selten auch anthropogene Bestandteile, wie Plastikpartikel. Der Strandanwurf ist lokal unterschiedlich und abh\u00e4ngig von den k\u00fcstennahen Wasserpflanzen und Wetterbedingungen. An den Str\u00e4nden kann Treibsel als Nahrungsgrundlage dienen und spielt eine wichtige Rolle f\u00fcr die D\u00fcnenbildung. Allerdings ist Treibsel an touristisch genutzten Str\u00e4nden oft unerw\u00fcnscht und wird deshalb in vielen Kommunen regelm\u00e4\u00dfig vom Strand entfernt<sup>2<\/sup>.<\/p>\n\n\n\n<div class=\"wp-block-image wp-image-756\"><figure class=\"aligncenter\"><img loading=\"lazy\" decoding=\"async\" width=\"500\" height=\"280\" src=\"http:\/\/www.ikzm-d.de\/gocoase\/wp-content\/uploads\/sites\/43\/2021\/02\/seaweedwasheduponthebeachofFriedrichsort-eucc-00001935_n_Stefanie-Maack.jpg\" alt=\"\" class=\"wp-image-756\"\/><figcaption><sup>Angelandeter Treibsel am Strand von Friedrichsort. \u00a9Stefanie Mack\/ EUCC-D<\/sup><\/figcaption><\/figure><\/div>\n\n\n\n<p>Das Potential von Treibsel zur Unterst\u00fctzung des K\u00fcstenschutzes wurde in den vergangenen Jahren in Schleswig-Holstein erprobt. 2014 und 2018 errichtete Eckernf\u00f6rde jeweils eine 100m lange und 5m breite <strong>Treibseld\u00fcne<\/strong>. Diese Treibseld\u00fcne, also eine D\u00fcne die im Kern mit Treibsel gef\u00fcllt ist, wurde einem Deckwerk vorgelagert und bietet so zus\u00e4tzlichen Schutz. Die Treibseld\u00fcne wurde angelegt, um sowohl die Erosion am Strand als auch die hohen Ausgaben der Treibselentsorgung zu vermindern<sup>2<\/sup>. Hierf\u00fcr wurde zun\u00e4chst ein circa 1,5m tiefer und 5m breiter Graben ausgehoben, der mit Treibsel verf\u00fcllt wurde und schlie\u00dflich von einer Schicht des ausgebaggerten Sands bedeckt wird<sup>3<\/sup>. So ist \u00e4u\u00dferlich kein Unterschied zu einer herk\u00f6mmlichen D\u00fcne ersichtlich. Abschlie\u00dfend wurde die D\u00fcne mit typischer Vegetation bepflanzt. Die D\u00fcnenvegetation profitiert von dem Treibselkern der D\u00fcne, da dieser N\u00e4hrstoffe zur Verf\u00fcgung stellt und als Wasserspeicher dient. Bislang \u00fcberstanden die D\u00fcnen s\u00e4mtliche Hochwasserereignisse<sup>2<\/sup>.<\/p>\n\n\n\n<div class=\"wp-block-image wp-image-796\"><figure class=\"aligncenter is-resized\"><img loading=\"lazy\" decoding=\"async\" src=\"http:\/\/www.ikzm-d.de\/gocoase\/wp-content\/uploads\/sites\/43\/2021\/02\/Abb_Schema_Treibseld\u00fcne_b\u00fcndig-1.png\" alt=\"\" class=\"wp-image-796\" width=\"523\" height=\"296\"\/><figcaption><sup>Schematischer Aufbau einer Treibseld\u00fcne im Querschnitt. \u00a9EUCC-D<\/sup><\/figcaption><\/figure><\/div>\n\n\n\n<p>Faschinenartige Z\u00e4une aus Holzpf\u00e4hlen und Treibsel, sogenannte <strong>Treibselz\u00e4une<\/strong>, sorgen f\u00fcr eine gezielte Ablagerung des Strandsandes und verhindern so den Sandabtrag durch Verwehungen. Dadurch stellen Treibselz\u00e4une eine plastikfreie Alternative eines Sandfangzauns dar. Der Bau erfordert einen geringen technischen und finanziellen Aufwand. Durch die biologisch abbaubaren Materialien stellt die Entsorgung und die Degeneration des Materials durch das \u201eSandstrahlen\u201c am Strand kein Problem dar<sup>3<\/sup>.<\/p>\n\n\n\n<p>Die Umsetzung solcher oder \u00e4hnlicher Ma\u00dfnahmen bietet das Potential der \u00f6kologischen Aufwertung von grauen K\u00fcstenschutzma\u00dfnahmen. Die Verwendung von Treibsel im K\u00fcstenbereich wird als sinnvoll erachtet, da der Rohstoff in seinem nat\u00fcrlichen System verbleibt und direkt vor Ort eingesetzt werden kann. Au\u00dferdem werden lange Transportwege des Treibsels vermieden. F\u00fcr Gemeinden, die derzeit hohe Kosten f\u00fcr die Reinigung ihrer Str\u00e4nde und K\u00fcstenbereiche in Kauf nehmen und gleichzeitig \u00fcber K\u00fcstenbereiche verf\u00fcgen, die von Erosion betroffen sind, er\u00f6ffnet die Verwendung von Treibsel im K\u00fcstenschutz eine m\u00f6gliche Win-Win-Situation<sup>2<\/sup>.<\/p>\n\n\n\n\n\n<h2 class=\"has-small-font-size wp-block-heading\">Literaturhinweise<\/h2>\n\n\n\n<ol class=\"has-cyan-bluish-gray-color has-text-color wp-block-list\" style=\"font-size:10px\"><li>Sterr, Ahrendt &amp; Enderwitz (Hrsg.) (2019): Seegras und Treibsel \u2013 altbekannte Strandressource neu entdeckt. Coastline Reports 26, S. 21 -26. <a rel=\"noreferrer noopener\" href=\"https:\/\/eucc-d-inline.databases.eucc-d.de\/files\/documents\/00001240_Coastline%20Reports%2026.pdf#page=29\" target=\"_blank\">Hier lesen.<\/a><\/li><li>Ahrendt (2019): Treibsel und Seegras im K\u00fcstenschutz. In: Sterr, Ahrendt &amp; Enderwitz (Hrsg.): Seegras und Treibsel \u2013altbekannte Strandressource neu entdeckt. Coastline Reports 26, S. 21 -26. <a rel=\"noreferrer noopener\" href=\"https:\/\/eucc-d-inline.databases.eucc-d.de\/files\/documents\/00001240_Coastline%20Reports%2026.pdf#page=29\" target=\"_blank\">Hier lesen.<\/a><\/li><li>Packschies (2019): Die neuen Seegrasd\u00fcnen in Eckernf\u00f6rde. In: Sterr, Ahrendt &amp; Enderwitz (Hrsg..): Seegras und Treibsel \u2013 altbekannte Strandressource neu entdeckt. Coastline Reports 26, S. 27 -35. <a rel=\"noreferrer noopener\" href=\"https:\/\/eucc-d-inline.databases.eucc-d.de\/files\/documents\/00001240_Coastline%20Reports%2026.pdf#page=35\" target=\"_blank\">Hier lesen.<\/a><\/li><\/ol>\n","protected":false},"excerpt":{"rendered":"<p>Auf der Suche nach M\u00f6glichkeiten, um bestehende graue K\u00fcstenschutzbauwerke \u00f6kologisch aufzuwerten, r\u00fcckt Treibsel ins Blickfeld. Treibsel ist ein Sammelbegriff f\u00fcr angelandete organische Biomasse, die \u00fcberwiegend aus abgestorbenen Meerespflanzen besteht und durch Wellen und Str\u00f6mungen an den Strand gesp\u00fclt wird1. Im Treibsel an MVs Str\u00e4nden finden sich neben Seegras auch Rot-, Braun-, Gr\u00fcnalgen und Muscheln, selten [&hellip;]<\/p>\n","protected":false},"author":3,"featured_media":0,"parent":567,"menu_order":7,"comment_status":"closed","ping_status":"closed","template":"","meta":{"footnotes":""},"class_list":["post-691","page","type-page","status-publish","hentry"],"_links":{"self":[{"href":"https:\/\/www.ikzm-d.de\/kuestenschutz\/wp-json\/wp\/v2\/pages\/691","targetHints":{"allow":["GET"]}}],"collection":[{"href":"https:\/\/www.ikzm-d.de\/kuestenschutz\/wp-json\/wp\/v2\/pages"}],"about":[{"href":"https:\/\/www.ikzm-d.de\/kuestenschutz\/wp-json\/wp\/v2\/types\/page"}],"author":[{"embeddable":true,"href":"https:\/\/www.ikzm-d.de\/kuestenschutz\/wp-json\/wp\/v2\/users\/3"}],"replies":[{"embeddable":true,"href":"https:\/\/www.ikzm-d.de\/kuestenschutz\/wp-json\/wp\/v2\/comments?post=691"}],"version-history":[{"count":22,"href":"https:\/\/www.ikzm-d.de\/kuestenschutz\/wp-json\/wp\/v2\/pages\/691\/revisions"}],"predecessor-version":[{"id":1145,"href":"https:\/\/www.ikzm-d.de\/kuestenschutz\/wp-json\/wp\/v2\/pages\/691\/revisions\/1145"}],"up":[{"embeddable":true,"href":"https:\/\/www.ikzm-d.de\/kuestenschutz\/wp-json\/wp\/v2\/pages\/567"}],"wp:attachment":[{"href":"https:\/\/www.ikzm-d.de\/kuestenschutz\/wp-json\/wp\/v2\/media?parent=691"}],"curies":[{"name":"wp","href":"https:\/\/api.w.org\/{rel}","templated":true}]}}