{"id":867,"date":"2021-12-09T12:34:24","date_gmt":"2021-12-09T11:34:24","guid":{"rendered":"http:\/\/www.ikzm-d.de\/gocoase\/?page_id=867"},"modified":"2022-05-20T12:04:39","modified_gmt":"2022-05-20T10:04:39","slug":"rechtlicher-rahmen","status":"publish","type":"page","link":"https:\/\/www.ikzm-d.de\/kuestenschutz\/klimawandel-kuestenschutz\/rechtlicher-rahmen\/","title":{"rendered":"4. Rechtlicher Rahmen"},"content":{"rendered":"\n<h2 class=\"wp-block-heading\">Was tut der Staat?<\/h2>\n\n\n\n<p>Im Jahr 2008 wurde erstmals mit der <strong>Deutschen Anpassungsstrategie an den Klimawandel<\/strong> (DAS), ein Leitfaden von der Bundesregierung f\u00fcr die Bundesl\u00e4nder ver\u00f6ffentlicht. In verschiedenen Handlungsfeldern werden darin die zu erwartenden Klimafolgen aufgezeigt und ein Handlungsrahmen zur Anpassung in einem mittelfristigen Prozess pr\u00e4sentiert. Dabei werden sowohl schleichende Ver\u00e4nderungen als auch Extremereignisse ber\u00fccksichtigt. Ein Handlungsfeld der Anpassungsstrategie umfasst dabei den K\u00fcsten- und Meeresschutz<sup>1,2<\/sup>.<\/p>\n\n\n\n<p>Zur konkreten Umsetzung der Handlungsoptionen wurde 2011 der <strong>Aktionsplan Anpassung<\/strong> (APA) von Bund und L\u00e4ndern entwickelt. Dieser formuliert spezifische Ma\u00dfnahmen und informiert \u00fcber die m\u00f6gliche Unterst\u00fctzung der Bundesregierung von Akteuren bei der Umsetzung der Ma\u00dfnahmen. Au\u00dferdem wurde gleichzeitig das F\u00f6rderprogramm \u201eMa\u00dfnahmen zur Anpassung an die Folgen des Klimawandels\u201c ins Leben gerufen, um (Forschungs-) Projekte zu Themen rund um den Klimawandel und Anpassungsm\u00f6glichkeiten, wie etwa EUCC-D Projekte (u.a. GoCoase) zu unterst\u00fctzen. 2015 wurde der erste Fortschrittsbericht zur Deutschen Anpassungsstrategie mit einem zweiten Aktionsplan Anpassung (APA II) beschlossen und 2020 der zweite Fortschrittsbericht zur Deutschen Anpassungsstrategie mit dem dritten Aktionsplan Anpassung (APA III) ver\u00f6ffentlicht<sup>3<\/sup>.<\/p>\n\n\n\n<p><\/p>\n\n\n\n<h2 class=\"wp-block-heading\"><strong>EU \u2013 Wei\u00dfbuch und Strategiepaket<\/strong><\/h2>\n\n\n\n<p>Die EU ver\u00f6ffentlichte 2009 das \u201e<strong>Wei\u00dfbuch<\/strong>\u201c \u2013 \u201e<em>Anpassung an den Klimawandel. Ein europ\u00e4ischer Aktionsrahmen<\/em>\u201c. Dies ist der erste Ansatz einer Rahmengebung f\u00fcr die Mitgliedsstaaten aber auch Hilfsmittel zur Koordinierung und St\u00e4rkung nationen\u00fcbergreifender Aktionen und F\u00f6rderung von besonders stark vom Klimawandel betroffenen L\u00e4ndern<sup>4<\/sup>.<\/p>\n\n\n\n<p>Innerhalb der EU-Kommission ist die Generaldirektion Climate Action (DG CLIMA) insbesondere f\u00fcr die Koordinierung der Ma\u00dfnahmen, die Unterst\u00fctzung der Mitgliedsstaaten und die Initialisierung regionen\u00fcbergreifender Ma\u00dfnahmen zust\u00e4ndig. Gemeinsam mit der Europ\u00e4ischen Umweltagentur (EEA) wurde zudem die Internetplattform \u201e<strong>Climate-ADAPT<\/strong>\u201c zum internationalen Informationsaustausch aufgebaut. Erg\u00e4nzend erstellte die DG CLIMA im Jahr 2013 das \u201eStrategiepaket zur Anpassung an den Klimawandel\u201c, welches einen Handlungsrahmen auf nationaler, regionaler und lokaler Ebene bietet. Die Strategie beinhaltet u.a. drei konkrete Ziele: F\u00f6rderung von Ma\u00dfnahmen der Mitgliedstaaten, Fundierte Entscheidungsfindung und EU-Ma\u00dfnahmen zur Klimasicherung in vulnerablen Schl\u00fcsselsektoren. Sie dient au\u00dferdem der Klimafolgenabsch\u00e4tzung sowie dazu menschliche, wirtschaftliche und \u00f6kologische Verluste zu minimieren<sup>2<\/sup>.<\/p>\n\n\n\n<h2 class=\"wp-block-heading\">Umsetzung in MV<\/h2>\n\n\n\n<p>In Mecklenburg-Vorpommern ist die K\u00fcstenschutzstrategie in einem \u201eRegelwerk K\u00fcstenschutz Mecklenburg-Vorpommern\u201c, herausgegeben vom Ministerium f\u00fcr Landwirtschaft und Umwelt festgehalten. In der aktuellen Version ber\u00fccksichtigt das Regelwerk auch den Klimawandel. Bisher \u00fcbernehmen \u00fcberwiegend Deiche, D\u00fcnen und Sandvorsp\u00fclungen die Funktion der Sicherstellung der K\u00fcste in Mecklenburg-Vorpommern. Ein Sicherheitspuffer von aktuell pauschal 100 cm bei der Bemessung von K\u00fcstenschutzanlagen soll die Ungewissheiten des Klimawandels abfangen<sup>5<\/sup>.<\/p>\n\n\n\n\n\n<h2 class=\"has-small-font-size wp-block-heading\">Literaturhinweise<\/h2>\n\n\n\n<ol class=\"has-cyan-bluish-gray-color has-text-color wp-block-list\" style=\"font-size:10px\"><li>Bundesministerium f\u00fcr Umwelt, Naturschutz und nukleare Sicherheit (BMU) (2020): Klimaanpassung. <a rel=\"noreferrer noopener\" href=\"https:\/\/www.bmu.de\/themen\/klima-energie\/klimaschutz\/anpassung-an-den-klimawandel\/\" target=\"_blank\">Hier lesen<\/a>. <\/li><li>Umweltbundesamt (UBA) (2018): Deutsche Anpassungsstrategie. <a rel=\"noreferrer noopener\" href=\"https:\/\/www.umweltbundesamt.de\/themen\/klima-energie\/klimafolgen-anpassung\/anpassung-auf-bundesebene\/deutsche-anpassungsstrategie#wie-wird-die-das-umgesetzt\" target=\"_blank\">Hier lesen.<\/a>&nbsp;<\/li><li>Daschkeit, Achim (2020): Klimawandelanpassung \u2013 Was macht der Staat? &nbsp;In: Meer &amp; K\u00fcste \u2013 Deutsche Ostsee. EUCC \u2013 Die K\u00fcsten Union Deutschland e.V. (Hrsg.), V. 8, S. 8f. <a rel=\"noreferrer noopener\" href=\"https:\/\/eucc-d-inline.databases.eucc-d.de\/files\/documents\/00001252_MuK_8-2020_E-Book.pdf\" target=\"_blank\">Hier lesen.<\/a><\/li><li>Europ\u00e4ische Kommission (2009): Wei\u00dfbuch \u2013 Anpassung an den Klimawandel: Ein europ\u00e4ischer Aktionsrahmen. Br\u00fcssel. KOM(2009) 147 endg\u00fcltig. <a href=\"https:\/\/eur-lex.europa.eu\/LexUriServ\/LexUriServ.do?uri=COM:2009:0147:FIN:DE:PDF\" target=\"_blank\" rel=\"noreferrer noopener\">Hier lesen.<\/a><\/li><li>Staatliches Amt f\u00fcr Landwirtschaft und Umwelt Mittleres Mecklenburg (2009): Regelwerk K\u00fcstenschutz Mecklenburg-Vorpommern. <a rel=\"noreferrer noopener\" href=\"http:\/\/www.stalu-mv.de\/mm\/Themen\/K%C3%BCstenschutz\/Regelwerk-K%C3%BCstenschutz-Mecklenburg%E2%80%93Vorpommern\/\" target=\"_blank\">Hier lesen.<\/a> <\/li><\/ol>\n","protected":false},"excerpt":{"rendered":"<p>Was tut der Staat? Im Jahr 2008 wurde erstmals mit der Deutschen Anpassungsstrategie an den Klimawandel (DAS), ein Leitfaden von der Bundesregierung f\u00fcr die Bundesl\u00e4nder ver\u00f6ffentlicht. In verschiedenen Handlungsfeldern werden darin die zu erwartenden Klimafolgen aufgezeigt und ein Handlungsrahmen zur Anpassung in einem mittelfristigen Prozess pr\u00e4sentiert. Dabei werden sowohl schleichende Ver\u00e4nderungen als auch Extremereignisse ber\u00fccksichtigt. [&hellip;]<\/p>\n","protected":false},"author":19,"featured_media":0,"parent":521,"menu_order":9,"comment_status":"closed","ping_status":"closed","template":"","meta":{"footnotes":""},"class_list":["post-867","page","type-page","status-publish","hentry"],"_links":{"self":[{"href":"https:\/\/www.ikzm-d.de\/kuestenschutz\/wp-json\/wp\/v2\/pages\/867","targetHints":{"allow":["GET"]}}],"collection":[{"href":"https:\/\/www.ikzm-d.de\/kuestenschutz\/wp-json\/wp\/v2\/pages"}],"about":[{"href":"https:\/\/www.ikzm-d.de\/kuestenschutz\/wp-json\/wp\/v2\/types\/page"}],"author":[{"embeddable":true,"href":"https:\/\/www.ikzm-d.de\/kuestenschutz\/wp-json\/wp\/v2\/users\/19"}],"replies":[{"embeddable":true,"href":"https:\/\/www.ikzm-d.de\/kuestenschutz\/wp-json\/wp\/v2\/comments?post=867"}],"version-history":[{"count":15,"href":"https:\/\/www.ikzm-d.de\/kuestenschutz\/wp-json\/wp\/v2\/pages\/867\/revisions"}],"predecessor-version":[{"id":1139,"href":"https:\/\/www.ikzm-d.de\/kuestenschutz\/wp-json\/wp\/v2\/pages\/867\/revisions\/1139"}],"up":[{"embeddable":true,"href":"https:\/\/www.ikzm-d.de\/kuestenschutz\/wp-json\/wp\/v2\/pages\/521"}],"wp:attachment":[{"href":"https:\/\/www.ikzm-d.de\/kuestenschutz\/wp-json\/wp\/v2\/media?parent=867"}],"curies":[{"name":"wp","href":"https:\/\/api.w.org\/{rel}","templated":true}]}}