{"id":686,"date":"2022-10-06T03:49:26","date_gmt":"2022-10-06T01:49:26","guid":{"rendered":"https:\/\/www.ikzm-d.de\/wasserstoff-und-sdgs\/?page_id=686"},"modified":"2024-06-04T06:15:52","modified_gmt":"2024-06-04T04:15:52","slug":"wechselwirkung","status":"publish","type":"page","link":"https:\/\/www.ikzm-d.de\/meer-gruene-zukunft\/","title":{"rendered":"Gr\u00fcner Wasserstoff &#038; Nachhaltigkeit"},"content":{"rendered":"\n<p class=\"has-black-color has-text-color\">Der Wandel des Klimas z\u00e4hlt zu den gr\u00f6\u00dften Herausforderungen, denen wir im 21. Jahrhundert gegen\u00fcberstehen. Er bedroht nicht nur unsere Umwelt, sondern auch unsere Gesundheit und Lebensqualit\u00e4t. Der Klimawandel ist daher eng mit weiteren globalen Herausforderungen verwoben. <\/p>\n\n\n\n<p class=\"has-black-color has-text-color\">Kein Wunder also, dass sich die Mitgliedstaaten der Vereinten Nationen 2015 darauf verst\u00e4ndigt haben, diese Herausforderungen weltweit mit Hilfe von 17 Nachhaltigkeitsziele (Sustainable Develpoment Goals, SDGs) anzugehen. Und der Zusammenschluss zeigt erste Wirkung! So hat sich beispielsweise die Zahl der Menschen, die in Armut leben und an Hunger leiden, in den letzten Jahren verringert. Gleichwohl bleibt noch eine Menge zu tun. Und da kommt Gr\u00fcner Wasserstoff ins Spiel: Als Teil der Energiewende tr\u00e4gt er zum Klimaschutz bei und nimmt direkt wie indirekt Einfluss auf weitere Ziele.<\/p>\n\n\n\n<p>Aber was hei\u00dft das konkret? Fachleute aus dem Leitprojekt H<sub>2<\/sub>Mare haben sich dazu Gedanken gemacht. Basierend auf ihrem Wissen- und Erfahrungsschatz haben sie u.a. bewertet, welchen Einfluss Gr\u00fcner Wasserstoff auf die Umsetzung der globalen Nachhaltigkeitsziele und somit auf viele wichtige Bereiche unseres Lebens hat. <\/p>\n\n\n\n<figure class=\"wp-block-image size-full\"><img loading=\"lazy\" decoding=\"async\" width=\"960\" height=\"960\" src=\"https:\/\/www.ikzm-d.de\/meer-gruene-zukunft\/wp-content\/uploads\/sites\/58\/2022\/10\/SDGs.jpg\" alt=\"\" class=\"wp-image-970\" srcset=\"https:\/\/www.ikzm-d.de\/meer-gruene-zukunft\/wp-content\/uploads\/sites\/58\/2022\/10\/SDGs.jpg 960w, https:\/\/www.ikzm-d.de\/meer-gruene-zukunft\/wp-content\/uploads\/sites\/58\/2022\/10\/SDGs-600x600.jpg 600w, https:\/\/www.ikzm-d.de\/meer-gruene-zukunft\/wp-content\/uploads\/sites\/58\/2022\/10\/SDGs-768x768.jpg 768w\" sizes=\"auto, (max-width: 960px) 100vw, 960px\" \/><\/figure>\n","protected":false},"excerpt":{"rendered":"<p>Der Wandel des Klimas z\u00e4hlt zu den gr\u00f6\u00dften Herausforderungen, denen wir im 21. Jahrhundert gegen\u00fcberstehen. Er bedroht nicht nur unsere Umwelt, sondern auch unsere Gesundheit und Lebensqualit\u00e4t. Der Klimawandel ist daher eng mit weiteren globalen Herausforderungen verwoben. Kein Wunder also, dass sich die Mitgliedstaaten der Vereinten Nationen 2015 darauf verst\u00e4ndigt haben, diese Herausforderungen weltweit mit [&hellip;]<\/p>\n","protected":false},"author":3,"featured_media":0,"parent":0,"menu_order":0,"comment_status":"closed","ping_status":"closed","template":"page-home.php","meta":{"footnotes":""},"class_list":["post-686","page","type-page","status-publish","hentry"],"_links":{"self":[{"href":"https:\/\/www.ikzm-d.de\/meer-gruene-zukunft\/wp-json\/wp\/v2\/pages\/686","targetHints":{"allow":["GET"]}}],"collection":[{"href":"https:\/\/www.ikzm-d.de\/meer-gruene-zukunft\/wp-json\/wp\/v2\/pages"}],"about":[{"href":"https:\/\/www.ikzm-d.de\/meer-gruene-zukunft\/wp-json\/wp\/v2\/types\/page"}],"author":[{"embeddable":true,"href":"https:\/\/www.ikzm-d.de\/meer-gruene-zukunft\/wp-json\/wp\/v2\/users\/3"}],"replies":[{"embeddable":true,"href":"https:\/\/www.ikzm-d.de\/meer-gruene-zukunft\/wp-json\/wp\/v2\/comments?post=686"}],"version-history":[{"count":28,"href":"https:\/\/www.ikzm-d.de\/meer-gruene-zukunft\/wp-json\/wp\/v2\/pages\/686\/revisions"}],"predecessor-version":[{"id":1989,"href":"https:\/\/www.ikzm-d.de\/meer-gruene-zukunft\/wp-json\/wp\/v2\/pages\/686\/revisions\/1989"}],"wp:attachment":[{"href":"https:\/\/www.ikzm-d.de\/meer-gruene-zukunft\/wp-json\/wp\/v2\/media?parent=686"}],"curies":[{"name":"wp","href":"https:\/\/api.w.org\/{rel}","templated":true}]}}