{"id":756,"date":"2022-10-06T05:15:09","date_gmt":"2022-10-06T03:15:09","guid":{"rendered":"https:\/\/www.ikzm-d.de\/wasserstoff-und-sdgs\/?page_id=756"},"modified":"2024-05-22T12:43:28","modified_gmt":"2024-05-22T10:43:28","slug":"sdg-5","status":"publish","type":"page","link":"https:\/\/www.ikzm-d.de\/meer-gruene-zukunft\/wechselwirkung\/sdg-5\/","title":{"rendered":"SDG 5 zu Geschlecht"},"content":{"rendered":"\n<div class=\"wp-block-media-text alignwide is-stacked-on-mobile is-vertically-aligned-top\" style=\"grid-template-columns:25% auto\"><figure class=\"wp-block-media-text__media\"><img loading=\"lazy\" decoding=\"async\" width=\"1200\" height=\"1200\" src=\"http:\/\/www.ikzm-d.de\/wasserstoff-und-sdgs\/wp-content\/uploads\/sites\/58\/2022\/10\/SDG-icon-DE-05-1200x1200.jpg\" alt=\"\" class=\"wp-image-699 size-full\" srcset=\"https:\/\/www.ikzm-d.de\/meer-gruene-zukunft\/wp-content\/uploads\/sites\/58\/2022\/10\/SDG-icon-DE-05-1200x1200.jpg 1200w, https:\/\/www.ikzm-d.de\/meer-gruene-zukunft\/wp-content\/uploads\/sites\/58\/2022\/10\/SDG-icon-DE-05-600x600.jpg 600w, https:\/\/www.ikzm-d.de\/meer-gruene-zukunft\/wp-content\/uploads\/sites\/58\/2022\/10\/SDG-icon-DE-05-768x768.jpg 768w, https:\/\/www.ikzm-d.de\/meer-gruene-zukunft\/wp-content\/uploads\/sites\/58\/2022\/10\/SDG-icon-DE-05-1536x1536.jpg 1536w, https:\/\/www.ikzm-d.de\/meer-gruene-zukunft\/wp-content\/uploads\/sites\/58\/2022\/10\/SDG-icon-DE-05.jpg 1774w\" sizes=\"auto, (max-width: 1200px) 100vw, 1200px\" \/><\/figure><div class=\"wp-block-media-text__content\">\n<p>Geschlechtergerechtigkeit<\/p>\n\n\n\n<p>Geschlechtergleichstellung erreichen und alle Frauen und M\u00e4dchen zur Selbstbestimmung bef\u00e4higen<\/p>\n<\/div><\/div>\n\n\n\n<div style=\"height:26px\" aria-hidden=\"true\" class=\"wp-block-spacer\"><\/div>\n\n\n\n<p><strong>Was beinhaltet das Ziel?<\/strong><\/p>\n\n\n\n<p>SDG 5 zielt darauf ab, alle Formen der Gewalt gegen und Benachteiligung von Frauen und M\u00e4dchen zu beenden, den Zugang zu wirtschaftlichen und nat\u00fcrlichen Ressourcen unabh\u00e4ngig vom Geschlecht zu schaffen und ihre Selbstbestimmung zu f\u00f6rdern.<\/p>\n\n\n\n<div style=\"height:26px\" aria-hidden=\"true\" class=\"wp-block-spacer\"><\/div>\n\n\n\n<p><strong>Welche Relevanz hat das Ziel?<\/strong><\/p>\n\n\n\n<p>Eine sozial gerechte und nachhaltige Gesellschaft fu\u00dft auf der Gleichberechtigung aller Geschlechter. Eine systematische Ber\u00fccksichtigung von Frauen und ihrer Teilhabe birgt ein enormes Potenzial im Hinblick auf den Umgang mit gesamtgesellschaftlichen Herausforderungen wie dem Klimawandel. So k\u00f6nnen sich Gesellschaften u.&nbsp;a. unterschiedliche Bed\u00fcrfnisse sowie Sicht- und Herangehensweisen von Geschlechtern zur L\u00f6sung von Problemen zunutze machen (z.&nbsp;B. unterschiedliches Mobilit\u00e4tsverhalten von Frauen und M\u00e4nnern). \u201eDas Thema Geschlechtergerechtigkeit ist mittlerweile in allen gesellschaftlichen und wissenschaftlichen Debatten angekommen, so auch im Klima- und Naturschutz. Die Umsetzung der Erkenntnisse hingegen verl\u00e4uft nach wie vor noch nicht mit zufriedenstellendem Nachdruck und ausreichender Geschwindigkeit. Das BMU bereitet daher eine Strategie vor, wie Geschlechtergerechtigkeit in der deutschen Umweltpolitik zu einem durchg\u00e4ngigen Gestaltungsprinzip und Qualit\u00e4tsmerkmal werden kann.\u201c (BMU, 2020, S.&nbsp;21)<\/p>\n\n\n\n<div style=\"height:26px\" aria-hidden=\"true\" class=\"wp-block-spacer\"><\/div>\n\n\n\n<p><strong>Welche Effekte kann Gr\u00fcner Wasserstoff auf das Erreichen des Ziels haben?<\/strong><\/p>\n\n\n\n<p>Frauen weisen gegen\u00fcber Umweltfolgen in der Regel eine h\u00f6here Vulnerabilit\u00e4t auf, da sie aufgrund von Rollenzuschreibungen, ungleicher Arbeitsteilung und Sorgeverantwortung noch unmittelbarer auf intakte Lebensr\u00e4ume und Ressourcen angewiesen sind. Die Produktion von gr\u00fcnem Wasserstoff kann diese strukturellen Gegebenheiten versch\u00e4rfen, wenn Konflikte um Land, Ressourcen oder Umweltrisiken nicht zum Wohle der lokalen Bev\u00f6lkerung gel\u00f6st werden. Umgekehrt kann eine gr\u00fcne Wasserstoffwirtschaft aber auch dazu beitragen, Benachteiligungen von Frauen zu minimieren, indem z.&nbsp;B. Technologien zu ihrer Unterst\u00fctzung eingesetzt werden (z.&nbsp;B. Reduzierung von Wasserwegen) und Frauen in Wasserstoffprojekten ber\u00fccksichtigt werden.<\/p>\n\n\n\n<div style=\"height:26px\" aria-hidden=\"true\" class=\"wp-block-spacer\"><\/div>\n\n\n\n<p class=\"has-text-align-left\"><strong>Wie bewerten die H<sub>2<\/sub>Mare-Akteure Gr\u00fcnen Wasserstoff in Bezug auf SDG 5?<\/strong><\/p>\n\n\n\n<figure class=\"wp-block-gallery has-nested-images columns-default is-cropped wp-block-gallery-1 is-layout-flex wp-block-gallery-is-layout-flex\">\n<figure class=\"wp-block-image size-large\"><img loading=\"lazy\" decoding=\"async\" width=\"1200\" height=\"1135\" data-id=\"1480\" src=\"https:\/\/www.ikzm-d.de\/meer-gruene-zukunft\/wp-content\/uploads\/sites\/58\/2024\/01\/EUCC-D_Effekt-GruenerH2-auf-SDGs-1200x1135.png\" alt=\"\" class=\"wp-image-1480\" srcset=\"https:\/\/www.ikzm-d.de\/meer-gruene-zukunft\/wp-content\/uploads\/sites\/58\/2024\/01\/EUCC-D_Effekt-GruenerH2-auf-SDGs-1200x1135.png 1200w, https:\/\/www.ikzm-d.de\/meer-gruene-zukunft\/wp-content\/uploads\/sites\/58\/2024\/01\/EUCC-D_Effekt-GruenerH2-auf-SDGs-600x568.png 600w, https:\/\/www.ikzm-d.de\/meer-gruene-zukunft\/wp-content\/uploads\/sites\/58\/2024\/01\/EUCC-D_Effekt-GruenerH2-auf-SDGs-768x727.png 768w, https:\/\/www.ikzm-d.de\/meer-gruene-zukunft\/wp-content\/uploads\/sites\/58\/2024\/01\/EUCC-D_Effekt-GruenerH2-auf-SDGs-1536x1453.png 1536w, https:\/\/www.ikzm-d.de\/meer-gruene-zukunft\/wp-content\/uploads\/sites\/58\/2024\/01\/EUCC-D_Effekt-GruenerH2-auf-SDGs.png 1637w\" sizes=\"auto, (max-width: 1200px) 100vw, 1200px\" \/><\/figure>\n\n\n\n<figure class=\"wp-block-image size-large\"><img loading=\"lazy\" decoding=\"async\" width=\"1920\" height=\"1080\" data-id=\"1825\" src=\"https:\/\/www.ikzm-d.de\/meer-gruene-zukunft\/wp-content\/uploads\/sites\/58\/2024\/05\/5-1200x675.jpg\" alt=\"\" class=\"wp-image-1825\" srcset=\"https:\/\/www.ikzm-d.de\/meer-gruene-zukunft\/wp-content\/uploads\/sites\/58\/2024\/05\/5-1200x675.jpg 1200w, https:\/\/www.ikzm-d.de\/meer-gruene-zukunft\/wp-content\/uploads\/sites\/58\/2024\/05\/5-600x338.jpg 600w, https:\/\/www.ikzm-d.de\/meer-gruene-zukunft\/wp-content\/uploads\/sites\/58\/2024\/05\/5-768x432.jpg 768w, https:\/\/www.ikzm-d.de\/meer-gruene-zukunft\/wp-content\/uploads\/sites\/58\/2024\/05\/5-1536x864.jpg 1536w, https:\/\/www.ikzm-d.de\/meer-gruene-zukunft\/wp-content\/uploads\/sites\/58\/2024\/05\/5.jpg 1920w\" sizes=\"auto, (max-width: 1920px) 100vw, 1920px\" \/><\/figure>\n<\/figure>\n\n\n\n<div style=\"height:26px\" aria-hidden=\"true\" class=\"wp-block-spacer\"><\/div>\n\n\n\n<p><strong>Wechselwirkungen mit SDG<\/strong><\/p>\n\n\n\n<figure class=\"wp-block-gallery has-nested-images columns-7 is-cropped wp-block-gallery-2 is-layout-flex wp-block-gallery-is-layout-flex\">\n<figure class=\"wp-block-image size-large\"><img loading=\"lazy\" decoding=\"async\" width=\"1773\" height=\"1773\" data-id=\"695\" src=\"https:\/\/www.ikzm-d.de\/meer-gruene-zukunft\/wp-content\/uploads\/sites\/58\/2022\/10\/SDG-icon-DE-01.jpg\" alt=\"\" class=\"wp-image-695\" srcset=\"https:\/\/www.ikzm-d.de\/meer-gruene-zukunft\/wp-content\/uploads\/sites\/58\/2022\/10\/SDG-icon-DE-01.jpg 1773w, https:\/\/www.ikzm-d.de\/meer-gruene-zukunft\/wp-content\/uploads\/sites\/58\/2022\/10\/SDG-icon-DE-01-600x600.jpg 600w, https:\/\/www.ikzm-d.de\/meer-gruene-zukunft\/wp-content\/uploads\/sites\/58\/2022\/10\/SDG-icon-DE-01-1200x1200.jpg 1200w, https:\/\/www.ikzm-d.de\/meer-gruene-zukunft\/wp-content\/uploads\/sites\/58\/2022\/10\/SDG-icon-DE-01-768x768.jpg 768w, https:\/\/www.ikzm-d.de\/meer-gruene-zukunft\/wp-content\/uploads\/sites\/58\/2022\/10\/SDG-icon-DE-01-1536x1536.jpg 1536w\" sizes=\"auto, (max-width: 1773px) 100vw, 1773px\" \/><\/figure>\n\n\n\n<figure class=\"wp-block-image size-large\"><img loading=\"lazy\" decoding=\"async\" width=\"1773\" height=\"1774\" data-id=\"697\" src=\"https:\/\/www.ikzm-d.de\/meer-gruene-zukunft\/wp-content\/uploads\/sites\/58\/2022\/10\/SDG-icon-DE-03.jpg\" alt=\"\" class=\"wp-image-697\" srcset=\"https:\/\/www.ikzm-d.de\/meer-gruene-zukunft\/wp-content\/uploads\/sites\/58\/2022\/10\/SDG-icon-DE-03.jpg 1773w, https:\/\/www.ikzm-d.de\/meer-gruene-zukunft\/wp-content\/uploads\/sites\/58\/2022\/10\/SDG-icon-DE-03-600x600.jpg 600w, https:\/\/www.ikzm-d.de\/meer-gruene-zukunft\/wp-content\/uploads\/sites\/58\/2022\/10\/SDG-icon-DE-03-1200x1200.jpg 1200w, https:\/\/www.ikzm-d.de\/meer-gruene-zukunft\/wp-content\/uploads\/sites\/58\/2022\/10\/SDG-icon-DE-03-768x768.jpg 768w, https:\/\/www.ikzm-d.de\/meer-gruene-zukunft\/wp-content\/uploads\/sites\/58\/2022\/10\/SDG-icon-DE-03-1536x1536.jpg 1536w\" sizes=\"auto, (max-width: 1773px) 100vw, 1773px\" \/><\/figure>\n\n\n\n<figure class=\"wp-block-image size-large\"><img loading=\"lazy\" decoding=\"async\" width=\"1774\" height=\"1773\" data-id=\"698\" src=\"https:\/\/www.ikzm-d.de\/meer-gruene-zukunft\/wp-content\/uploads\/sites\/58\/2022\/10\/SDG-icon-DE-04.jpg\" alt=\"\" class=\"wp-image-698\" srcset=\"https:\/\/www.ikzm-d.de\/meer-gruene-zukunft\/wp-content\/uploads\/sites\/58\/2022\/10\/SDG-icon-DE-04.jpg 1774w, https:\/\/www.ikzm-d.de\/meer-gruene-zukunft\/wp-content\/uploads\/sites\/58\/2022\/10\/SDG-icon-DE-04-600x600.jpg 600w, https:\/\/www.ikzm-d.de\/meer-gruene-zukunft\/wp-content\/uploads\/sites\/58\/2022\/10\/SDG-icon-DE-04-1200x1200.jpg 1200w, https:\/\/www.ikzm-d.de\/meer-gruene-zukunft\/wp-content\/uploads\/sites\/58\/2022\/10\/SDG-icon-DE-04-768x768.jpg 768w, https:\/\/www.ikzm-d.de\/meer-gruene-zukunft\/wp-content\/uploads\/sites\/58\/2022\/10\/SDG-icon-DE-04-1536x1536.jpg 1536w\" sizes=\"auto, (max-width: 1774px) 100vw, 1774px\" \/><\/figure>\n\n\n\n<figure class=\"wp-block-image size-large\"><img loading=\"lazy\" decoding=\"async\" width=\"1773\" height=\"1773\" data-id=\"702\" src=\"https:\/\/www.ikzm-d.de\/meer-gruene-zukunft\/wp-content\/uploads\/sites\/58\/2022\/10\/SDG-icon-DE-08.jpg\" alt=\"\" class=\"wp-image-702\" srcset=\"https:\/\/www.ikzm-d.de\/meer-gruene-zukunft\/wp-content\/uploads\/sites\/58\/2022\/10\/SDG-icon-DE-08.jpg 1773w, https:\/\/www.ikzm-d.de\/meer-gruene-zukunft\/wp-content\/uploads\/sites\/58\/2022\/10\/SDG-icon-DE-08-600x600.jpg 600w, https:\/\/www.ikzm-d.de\/meer-gruene-zukunft\/wp-content\/uploads\/sites\/58\/2022\/10\/SDG-icon-DE-08-1200x1200.jpg 1200w, https:\/\/www.ikzm-d.de\/meer-gruene-zukunft\/wp-content\/uploads\/sites\/58\/2022\/10\/SDG-icon-DE-08-768x768.jpg 768w, https:\/\/www.ikzm-d.de\/meer-gruene-zukunft\/wp-content\/uploads\/sites\/58\/2022\/10\/SDG-icon-DE-08-1536x1536.jpg 1536w\" sizes=\"auto, (max-width: 1773px) 100vw, 1773px\" \/><\/figure>\n\n\n\n<figure class=\"wp-block-image size-large\"><img loading=\"lazy\" decoding=\"async\" width=\"1772\" height=\"1773\" data-id=\"704\" src=\"https:\/\/www.ikzm-d.de\/meer-gruene-zukunft\/wp-content\/uploads\/sites\/58\/2022\/10\/SDG-icon-DE-10.jpg\" alt=\"\" class=\"wp-image-704\" srcset=\"https:\/\/www.ikzm-d.de\/meer-gruene-zukunft\/wp-content\/uploads\/sites\/58\/2022\/10\/SDG-icon-DE-10.jpg 1772w, https:\/\/www.ikzm-d.de\/meer-gruene-zukunft\/wp-content\/uploads\/sites\/58\/2022\/10\/SDG-icon-DE-10-600x600.jpg 600w, https:\/\/www.ikzm-d.de\/meer-gruene-zukunft\/wp-content\/uploads\/sites\/58\/2022\/10\/SDG-icon-DE-10-1200x1200.jpg 1200w, https:\/\/www.ikzm-d.de\/meer-gruene-zukunft\/wp-content\/uploads\/sites\/58\/2022\/10\/SDG-icon-DE-10-768x768.jpg 768w, https:\/\/www.ikzm-d.de\/meer-gruene-zukunft\/wp-content\/uploads\/sites\/58\/2022\/10\/SDG-icon-DE-10-1536x1536.jpg 1536w\" sizes=\"auto, (max-width: 1772px) 100vw, 1772px\" \/><\/figure>\n\n\n\n<figure class=\"wp-block-image size-large\"><img loading=\"lazy\" decoding=\"async\" width=\"1774\" height=\"1773\" data-id=\"707\" src=\"https:\/\/www.ikzm-d.de\/meer-gruene-zukunft\/wp-content\/uploads\/sites\/58\/2022\/10\/SDG-icon-DE-13.jpg\" alt=\"\" class=\"wp-image-707\" srcset=\"https:\/\/www.ikzm-d.de\/meer-gruene-zukunft\/wp-content\/uploads\/sites\/58\/2022\/10\/SDG-icon-DE-13.jpg 1774w, https:\/\/www.ikzm-d.de\/meer-gruene-zukunft\/wp-content\/uploads\/sites\/58\/2022\/10\/SDG-icon-DE-13-600x600.jpg 600w, https:\/\/www.ikzm-d.de\/meer-gruene-zukunft\/wp-content\/uploads\/sites\/58\/2022\/10\/SDG-icon-DE-13-1200x1200.jpg 1200w, https:\/\/www.ikzm-d.de\/meer-gruene-zukunft\/wp-content\/uploads\/sites\/58\/2022\/10\/SDG-icon-DE-13-768x768.jpg 768w, https:\/\/www.ikzm-d.de\/meer-gruene-zukunft\/wp-content\/uploads\/sites\/58\/2022\/10\/SDG-icon-DE-13-1536x1536.jpg 1536w\" sizes=\"auto, (max-width: 1774px) 100vw, 1774px\" \/><\/figure>\n\n\n\n<figure class=\"wp-block-image size-large\"><img loading=\"lazy\" decoding=\"async\" width=\"1200\" height=\"1200\" data-id=\"1746\" src=\"https:\/\/www.ikzm-d.de\/meer-gruene-zukunft\/wp-content\/uploads\/sites\/58\/2024\/05\/SDG-icon-DE-16-1200x1200.jpg\" alt=\"\" class=\"wp-image-1746\" srcset=\"https:\/\/www.ikzm-d.de\/meer-gruene-zukunft\/wp-content\/uploads\/sites\/58\/2024\/05\/SDG-icon-DE-16-1200x1200.jpg 1200w, https:\/\/www.ikzm-d.de\/meer-gruene-zukunft\/wp-content\/uploads\/sites\/58\/2024\/05\/SDG-icon-DE-16-600x600.jpg 600w, https:\/\/www.ikzm-d.de\/meer-gruene-zukunft\/wp-content\/uploads\/sites\/58\/2024\/05\/SDG-icon-DE-16-768x768.jpg 768w, https:\/\/www.ikzm-d.de\/meer-gruene-zukunft\/wp-content\/uploads\/sites\/58\/2024\/05\/SDG-icon-DE-16-1536x1536.jpg 1536w, https:\/\/www.ikzm-d.de\/meer-gruene-zukunft\/wp-content\/uploads\/sites\/58\/2024\/05\/SDG-icon-DE-16.jpg 1773w\" sizes=\"auto, (max-width: 1200px) 100vw, 1200px\" \/><\/figure>\n<\/figure>\n","protected":false},"excerpt":{"rendered":"<p>Geschlechtergerechtigkeit Geschlechtergleichstellung erreichen und alle Frauen und M\u00e4dchen zur Selbstbestimmung bef\u00e4higen Was beinhaltet das Ziel? SDG 5 zielt darauf ab, alle Formen der Gewalt gegen und Benachteiligung von Frauen und M\u00e4dchen zu beenden, den Zugang zu wirtschaftlichen und nat\u00fcrlichen Ressourcen unabh\u00e4ngig vom Geschlecht zu schaffen und ihre Selbstbestimmung zu f\u00f6rdern. Welche Relevanz hat das Ziel? [&hellip;]<\/p>\n","protected":false},"author":3,"featured_media":0,"parent":686,"menu_order":5,"comment_status":"closed","ping_status":"closed","template":"","meta":{"footnotes":""},"class_list":["post-756","page","type-page","status-publish","hentry"],"_links":{"self":[{"href":"https:\/\/www.ikzm-d.de\/meer-gruene-zukunft\/wp-json\/wp\/v2\/pages\/756","targetHints":{"allow":["GET"]}}],"collection":[{"href":"https:\/\/www.ikzm-d.de\/meer-gruene-zukunft\/wp-json\/wp\/v2\/pages"}],"about":[{"href":"https:\/\/www.ikzm-d.de\/meer-gruene-zukunft\/wp-json\/wp\/v2\/types\/page"}],"author":[{"embeddable":true,"href":"https:\/\/www.ikzm-d.de\/meer-gruene-zukunft\/wp-json\/wp\/v2\/users\/3"}],"replies":[{"embeddable":true,"href":"https:\/\/www.ikzm-d.de\/meer-gruene-zukunft\/wp-json\/wp\/v2\/comments?post=756"}],"version-history":[{"count":13,"href":"https:\/\/www.ikzm-d.de\/meer-gruene-zukunft\/wp-json\/wp\/v2\/pages\/756\/revisions"}],"predecessor-version":[{"id":1914,"href":"https:\/\/www.ikzm-d.de\/meer-gruene-zukunft\/wp-json\/wp\/v2\/pages\/756\/revisions\/1914"}],"up":[{"embeddable":true,"href":"https:\/\/www.ikzm-d.de\/meer-gruene-zukunft\/wp-json\/wp\/v2\/pages\/686"}],"wp:attachment":[{"href":"https:\/\/www.ikzm-d.de\/meer-gruene-zukunft\/wp-json\/wp\/v2\/media?parent=756"}],"curies":[{"name":"wp","href":"https:\/\/api.w.org\/{rel}","templated":true}]}}