{"id":780,"date":"2022-10-06T05:19:56","date_gmt":"2022-10-06T03:19:56","guid":{"rendered":"https:\/\/www.ikzm-d.de\/wasserstoff-und-sdgs\/?page_id=780"},"modified":"2024-05-15T13:23:02","modified_gmt":"2024-05-15T11:23:02","slug":"sdg-11","status":"publish","type":"page","link":"https:\/\/www.ikzm-d.de\/meer-gruene-zukunft\/wechselwirkung\/sdg-11\/","title":{"rendered":"SDG 11 zu St\u00e4dten"},"content":{"rendered":"\n<div class=\"wp-block-media-text alignwide is-stacked-on-mobile is-vertically-aligned-top\" style=\"grid-template-columns:25% auto\"><figure class=\"wp-block-media-text__media\"><img loading=\"lazy\" decoding=\"async\" width=\"1200\" height=\"1200\" src=\"http:\/\/www.ikzm-d.de\/wasserstoff-und-sdgs\/wp-content\/uploads\/sites\/58\/2022\/10\/SDG-icon-DE-11-1200x1200.jpg\" alt=\"\" class=\"wp-image-705 size-full\" srcset=\"https:\/\/www.ikzm-d.de\/meer-gruene-zukunft\/wp-content\/uploads\/sites\/58\/2022\/10\/SDG-icon-DE-11-1200x1200.jpg 1200w, https:\/\/www.ikzm-d.de\/meer-gruene-zukunft\/wp-content\/uploads\/sites\/58\/2022\/10\/SDG-icon-DE-11-600x600.jpg 600w, https:\/\/www.ikzm-d.de\/meer-gruene-zukunft\/wp-content\/uploads\/sites\/58\/2022\/10\/SDG-icon-DE-11-768x768.jpg 768w, https:\/\/www.ikzm-d.de\/meer-gruene-zukunft\/wp-content\/uploads\/sites\/58\/2022\/10\/SDG-icon-DE-11-1536x1536.jpg 1536w, https:\/\/www.ikzm-d.de\/meer-gruene-zukunft\/wp-content\/uploads\/sites\/58\/2022\/10\/SDG-icon-DE-11.jpg 1774w\" sizes=\"auto, (max-width: 1200px) 100vw, 1200px\" \/><\/figure><div class=\"wp-block-media-text__content\">\n<p><strong>Nachhaltige St\u00e4dte und Gemeinden<\/strong><\/p>\n\n\n\n<p>St\u00e4dte und Siedlungen inklusiv, sicher, widerstandsf\u00e4hig und nachhaltig gestalten<\/p>\n<\/div><\/div>\n\n\n\n<div style=\"height:26px\" aria-hidden=\"true\" class=\"wp-block-spacer\"><\/div>\n\n\n\n<p><strong>Was beinhaltet das Ziel?<\/strong><\/p>\n\n\n\n<p>SDG 11 konkretisiert, wie eine nachhaltigere Ausgestaltung der Stadtentwicklung, Siedlungsplanung und Verkehrssysteme erreicht werden kann. Dies reicht vom Zugang zu angemessenem, sicherem und bezahlbarem Wohnraum, sicheren, bezahlbaren, zug\u00e4nglichen und nachhaltigen Verkehrssystemen \u00fcber den Schutz und die Wahrung von Weltkulturerbe bis hin zur Senkung von Umweltbelastungen und Erh\u00f6hung der Widerstandsf\u00e4higkeit gegen\u00fcber Katastrophen.<\/p>\n\n\n\n<div style=\"height:26px\" aria-hidden=\"true\" class=\"wp-block-spacer\"><\/div>\n\n\n\n<p><strong>Welche Relevanz hat das Ziel?<\/strong><\/p>\n\n\n\n<p>Knapp 50 Prozent aller Menschen leben heute in St\u00e4dten. \u201eIn urbanen R\u00e4umen bildet sich deshalb der Wandel von Umwelt, Klima, Wirtschaft und Gesellschaft wie in einem Brennglas ab. In St\u00e4dten werden die gro\u00dfen Herausforderungen unserer Zeit wie Klimaschutz, Energiewende, Ressourcenverf\u00fcgbarkeit und soziale Teilhabe besonders deutlich. Die Situation von St\u00e4dten ist dabei in mehrfacher Hinsicht ambivalent. Sie ist durch Nutzungsanspr\u00fcche und entsprechende Zielkonflikte gekennzeichnet. So sind St\u00e4dte zum einen Zentren von Innovationen und Wachstum (SDG 9) sowie des sozialen Austauschs und oftmals Ausgangspunkt von Wandel. Gleichzeitig versch\u00e4rfen sich gerade in St\u00e4dten soziale Ungleichheiten (SDG 10). St\u00e4dte sind Hauptbetroffene von Risiken globaler Entwicklungen und besonders anf\u00e4llig f\u00fcr die Auswirkungen des Klimawandels.\u201c (BMU, 2020, S.&nbsp;36)<\/p>\n\n\n\n<div style=\"height:26px\" aria-hidden=\"true\" class=\"wp-block-spacer\"><\/div>\n\n\n\n<p><strong>Welche Effekte kann Gr\u00fcner Wasserstoff auf das Erreichen des Ziels haben?<\/strong><\/p>\n\n\n\n<p>Mit Blick auf die derzeit noch begrenzte Verf\u00fcgbarkeit von gr\u00fcnem Wasserstoff wird der Einsatz \u00fcberwiegend in Sektoren priorisiert, f\u00fcr die es noch keine Alternative zur Dekarbonisierung gibt. Dies betrifft insbesondere die Stahl- und Chemieindustrie und den Luftverkehr. Bei anhaltender Forschung und Technologieentwicklung k\u00f6nnte gr\u00fcner Wasserstoff langfristig aber auch zur nachhaltigen Entwicklung von St\u00e4dten und Gemeinden beitragen (z.&nbsp;B. im W\u00e4rmesektor und umweltschonende Mobilit\u00e4t).<\/p>\n\n\n\n<div style=\"height:26px\" aria-hidden=\"true\" class=\"wp-block-spacer\"><\/div>\n\n\n\n<p class=\"has-text-align-left\"><strong>Wie bewerten die H<sub>2<\/sub>Mare-Akteure Gr\u00fcnen Wasserstoff in Bezug auf SDG 11?<\/strong><\/p>\n\n\n\n<figure class=\"wp-block-gallery has-nested-images columns-default is-cropped wp-block-gallery-1 is-layout-flex wp-block-gallery-is-layout-flex\">\n<figure class=\"wp-block-image size-large\"><img loading=\"lazy\" decoding=\"async\" width=\"1200\" height=\"1135\" data-id=\"1480\" src=\"https:\/\/www.ikzm-d.de\/meer-gruene-zukunft\/wp-content\/uploads\/sites\/58\/2024\/01\/EUCC-D_Effekt-GruenerH2-auf-SDGs-1200x1135.png\" alt=\"\" class=\"wp-image-1480\" srcset=\"https:\/\/www.ikzm-d.de\/meer-gruene-zukunft\/wp-content\/uploads\/sites\/58\/2024\/01\/EUCC-D_Effekt-GruenerH2-auf-SDGs-1200x1135.png 1200w, https:\/\/www.ikzm-d.de\/meer-gruene-zukunft\/wp-content\/uploads\/sites\/58\/2024\/01\/EUCC-D_Effekt-GruenerH2-auf-SDGs-600x568.png 600w, https:\/\/www.ikzm-d.de\/meer-gruene-zukunft\/wp-content\/uploads\/sites\/58\/2024\/01\/EUCC-D_Effekt-GruenerH2-auf-SDGs-768x727.png 768w, https:\/\/www.ikzm-d.de\/meer-gruene-zukunft\/wp-content\/uploads\/sites\/58\/2024\/01\/EUCC-D_Effekt-GruenerH2-auf-SDGs-1536x1453.png 1536w, https:\/\/www.ikzm-d.de\/meer-gruene-zukunft\/wp-content\/uploads\/sites\/58\/2024\/01\/EUCC-D_Effekt-GruenerH2-auf-SDGs.png 1637w\" sizes=\"auto, (max-width: 1200px) 100vw, 1200px\" \/><\/figure>\n\n\n\n<figure class=\"wp-block-image size-large\"><img loading=\"lazy\" decoding=\"async\" width=\"1200\" height=\"675\" data-id=\"1831\" src=\"https:\/\/www.ikzm-d.de\/meer-gruene-zukunft\/wp-content\/uploads\/sites\/58\/2024\/05\/11-1200x675.jpg\" alt=\"\" class=\"wp-image-1831\" srcset=\"https:\/\/www.ikzm-d.de\/meer-gruene-zukunft\/wp-content\/uploads\/sites\/58\/2024\/05\/11-1200x675.jpg 1200w, https:\/\/www.ikzm-d.de\/meer-gruene-zukunft\/wp-content\/uploads\/sites\/58\/2024\/05\/11-600x338.jpg 600w, https:\/\/www.ikzm-d.de\/meer-gruene-zukunft\/wp-content\/uploads\/sites\/58\/2024\/05\/11-768x432.jpg 768w, https:\/\/www.ikzm-d.de\/meer-gruene-zukunft\/wp-content\/uploads\/sites\/58\/2024\/05\/11-1536x864.jpg 1536w, https:\/\/www.ikzm-d.de\/meer-gruene-zukunft\/wp-content\/uploads\/sites\/58\/2024\/05\/11.jpg 1920w\" sizes=\"auto, (max-width: 1200px) 100vw, 1200px\" \/><\/figure>\n<\/figure>\n\n\n\n<div style=\"height:26px\" aria-hidden=\"true\" class=\"wp-block-spacer\"><\/div>\n\n\n\n<p><strong>Wechselwirkungen mit SDG<\/strong><\/p>\n\n\n\n<figure class=\"wp-block-gallery has-nested-images columns-7 is-cropped wp-block-gallery-2 is-layout-flex wp-block-gallery-is-layout-flex\">\n<figure class=\"wp-block-image size-large\"><img loading=\"lazy\" decoding=\"async\" width=\"1773\" height=\"1773\" data-id=\"695\" src=\"https:\/\/www.ikzm-d.de\/meer-gruene-zukunft\/wp-content\/uploads\/sites\/58\/2022\/10\/SDG-icon-DE-01.jpg\" alt=\"\" class=\"wp-image-695\" srcset=\"https:\/\/www.ikzm-d.de\/meer-gruene-zukunft\/wp-content\/uploads\/sites\/58\/2022\/10\/SDG-icon-DE-01.jpg 1773w, https:\/\/www.ikzm-d.de\/meer-gruene-zukunft\/wp-content\/uploads\/sites\/58\/2022\/10\/SDG-icon-DE-01-600x600.jpg 600w, https:\/\/www.ikzm-d.de\/meer-gruene-zukunft\/wp-content\/uploads\/sites\/58\/2022\/10\/SDG-icon-DE-01-1200x1200.jpg 1200w, https:\/\/www.ikzm-d.de\/meer-gruene-zukunft\/wp-content\/uploads\/sites\/58\/2022\/10\/SDG-icon-DE-01-768x768.jpg 768w, https:\/\/www.ikzm-d.de\/meer-gruene-zukunft\/wp-content\/uploads\/sites\/58\/2022\/10\/SDG-icon-DE-01-1536x1536.jpg 1536w\" sizes=\"auto, (max-width: 1773px) 100vw, 1773px\" \/><\/figure>\n\n\n\n<figure class=\"wp-block-image size-large\"><img loading=\"lazy\" decoding=\"async\" width=\"1773\" height=\"1773\" data-id=\"696\" src=\"https:\/\/www.ikzm-d.de\/meer-gruene-zukunft\/wp-content\/uploads\/sites\/58\/2022\/10\/SDG-icon-DE-02.jpg\" alt=\"\" class=\"wp-image-696\" srcset=\"https:\/\/www.ikzm-d.de\/meer-gruene-zukunft\/wp-content\/uploads\/sites\/58\/2022\/10\/SDG-icon-DE-02.jpg 1773w, https:\/\/www.ikzm-d.de\/meer-gruene-zukunft\/wp-content\/uploads\/sites\/58\/2022\/10\/SDG-icon-DE-02-600x600.jpg 600w, https:\/\/www.ikzm-d.de\/meer-gruene-zukunft\/wp-content\/uploads\/sites\/58\/2022\/10\/SDG-icon-DE-02-1200x1200.jpg 1200w, https:\/\/www.ikzm-d.de\/meer-gruene-zukunft\/wp-content\/uploads\/sites\/58\/2022\/10\/SDG-icon-DE-02-768x768.jpg 768w, https:\/\/www.ikzm-d.de\/meer-gruene-zukunft\/wp-content\/uploads\/sites\/58\/2022\/10\/SDG-icon-DE-02-1536x1536.jpg 1536w\" sizes=\"auto, (max-width: 1773px) 100vw, 1773px\" \/><\/figure>\n\n\n\n<figure class=\"wp-block-image size-large\"><img loading=\"lazy\" decoding=\"async\" width=\"1773\" height=\"1774\" data-id=\"697\" src=\"https:\/\/www.ikzm-d.de\/meer-gruene-zukunft\/wp-content\/uploads\/sites\/58\/2022\/10\/SDG-icon-DE-03.jpg\" alt=\"\" class=\"wp-image-697\" srcset=\"https:\/\/www.ikzm-d.de\/meer-gruene-zukunft\/wp-content\/uploads\/sites\/58\/2022\/10\/SDG-icon-DE-03.jpg 1773w, https:\/\/www.ikzm-d.de\/meer-gruene-zukunft\/wp-content\/uploads\/sites\/58\/2022\/10\/SDG-icon-DE-03-600x600.jpg 600w, https:\/\/www.ikzm-d.de\/meer-gruene-zukunft\/wp-content\/uploads\/sites\/58\/2022\/10\/SDG-icon-DE-03-1200x1200.jpg 1200w, https:\/\/www.ikzm-d.de\/meer-gruene-zukunft\/wp-content\/uploads\/sites\/58\/2022\/10\/SDG-icon-DE-03-768x768.jpg 768w, https:\/\/www.ikzm-d.de\/meer-gruene-zukunft\/wp-content\/uploads\/sites\/58\/2022\/10\/SDG-icon-DE-03-1536x1536.jpg 1536w\" sizes=\"auto, (max-width: 1773px) 100vw, 1773px\" \/><\/figure>\n\n\n\n<figure class=\"wp-block-image size-large\"><img loading=\"lazy\" decoding=\"async\" width=\"1773\" height=\"1773\" data-id=\"700\" src=\"https:\/\/www.ikzm-d.de\/meer-gruene-zukunft\/wp-content\/uploads\/sites\/58\/2022\/10\/SDG-icon-DE-06.jpg\" alt=\"\" class=\"wp-image-700\" srcset=\"https:\/\/www.ikzm-d.de\/meer-gruene-zukunft\/wp-content\/uploads\/sites\/58\/2022\/10\/SDG-icon-DE-06.jpg 1773w, https:\/\/www.ikzm-d.de\/meer-gruene-zukunft\/wp-content\/uploads\/sites\/58\/2022\/10\/SDG-icon-DE-06-600x600.jpg 600w, https:\/\/www.ikzm-d.de\/meer-gruene-zukunft\/wp-content\/uploads\/sites\/58\/2022\/10\/SDG-icon-DE-06-1200x1200.jpg 1200w, https:\/\/www.ikzm-d.de\/meer-gruene-zukunft\/wp-content\/uploads\/sites\/58\/2022\/10\/SDG-icon-DE-06-768x768.jpg 768w, https:\/\/www.ikzm-d.de\/meer-gruene-zukunft\/wp-content\/uploads\/sites\/58\/2022\/10\/SDG-icon-DE-06-1536x1536.jpg 1536w\" sizes=\"auto, (max-width: 1773px) 100vw, 1773px\" \/><\/figure>\n\n\n\n<figure class=\"wp-block-image size-large\"><img loading=\"lazy\" decoding=\"async\" width=\"1773\" height=\"1773\" data-id=\"701\" src=\"https:\/\/www.ikzm-d.de\/meer-gruene-zukunft\/wp-content\/uploads\/sites\/58\/2022\/10\/SDG-icon-DE-07.jpg\" alt=\"\" class=\"wp-image-701\" srcset=\"https:\/\/www.ikzm-d.de\/meer-gruene-zukunft\/wp-content\/uploads\/sites\/58\/2022\/10\/SDG-icon-DE-07.jpg 1773w, https:\/\/www.ikzm-d.de\/meer-gruene-zukunft\/wp-content\/uploads\/sites\/58\/2022\/10\/SDG-icon-DE-07-600x600.jpg 600w, https:\/\/www.ikzm-d.de\/meer-gruene-zukunft\/wp-content\/uploads\/sites\/58\/2022\/10\/SDG-icon-DE-07-1200x1200.jpg 1200w, https:\/\/www.ikzm-d.de\/meer-gruene-zukunft\/wp-content\/uploads\/sites\/58\/2022\/10\/SDG-icon-DE-07-768x768.jpg 768w, https:\/\/www.ikzm-d.de\/meer-gruene-zukunft\/wp-content\/uploads\/sites\/58\/2022\/10\/SDG-icon-DE-07-1536x1536.jpg 1536w\" sizes=\"auto, (max-width: 1773px) 100vw, 1773px\" \/><\/figure>\n\n\n\n<figure class=\"wp-block-image size-large\"><img loading=\"lazy\" decoding=\"async\" width=\"1774\" height=\"1773\" data-id=\"703\" src=\"https:\/\/www.ikzm-d.de\/meer-gruene-zukunft\/wp-content\/uploads\/sites\/58\/2022\/10\/SDG-icon-DE-09.jpg\" alt=\"\" class=\"wp-image-703\" srcset=\"https:\/\/www.ikzm-d.de\/meer-gruene-zukunft\/wp-content\/uploads\/sites\/58\/2022\/10\/SDG-icon-DE-09.jpg 1774w, https:\/\/www.ikzm-d.de\/meer-gruene-zukunft\/wp-content\/uploads\/sites\/58\/2022\/10\/SDG-icon-DE-09-600x600.jpg 600w, https:\/\/www.ikzm-d.de\/meer-gruene-zukunft\/wp-content\/uploads\/sites\/58\/2022\/10\/SDG-icon-DE-09-1200x1200.jpg 1200w, https:\/\/www.ikzm-d.de\/meer-gruene-zukunft\/wp-content\/uploads\/sites\/58\/2022\/10\/SDG-icon-DE-09-768x768.jpg 768w, https:\/\/www.ikzm-d.de\/meer-gruene-zukunft\/wp-content\/uploads\/sites\/58\/2022\/10\/SDG-icon-DE-09-1536x1536.jpg 1536w\" sizes=\"auto, (max-width: 1774px) 100vw, 1774px\" \/><\/figure>\n\n\n\n<figure class=\"wp-block-image size-large\"><img loading=\"lazy\" decoding=\"async\" width=\"1774\" height=\"1773\" data-id=\"707\" src=\"https:\/\/www.ikzm-d.de\/meer-gruene-zukunft\/wp-content\/uploads\/sites\/58\/2022\/10\/SDG-icon-DE-13.jpg\" alt=\"\" class=\"wp-image-707\" srcset=\"https:\/\/www.ikzm-d.de\/meer-gruene-zukunft\/wp-content\/uploads\/sites\/58\/2022\/10\/SDG-icon-DE-13.jpg 1774w, https:\/\/www.ikzm-d.de\/meer-gruene-zukunft\/wp-content\/uploads\/sites\/58\/2022\/10\/SDG-icon-DE-13-600x600.jpg 600w, https:\/\/www.ikzm-d.de\/meer-gruene-zukunft\/wp-content\/uploads\/sites\/58\/2022\/10\/SDG-icon-DE-13-1200x1200.jpg 1200w, https:\/\/www.ikzm-d.de\/meer-gruene-zukunft\/wp-content\/uploads\/sites\/58\/2022\/10\/SDG-icon-DE-13-768x768.jpg 768w, https:\/\/www.ikzm-d.de\/meer-gruene-zukunft\/wp-content\/uploads\/sites\/58\/2022\/10\/SDG-icon-DE-13-1536x1536.jpg 1536w\" sizes=\"auto, (max-width: 1774px) 100vw, 1774px\" \/><\/figure>\n<\/figure>\n","protected":false},"excerpt":{"rendered":"<p>Nachhaltige St\u00e4dte und Gemeinden St\u00e4dte und Siedlungen inklusiv, sicher, widerstandsf\u00e4hig und nachhaltig gestalten Was beinhaltet das Ziel? SDG 11 konkretisiert, wie eine nachhaltigere Ausgestaltung der Stadtentwicklung, Siedlungsplanung und Verkehrssysteme erreicht werden kann. Dies reicht vom Zugang zu angemessenem, sicherem und bezahlbarem Wohnraum, sicheren, bezahlbaren, zug\u00e4nglichen und nachhaltigen Verkehrssystemen \u00fcber den Schutz und die Wahrung von [&hellip;]<\/p>\n","protected":false},"author":3,"featured_media":0,"parent":686,"menu_order":11,"comment_status":"closed","ping_status":"closed","template":"","meta":{"footnotes":""},"class_list":["post-780","page","type-page","status-publish","hentry"],"_links":{"self":[{"href":"https:\/\/www.ikzm-d.de\/meer-gruene-zukunft\/wp-json\/wp\/v2\/pages\/780","targetHints":{"allow":["GET"]}}],"collection":[{"href":"https:\/\/www.ikzm-d.de\/meer-gruene-zukunft\/wp-json\/wp\/v2\/pages"}],"about":[{"href":"https:\/\/www.ikzm-d.de\/meer-gruene-zukunft\/wp-json\/wp\/v2\/types\/page"}],"author":[{"embeddable":true,"href":"https:\/\/www.ikzm-d.de\/meer-gruene-zukunft\/wp-json\/wp\/v2\/users\/3"}],"replies":[{"embeddable":true,"href":"https:\/\/www.ikzm-d.de\/meer-gruene-zukunft\/wp-json\/wp\/v2\/comments?post=780"}],"version-history":[{"count":12,"href":"https:\/\/www.ikzm-d.de\/meer-gruene-zukunft\/wp-json\/wp\/v2\/pages\/780\/revisions"}],"predecessor-version":[{"id":1922,"href":"https:\/\/www.ikzm-d.de\/meer-gruene-zukunft\/wp-json\/wp\/v2\/pages\/780\/revisions\/1922"}],"up":[{"embeddable":true,"href":"https:\/\/www.ikzm-d.de\/meer-gruene-zukunft\/wp-json\/wp\/v2\/pages\/686"}],"wp:attachment":[{"href":"https:\/\/www.ikzm-d.de\/meer-gruene-zukunft\/wp-json\/wp\/v2\/media?parent=780"}],"curies":[{"name":"wp","href":"https:\/\/api.w.org\/{rel}","templated":true}]}}