{"id":784,"date":"2022-10-06T05:20:38","date_gmt":"2022-10-06T03:20:38","guid":{"rendered":"https:\/\/www.ikzm-d.de\/wasserstoff-und-sdgs\/?page_id=784"},"modified":"2024-05-15T13:25:02","modified_gmt":"2024-05-15T11:25:02","slug":"sdg-12","status":"publish","type":"page","link":"https:\/\/www.ikzm-d.de\/meer-gruene-zukunft\/wechselwirkung\/sdg-12\/","title":{"rendered":"SDG 12 zu Produktion"},"content":{"rendered":"\n<div class=\"wp-block-media-text alignwide is-stacked-on-mobile is-vertically-aligned-top\" style=\"grid-template-columns:25% auto\"><figure class=\"wp-block-media-text__media\"><img loading=\"lazy\" decoding=\"async\" width=\"1200\" height=\"1200\" src=\"http:\/\/www.ikzm-d.de\/wasserstoff-und-sdgs\/wp-content\/uploads\/sites\/58\/2022\/10\/SDG-icon-DE-12-1200x1200.jpg\" alt=\"\" class=\"wp-image-706 size-full\" srcset=\"https:\/\/www.ikzm-d.de\/meer-gruene-zukunft\/wp-content\/uploads\/sites\/58\/2022\/10\/SDG-icon-DE-12-1200x1200.jpg 1200w, https:\/\/www.ikzm-d.de\/meer-gruene-zukunft\/wp-content\/uploads\/sites\/58\/2022\/10\/SDG-icon-DE-12-600x600.jpg 600w, https:\/\/www.ikzm-d.de\/meer-gruene-zukunft\/wp-content\/uploads\/sites\/58\/2022\/10\/SDG-icon-DE-12-768x768.jpg 768w, https:\/\/www.ikzm-d.de\/meer-gruene-zukunft\/wp-content\/uploads\/sites\/58\/2022\/10\/SDG-icon-DE-12-1536x1536.jpg 1536w, https:\/\/www.ikzm-d.de\/meer-gruene-zukunft\/wp-content\/uploads\/sites\/58\/2022\/10\/SDG-icon-DE-12.jpg 1773w\" sizes=\"auto, (max-width: 1200px) 100vw, 1200px\" \/><\/figure><div class=\"wp-block-media-text__content\">\n<p><strong>Nachhaltig produzieren und konsumieren<\/strong><\/p>\n\n\n\n<p>Nachhaltige Konsum- und Produktionsmuster sicherstellen<\/p>\n<\/div><\/div>\n\n\n\n<div style=\"height:26px\" aria-hidden=\"true\" class=\"wp-block-spacer\"><\/div>\n\n\n\n<p><strong>Was beinhaltet das Ziel?<\/strong><\/p>\n\n\n\n<p>SDG 12 fokussiert auf die notwendige Ver\u00e4nderung von Lebensstilen und Wirtschaftsformen. Damit nachhaltige Entwicklung erfolgreich umgesetzt werden kann, muss Konsumieren und Produzieren innerhalb der planetaren \u00f6kologischen Grenzen stattfinden. Dabei wird sowohl der individuelle Konsum als auch die Umgestaltung von Wertsch\u00f6pfungsmustern adressiert. In der Folge m\u00fcssen M\u00fcll und Abf\u00e4lle vermieden, wirkungsvolle Kreislaufwirtschaften und nachhaltige Lieferketten etabliert und nicht vermeidbarer M\u00fcll verantwortungsvoll entsorgt werden.<\/p>\n\n\n\n<div style=\"height:26px\" aria-hidden=\"true\" class=\"wp-block-spacer\"><\/div>\n\n\n\n<p><strong>Welche Relevanz hat das Ziel?<\/strong><\/p>\n\n\n\n<p>Die Produktion, der Transport, die Nutzung und Entsorgung von Konsumg\u00fctern (und Dienstleistungen) verursacht mittel- oder unmittelbar einen Gro\u00dfteil des CO<sub>2<\/sub>-Austo\u00dfes sowie weiterer klima- und umweltsch\u00e4dlicher Stoffe. Dies bezieht sich gleicherma\u00dfen auf den Konsum durch Endverbraucher wie durch Industrien zur Herstellung weiterer G\u00fcter. Damit wirken sich Produktions- und Konsummuster unmittelbar auf Natur, Klima und die Gesundheit des Menschen aus.<\/p>\n\n\n\n<div style=\"height:26px\" aria-hidden=\"true\" class=\"wp-block-spacer\"><\/div>\n\n\n\n<p><strong>Welche Effekte kann Gr\u00fcner Wasserstoff auf das Erreichen des Ziels haben?<\/strong><\/p>\n\n\n\n<p>Bereits heute liegen alle Industrienationen mit ihren Konsum- und Produktionsaktivit\u00e4ten weit \u00fcber den planetaren \u00f6kologischen Grenzen. F\u00fcr eine nachhaltige Entwicklung m\u00fcssen Ressourcenverbrauch und der Aussto\u00df klimasch\u00e4dlicher Gase drastisch reduziert werden. Hierf\u00fcr braucht es eine Entkoppelung von wirtschaftlicher Entwicklung. Gr\u00fcner Wasserstoff und seine Folgeprodukte sind per se nicht umwelt- und klimaneutral, aber ein wichtiger Schritt zur Entkoppelung von wirtschaftlicher Entwicklung und dem Verbrauch von Ressourcen sowie der Emission von klimasch\u00e4dlichen Gasen. Bei der Planung, dem Bau und der Wartung von Produktionsanlagen gr\u00fcnen Wasserstoffs sollte von vornherein das Abfallaufkommen inklusive der Entsorgung von Chemikalien m\u00f6glichst gering und die Recyclingquote auch im Bezug auf den R\u00fcckbau der Anlagen ausgesch\u00f6pft bzw. mittels weiterer Forschung und Technologieentwicklung verbessert werden.<\/p>\n\n\n\n<div style=\"height:26px\" aria-hidden=\"true\" class=\"wp-block-spacer\"><\/div>\n\n\n\n<p class=\"has-text-align-left\"><strong>Wie bewerten die H<sub>2<\/sub>Mare-Akteure Gr\u00fcnen Wasserstoff in Bezug auf SDG 12?<\/strong><\/p>\n\n\n\n<figure class=\"wp-block-gallery has-nested-images columns-default is-cropped wp-block-gallery-1 is-layout-flex wp-block-gallery-is-layout-flex\">\n<figure class=\"wp-block-image size-large\"><img loading=\"lazy\" decoding=\"async\" width=\"1200\" height=\"1135\" data-id=\"1480\" src=\"https:\/\/www.ikzm-d.de\/meer-gruene-zukunft\/wp-content\/uploads\/sites\/58\/2024\/01\/EUCC-D_Effekt-GruenerH2-auf-SDGs-1200x1135.png\" alt=\"\" class=\"wp-image-1480\" srcset=\"https:\/\/www.ikzm-d.de\/meer-gruene-zukunft\/wp-content\/uploads\/sites\/58\/2024\/01\/EUCC-D_Effekt-GruenerH2-auf-SDGs-1200x1135.png 1200w, https:\/\/www.ikzm-d.de\/meer-gruene-zukunft\/wp-content\/uploads\/sites\/58\/2024\/01\/EUCC-D_Effekt-GruenerH2-auf-SDGs-600x568.png 600w, https:\/\/www.ikzm-d.de\/meer-gruene-zukunft\/wp-content\/uploads\/sites\/58\/2024\/01\/EUCC-D_Effekt-GruenerH2-auf-SDGs-768x727.png 768w, https:\/\/www.ikzm-d.de\/meer-gruene-zukunft\/wp-content\/uploads\/sites\/58\/2024\/01\/EUCC-D_Effekt-GruenerH2-auf-SDGs-1536x1453.png 1536w, https:\/\/www.ikzm-d.de\/meer-gruene-zukunft\/wp-content\/uploads\/sites\/58\/2024\/01\/EUCC-D_Effekt-GruenerH2-auf-SDGs.png 1637w\" sizes=\"auto, (max-width: 1200px) 100vw, 1200px\" \/><\/figure>\n\n\n\n<figure class=\"wp-block-image size-large\"><img loading=\"lazy\" decoding=\"async\" width=\"1200\" height=\"675\" data-id=\"1832\" src=\"https:\/\/www.ikzm-d.de\/meer-gruene-zukunft\/wp-content\/uploads\/sites\/58\/2024\/05\/12-1200x675.jpg\" alt=\"\" class=\"wp-image-1832\" srcset=\"https:\/\/www.ikzm-d.de\/meer-gruene-zukunft\/wp-content\/uploads\/sites\/58\/2024\/05\/12-1200x675.jpg 1200w, https:\/\/www.ikzm-d.de\/meer-gruene-zukunft\/wp-content\/uploads\/sites\/58\/2024\/05\/12-600x338.jpg 600w, https:\/\/www.ikzm-d.de\/meer-gruene-zukunft\/wp-content\/uploads\/sites\/58\/2024\/05\/12-768x432.jpg 768w, https:\/\/www.ikzm-d.de\/meer-gruene-zukunft\/wp-content\/uploads\/sites\/58\/2024\/05\/12-1536x864.jpg 1536w, https:\/\/www.ikzm-d.de\/meer-gruene-zukunft\/wp-content\/uploads\/sites\/58\/2024\/05\/12.jpg 1920w\" sizes=\"auto, (max-width: 1200px) 100vw, 1200px\" \/><\/figure>\n<\/figure>\n\n\n\n<div style=\"height:26px\" aria-hidden=\"true\" class=\"wp-block-spacer\"><\/div>\n\n\n\n<p><strong>Wechselwirkungen mit SDG<\/strong><\/p>\n\n\n\n<figure class=\"wp-block-gallery has-nested-images columns-5 is-cropped wp-block-gallery-2 is-layout-flex wp-block-gallery-is-layout-flex\">\n<figure class=\"wp-block-image size-large\"><img loading=\"lazy\" decoding=\"async\" width=\"1773\" height=\"1773\" data-id=\"702\" src=\"https:\/\/www.ikzm-d.de\/meer-gruene-zukunft\/wp-content\/uploads\/sites\/58\/2022\/10\/SDG-icon-DE-08.jpg\" alt=\"\" class=\"wp-image-702\" srcset=\"https:\/\/www.ikzm-d.de\/meer-gruene-zukunft\/wp-content\/uploads\/sites\/58\/2022\/10\/SDG-icon-DE-08.jpg 1773w, https:\/\/www.ikzm-d.de\/meer-gruene-zukunft\/wp-content\/uploads\/sites\/58\/2022\/10\/SDG-icon-DE-08-600x600.jpg 600w, https:\/\/www.ikzm-d.de\/meer-gruene-zukunft\/wp-content\/uploads\/sites\/58\/2022\/10\/SDG-icon-DE-08-1200x1200.jpg 1200w, https:\/\/www.ikzm-d.de\/meer-gruene-zukunft\/wp-content\/uploads\/sites\/58\/2022\/10\/SDG-icon-DE-08-768x768.jpg 768w, https:\/\/www.ikzm-d.de\/meer-gruene-zukunft\/wp-content\/uploads\/sites\/58\/2022\/10\/SDG-icon-DE-08-1536x1536.jpg 1536w\" sizes=\"auto, (max-width: 1773px) 100vw, 1773px\" \/><\/figure>\n\n\n\n<figure class=\"wp-block-image size-large\"><img loading=\"lazy\" decoding=\"async\" width=\"1774\" height=\"1773\" data-id=\"703\" src=\"https:\/\/www.ikzm-d.de\/meer-gruene-zukunft\/wp-content\/uploads\/sites\/58\/2022\/10\/SDG-icon-DE-09.jpg\" alt=\"\" class=\"wp-image-703\" srcset=\"https:\/\/www.ikzm-d.de\/meer-gruene-zukunft\/wp-content\/uploads\/sites\/58\/2022\/10\/SDG-icon-DE-09.jpg 1774w, https:\/\/www.ikzm-d.de\/meer-gruene-zukunft\/wp-content\/uploads\/sites\/58\/2022\/10\/SDG-icon-DE-09-600x600.jpg 600w, https:\/\/www.ikzm-d.de\/meer-gruene-zukunft\/wp-content\/uploads\/sites\/58\/2022\/10\/SDG-icon-DE-09-1200x1200.jpg 1200w, https:\/\/www.ikzm-d.de\/meer-gruene-zukunft\/wp-content\/uploads\/sites\/58\/2022\/10\/SDG-icon-DE-09-768x768.jpg 768w, https:\/\/www.ikzm-d.de\/meer-gruene-zukunft\/wp-content\/uploads\/sites\/58\/2022\/10\/SDG-icon-DE-09-1536x1536.jpg 1536w\" sizes=\"auto, (max-width: 1774px) 100vw, 1774px\" \/><\/figure>\n\n\n\n<figure class=\"wp-block-image size-large\"><img loading=\"lazy\" decoding=\"async\" width=\"1774\" height=\"1773\" data-id=\"707\" src=\"https:\/\/www.ikzm-d.de\/meer-gruene-zukunft\/wp-content\/uploads\/sites\/58\/2022\/10\/SDG-icon-DE-13.jpg\" alt=\"\" class=\"wp-image-707\" srcset=\"https:\/\/www.ikzm-d.de\/meer-gruene-zukunft\/wp-content\/uploads\/sites\/58\/2022\/10\/SDG-icon-DE-13.jpg 1774w, https:\/\/www.ikzm-d.de\/meer-gruene-zukunft\/wp-content\/uploads\/sites\/58\/2022\/10\/SDG-icon-DE-13-600x600.jpg 600w, https:\/\/www.ikzm-d.de\/meer-gruene-zukunft\/wp-content\/uploads\/sites\/58\/2022\/10\/SDG-icon-DE-13-1200x1200.jpg 1200w, https:\/\/www.ikzm-d.de\/meer-gruene-zukunft\/wp-content\/uploads\/sites\/58\/2022\/10\/SDG-icon-DE-13-768x768.jpg 768w, https:\/\/www.ikzm-d.de\/meer-gruene-zukunft\/wp-content\/uploads\/sites\/58\/2022\/10\/SDG-icon-DE-13-1536x1536.jpg 1536w\" sizes=\"auto, (max-width: 1774px) 100vw, 1774px\" \/><\/figure>\n\n\n\n<figure class=\"wp-block-image size-large\"><img loading=\"lazy\" decoding=\"async\" width=\"1200\" height=\"1200\" data-id=\"1745\" src=\"https:\/\/www.ikzm-d.de\/meer-gruene-zukunft\/wp-content\/uploads\/sites\/58\/2024\/05\/SDG-icon-DE-14-1200x1200.jpg\" alt=\"\" class=\"wp-image-1745\" srcset=\"https:\/\/www.ikzm-d.de\/meer-gruene-zukunft\/wp-content\/uploads\/sites\/58\/2024\/05\/SDG-icon-DE-14-1200x1200.jpg 1200w, https:\/\/www.ikzm-d.de\/meer-gruene-zukunft\/wp-content\/uploads\/sites\/58\/2024\/05\/SDG-icon-DE-14-600x600.jpg 600w, https:\/\/www.ikzm-d.de\/meer-gruene-zukunft\/wp-content\/uploads\/sites\/58\/2024\/05\/SDG-icon-DE-14-768x768.jpg 768w, https:\/\/www.ikzm-d.de\/meer-gruene-zukunft\/wp-content\/uploads\/sites\/58\/2024\/05\/SDG-icon-DE-14-1536x1536.jpg 1536w, https:\/\/www.ikzm-d.de\/meer-gruene-zukunft\/wp-content\/uploads\/sites\/58\/2024\/05\/SDG-icon-DE-14.jpg 1774w\" sizes=\"auto, (max-width: 1200px) 100vw, 1200px\" \/><\/figure>\n\n\n\n<figure class=\"wp-block-image size-large\"><img loading=\"lazy\" decoding=\"async\" width=\"1774\" height=\"1774\" data-id=\"709\" src=\"https:\/\/www.ikzm-d.de\/meer-gruene-zukunft\/wp-content\/uploads\/sites\/58\/2022\/10\/SDG-icon-DE-15.jpg\" alt=\"\" class=\"wp-image-709\" srcset=\"https:\/\/www.ikzm-d.de\/meer-gruene-zukunft\/wp-content\/uploads\/sites\/58\/2022\/10\/SDG-icon-DE-15.jpg 1774w, https:\/\/www.ikzm-d.de\/meer-gruene-zukunft\/wp-content\/uploads\/sites\/58\/2022\/10\/SDG-icon-DE-15-600x600.jpg 600w, https:\/\/www.ikzm-d.de\/meer-gruene-zukunft\/wp-content\/uploads\/sites\/58\/2022\/10\/SDG-icon-DE-15-1200x1200.jpg 1200w, https:\/\/www.ikzm-d.de\/meer-gruene-zukunft\/wp-content\/uploads\/sites\/58\/2022\/10\/SDG-icon-DE-15-768x768.jpg 768w, https:\/\/www.ikzm-d.de\/meer-gruene-zukunft\/wp-content\/uploads\/sites\/58\/2022\/10\/SDG-icon-DE-15-1536x1536.jpg 1536w\" sizes=\"auto, (max-width: 1774px) 100vw, 1774px\" \/><\/figure>\n<\/figure>\n","protected":false},"excerpt":{"rendered":"<p>Nachhaltig produzieren und konsumieren Nachhaltige Konsum- und Produktionsmuster sicherstellen Was beinhaltet das Ziel? SDG 12 fokussiert auf die notwendige Ver\u00e4nderung von Lebensstilen und Wirtschaftsformen. Damit nachhaltige Entwicklung erfolgreich umgesetzt werden kann, muss Konsumieren und Produzieren innerhalb der planetaren \u00f6kologischen Grenzen stattfinden. Dabei wird sowohl der individuelle Konsum als auch die Umgestaltung von Wertsch\u00f6pfungsmustern adressiert. In [&hellip;]<\/p>\n","protected":false},"author":3,"featured_media":0,"parent":686,"menu_order":12,"comment_status":"closed","ping_status":"closed","template":"","meta":{"footnotes":""},"class_list":["post-784","page","type-page","status-publish","hentry"],"_links":{"self":[{"href":"https:\/\/www.ikzm-d.de\/meer-gruene-zukunft\/wp-json\/wp\/v2\/pages\/784","targetHints":{"allow":["GET"]}}],"collection":[{"href":"https:\/\/www.ikzm-d.de\/meer-gruene-zukunft\/wp-json\/wp\/v2\/pages"}],"about":[{"href":"https:\/\/www.ikzm-d.de\/meer-gruene-zukunft\/wp-json\/wp\/v2\/types\/page"}],"author":[{"embeddable":true,"href":"https:\/\/www.ikzm-d.de\/meer-gruene-zukunft\/wp-json\/wp\/v2\/users\/3"}],"replies":[{"embeddable":true,"href":"https:\/\/www.ikzm-d.de\/meer-gruene-zukunft\/wp-json\/wp\/v2\/comments?post=784"}],"version-history":[{"count":12,"href":"https:\/\/www.ikzm-d.de\/meer-gruene-zukunft\/wp-json\/wp\/v2\/pages\/784\/revisions"}],"predecessor-version":[{"id":1924,"href":"https:\/\/www.ikzm-d.de\/meer-gruene-zukunft\/wp-json\/wp\/v2\/pages\/784\/revisions\/1924"}],"up":[{"embeddable":true,"href":"https:\/\/www.ikzm-d.de\/meer-gruene-zukunft\/wp-json\/wp\/v2\/pages\/686"}],"wp:attachment":[{"href":"https:\/\/www.ikzm-d.de\/meer-gruene-zukunft\/wp-json\/wp\/v2\/media?parent=784"}],"curies":[{"name":"wp","href":"https:\/\/api.w.org\/{rel}","templated":true}]}}