{"id":792,"date":"2022-10-06T05:21:49","date_gmt":"2022-10-06T03:21:49","guid":{"rendered":"https:\/\/www.ikzm-d.de\/wasserstoff-und-sdgs\/?page_id=792"},"modified":"2024-05-15T13:35:55","modified_gmt":"2024-05-15T11:35:55","slug":"sdg-14","status":"publish","type":"page","link":"https:\/\/www.ikzm-d.de\/meer-gruene-zukunft\/wechselwirkung\/sdg-14\/","title":{"rendered":"SDG 14 zu Meeres\u00f6kosystemen"},"content":{"rendered":"\n<div class=\"wp-block-media-text alignwide is-stacked-on-mobile is-vertically-aligned-top\" style=\"grid-template-columns:25% auto\"><figure class=\"wp-block-media-text__media\"><img loading=\"lazy\" decoding=\"async\" width=\"1200\" height=\"1200\" src=\"https:\/\/www.ikzm-d.de\/meer-gruene-zukunft\/wp-content\/uploads\/sites\/58\/2024\/05\/SDG-icon-DE-14-1200x1200.jpg\" alt=\"\" class=\"wp-image-1745 size-full\" srcset=\"https:\/\/www.ikzm-d.de\/meer-gruene-zukunft\/wp-content\/uploads\/sites\/58\/2024\/05\/SDG-icon-DE-14-1200x1200.jpg 1200w, https:\/\/www.ikzm-d.de\/meer-gruene-zukunft\/wp-content\/uploads\/sites\/58\/2024\/05\/SDG-icon-DE-14-600x600.jpg 600w, https:\/\/www.ikzm-d.de\/meer-gruene-zukunft\/wp-content\/uploads\/sites\/58\/2024\/05\/SDG-icon-DE-14-768x768.jpg 768w, https:\/\/www.ikzm-d.de\/meer-gruene-zukunft\/wp-content\/uploads\/sites\/58\/2024\/05\/SDG-icon-DE-14-1536x1536.jpg 1536w, https:\/\/www.ikzm-d.de\/meer-gruene-zukunft\/wp-content\/uploads\/sites\/58\/2024\/05\/SDG-icon-DE-14.jpg 1774w\" sizes=\"auto, (max-width: 1200px) 100vw, 1200px\" \/><\/figure><div class=\"wp-block-media-text__content\">\n<p><strong>Leben unter Wasser<\/strong><\/p>\n\n\n\n<p>Ozeane, Meere und Meeresressourcen im Sinne nachhaltiger Entwicklung erhalten und nachhaltig nutzen<\/p>\n<\/div><\/div>\n\n\n\n<div style=\"height:26px\" aria-hidden=\"true\" class=\"wp-block-spacer\"><\/div>\n\n\n\n<p><strong>Was beinhaltet das Ziel?<\/strong><\/p>\n\n\n\n<p>Mit SDG 14 werden die nachhaltige Bewirtschaftung und der Schutz der Meeres- und K\u00fcsten\u00f6kosysteme gefordert. Dabei werden u.&nbsp;a. alle Arten der Verschmutzung, Versauerung und \u00dcberfischung des Ozeans adressiert. Mindestens 10&nbsp;% der K\u00fcsten- und Meeresgebiete sollen durch die Ausweisung von Schutzgebieten auf Grundlage der bereits verf\u00fcgbaren wissenschaftlichen Informationen erhalten bleiben.<\/p>\n\n\n\n<div style=\"height:26px\" aria-hidden=\"true\" class=\"wp-block-spacer\"><\/div>\n\n\n\n<p><strong>Welche Relevanz hat das Ziel?<\/strong><\/p>\n\n\n\n<p>Den Weltmeeren, die rund 70&nbsp;% des Planeten bedecken, kommen mehrere wichtige Funktionen zu: So regulieren sie das Klima, stellen wichtige Ressourcen und \u00d6kosystemleistungen bereit, beherbergen eine gro\u00dfe Artenvielfalt und sind f\u00fcr eine Vielzahl menschlicher Aktivit\u00e4ten Voraussetzung (z.&nbsp;B. Rohstoffgewinnung, Verkehr, Milit\u00e4r, Fischerei, Tourismus). Damit sind alle Menschen direkt oder indirekt von gesunden und widerstandsf\u00e4higen Meeren und K\u00fcsten abh\u00e4ngig. Da sie Teil des weltweiten Wasserkreislaufs sind, begrenzt sich das Risiko der Verschmutzung und \u00dcberlastung nicht allein auf die direkte Einleitung oder Nutzung. Stoffeintr\u00e4ge aus Landwirtschaft, Industrie- und Verkehrssektor \u00fcber das Binnenland tragen ebenso zur Gef\u00e4hrdung bei.<\/p>\n\n\n\n<div style=\"height:26px\" aria-hidden=\"true\" class=\"wp-block-spacer\"><\/div>\n\n\n\n<p><strong>Welche Effekte kann Gr\u00fcner Wasserstoff auf das Erreichen des Ziels haben?<\/strong><\/p>\n\n\n\n<p>\u201eNational hat Deutschland 45 Prozent seiner Meeresgew\u00e4sser in Nord- und Ostsee unter Schutz gestellt und \u00fcbertrifft damit deutlich die im SDG 14 angestrebte Unterschutzstellung von 10 Prozent der K\u00fcsten- und Meeresgew\u00e4sser.\u201c (BMU, 2020, S.&nbsp;49) Gleichzeitig hat Deutschland bei der Umsetzung der Meeresstrategierahmenrichtlinie (MSRL) den bis 2020 angestrebten guten Zustand der Meeresumwelt verfehlt. Dies liegt u.&nbsp;a. darin begr\u00fcndet, dass in Meeresschutzgebieten menschliche Aktivit\u00e4ten nicht grunds\u00e4tzlich ausgeschlossen sind, so dass es zu kumulativen Belastungen z.&nbsp;B. durch Fischerei, Verkehr oder Energieerzeuger kommt. Um den Bedarf an erneuerbaren Energien f\u00fcr die Herstellung von gr\u00fcnem Wasserstoff zu decken, ist der Ausbau von Windenergieanlagen im Meer notwendig. Dies darf aber nicht zu einer Versch\u00e4rfung des ohnehin schon bestehenden Nutzungsdruckes f\u00fchren. So braucht es u.&nbsp;a. schallarme Verfahren w\u00e4hrend der Bauphase, umweltschonende Verkehrskonzepte f\u00fcr die Bau-, Wartungs- und Serviceverkehre, wirksame Vermeidungskonzepte f\u00fcr die Kollision von V\u00f6geln und Flederm\u00e4usen, schonende und schnelle R\u00fcckbaukonzepte und fall- sowie fl\u00e4chenbezogene Umweltvertr\u00e4glichkeitspr\u00fcfungen (UVP) (vgl. NABU, 2022, S.&nbsp;5)<\/p>\n\n\n\n<div style=\"height:26px\" aria-hidden=\"true\" class=\"wp-block-spacer\"><\/div>\n\n\n\n<p class=\"has-text-align-left\"><strong>Wie bewerten die H<sub>2<\/sub>Mare-Akteure Gr\u00fcnen Wasserstoff in Bezug auf SDG 14?<\/strong><\/p>\n\n\n\n<figure class=\"wp-block-gallery has-nested-images columns-default is-cropped wp-block-gallery-1 is-layout-flex wp-block-gallery-is-layout-flex\">\n<figure class=\"wp-block-image size-large\"><img loading=\"lazy\" decoding=\"async\" width=\"1200\" height=\"1135\" data-id=\"1480\" src=\"https:\/\/www.ikzm-d.de\/meer-gruene-zukunft\/wp-content\/uploads\/sites\/58\/2024\/01\/EUCC-D_Effekt-GruenerH2-auf-SDGs-1200x1135.png\" alt=\"\" class=\"wp-image-1480\" srcset=\"https:\/\/www.ikzm-d.de\/meer-gruene-zukunft\/wp-content\/uploads\/sites\/58\/2024\/01\/EUCC-D_Effekt-GruenerH2-auf-SDGs-1200x1135.png 1200w, https:\/\/www.ikzm-d.de\/meer-gruene-zukunft\/wp-content\/uploads\/sites\/58\/2024\/01\/EUCC-D_Effekt-GruenerH2-auf-SDGs-600x568.png 600w, https:\/\/www.ikzm-d.de\/meer-gruene-zukunft\/wp-content\/uploads\/sites\/58\/2024\/01\/EUCC-D_Effekt-GruenerH2-auf-SDGs-768x727.png 768w, https:\/\/www.ikzm-d.de\/meer-gruene-zukunft\/wp-content\/uploads\/sites\/58\/2024\/01\/EUCC-D_Effekt-GruenerH2-auf-SDGs-1536x1453.png 1536w, https:\/\/www.ikzm-d.de\/meer-gruene-zukunft\/wp-content\/uploads\/sites\/58\/2024\/01\/EUCC-D_Effekt-GruenerH2-auf-SDGs.png 1637w\" sizes=\"auto, (max-width: 1200px) 100vw, 1200px\" \/><\/figure>\n\n\n\n<figure class=\"wp-block-image size-large\"><img loading=\"lazy\" decoding=\"async\" width=\"1200\" height=\"675\" data-id=\"1834\" src=\"https:\/\/www.ikzm-d.de\/meer-gruene-zukunft\/wp-content\/uploads\/sites\/58\/2024\/05\/14-1200x675.jpg\" alt=\"\" class=\"wp-image-1834\" srcset=\"https:\/\/www.ikzm-d.de\/meer-gruene-zukunft\/wp-content\/uploads\/sites\/58\/2024\/05\/14-1200x675.jpg 1200w, https:\/\/www.ikzm-d.de\/meer-gruene-zukunft\/wp-content\/uploads\/sites\/58\/2024\/05\/14-600x338.jpg 600w, https:\/\/www.ikzm-d.de\/meer-gruene-zukunft\/wp-content\/uploads\/sites\/58\/2024\/05\/14-768x432.jpg 768w, https:\/\/www.ikzm-d.de\/meer-gruene-zukunft\/wp-content\/uploads\/sites\/58\/2024\/05\/14-1536x864.jpg 1536w, https:\/\/www.ikzm-d.de\/meer-gruene-zukunft\/wp-content\/uploads\/sites\/58\/2024\/05\/14.jpg 1920w\" sizes=\"auto, (max-width: 1200px) 100vw, 1200px\" \/><\/figure>\n<\/figure>\n\n\n\n<div style=\"height:26px\" aria-hidden=\"true\" class=\"wp-block-spacer\"><\/div>\n\n\n\n<p><strong>Wechselwirkungen mit SDG<\/strong><\/p>\n\n\n\n<figure class=\"wp-block-gallery has-nested-images columns-5 is-cropped wp-block-gallery-2 is-layout-flex wp-block-gallery-is-layout-flex\">\n<figure class=\"wp-block-image size-large\"><img loading=\"lazy\" decoding=\"async\" width=\"1773\" height=\"1773\" data-id=\"695\" src=\"https:\/\/www.ikzm-d.de\/meer-gruene-zukunft\/wp-content\/uploads\/sites\/58\/2022\/10\/SDG-icon-DE-01.jpg\" alt=\"\" class=\"wp-image-695\" srcset=\"https:\/\/www.ikzm-d.de\/meer-gruene-zukunft\/wp-content\/uploads\/sites\/58\/2022\/10\/SDG-icon-DE-01.jpg 1773w, https:\/\/www.ikzm-d.de\/meer-gruene-zukunft\/wp-content\/uploads\/sites\/58\/2022\/10\/SDG-icon-DE-01-600x600.jpg 600w, https:\/\/www.ikzm-d.de\/meer-gruene-zukunft\/wp-content\/uploads\/sites\/58\/2022\/10\/SDG-icon-DE-01-1200x1200.jpg 1200w, https:\/\/www.ikzm-d.de\/meer-gruene-zukunft\/wp-content\/uploads\/sites\/58\/2022\/10\/SDG-icon-DE-01-768x768.jpg 768w, https:\/\/www.ikzm-d.de\/meer-gruene-zukunft\/wp-content\/uploads\/sites\/58\/2022\/10\/SDG-icon-DE-01-1536x1536.jpg 1536w\" sizes=\"auto, (max-width: 1773px) 100vw, 1773px\" \/><\/figure>\n\n\n\n<figure class=\"wp-block-image size-large\"><img loading=\"lazy\" decoding=\"async\" width=\"1773\" height=\"1773\" data-id=\"696\" src=\"https:\/\/www.ikzm-d.de\/meer-gruene-zukunft\/wp-content\/uploads\/sites\/58\/2022\/10\/SDG-icon-DE-02.jpg\" alt=\"\" class=\"wp-image-696\" srcset=\"https:\/\/www.ikzm-d.de\/meer-gruene-zukunft\/wp-content\/uploads\/sites\/58\/2022\/10\/SDG-icon-DE-02.jpg 1773w, https:\/\/www.ikzm-d.de\/meer-gruene-zukunft\/wp-content\/uploads\/sites\/58\/2022\/10\/SDG-icon-DE-02-600x600.jpg 600w, https:\/\/www.ikzm-d.de\/meer-gruene-zukunft\/wp-content\/uploads\/sites\/58\/2022\/10\/SDG-icon-DE-02-1200x1200.jpg 1200w, https:\/\/www.ikzm-d.de\/meer-gruene-zukunft\/wp-content\/uploads\/sites\/58\/2022\/10\/SDG-icon-DE-02-768x768.jpg 768w, https:\/\/www.ikzm-d.de\/meer-gruene-zukunft\/wp-content\/uploads\/sites\/58\/2022\/10\/SDG-icon-DE-02-1536x1536.jpg 1536w\" sizes=\"auto, (max-width: 1773px) 100vw, 1773px\" \/><\/figure>\n\n\n\n<figure class=\"wp-block-image size-large\"><img loading=\"lazy\" decoding=\"async\" width=\"1773\" height=\"1774\" data-id=\"697\" src=\"https:\/\/www.ikzm-d.de\/meer-gruene-zukunft\/wp-content\/uploads\/sites\/58\/2022\/10\/SDG-icon-DE-03.jpg\" alt=\"\" class=\"wp-image-697\" srcset=\"https:\/\/www.ikzm-d.de\/meer-gruene-zukunft\/wp-content\/uploads\/sites\/58\/2022\/10\/SDG-icon-DE-03.jpg 1773w, https:\/\/www.ikzm-d.de\/meer-gruene-zukunft\/wp-content\/uploads\/sites\/58\/2022\/10\/SDG-icon-DE-03-600x600.jpg 600w, https:\/\/www.ikzm-d.de\/meer-gruene-zukunft\/wp-content\/uploads\/sites\/58\/2022\/10\/SDG-icon-DE-03-1200x1200.jpg 1200w, https:\/\/www.ikzm-d.de\/meer-gruene-zukunft\/wp-content\/uploads\/sites\/58\/2022\/10\/SDG-icon-DE-03-768x768.jpg 768w, https:\/\/www.ikzm-d.de\/meer-gruene-zukunft\/wp-content\/uploads\/sites\/58\/2022\/10\/SDG-icon-DE-03-1536x1536.jpg 1536w\" sizes=\"auto, (max-width: 1773px) 100vw, 1773px\" \/><\/figure>\n\n\n\n<figure class=\"wp-block-image size-large\"><img loading=\"lazy\" decoding=\"async\" width=\"1773\" height=\"1773\" data-id=\"700\" src=\"https:\/\/www.ikzm-d.de\/meer-gruene-zukunft\/wp-content\/uploads\/sites\/58\/2022\/10\/SDG-icon-DE-06.jpg\" alt=\"\" class=\"wp-image-700\" srcset=\"https:\/\/www.ikzm-d.de\/meer-gruene-zukunft\/wp-content\/uploads\/sites\/58\/2022\/10\/SDG-icon-DE-06.jpg 1773w, https:\/\/www.ikzm-d.de\/meer-gruene-zukunft\/wp-content\/uploads\/sites\/58\/2022\/10\/SDG-icon-DE-06-600x600.jpg 600w, https:\/\/www.ikzm-d.de\/meer-gruene-zukunft\/wp-content\/uploads\/sites\/58\/2022\/10\/SDG-icon-DE-06-1200x1200.jpg 1200w, https:\/\/www.ikzm-d.de\/meer-gruene-zukunft\/wp-content\/uploads\/sites\/58\/2022\/10\/SDG-icon-DE-06-768x768.jpg 768w, https:\/\/www.ikzm-d.de\/meer-gruene-zukunft\/wp-content\/uploads\/sites\/58\/2022\/10\/SDG-icon-DE-06-1536x1536.jpg 1536w\" sizes=\"auto, (max-width: 1773px) 100vw, 1773px\" \/><\/figure>\n\n\n\n<figure class=\"wp-block-image size-large\"><img loading=\"lazy\" decoding=\"async\" width=\"1773\" height=\"1773\" data-id=\"701\" src=\"https:\/\/www.ikzm-d.de\/meer-gruene-zukunft\/wp-content\/uploads\/sites\/58\/2022\/10\/SDG-icon-DE-07.jpg\" alt=\"\" class=\"wp-image-701\" srcset=\"https:\/\/www.ikzm-d.de\/meer-gruene-zukunft\/wp-content\/uploads\/sites\/58\/2022\/10\/SDG-icon-DE-07.jpg 1773w, https:\/\/www.ikzm-d.de\/meer-gruene-zukunft\/wp-content\/uploads\/sites\/58\/2022\/10\/SDG-icon-DE-07-600x600.jpg 600w, https:\/\/www.ikzm-d.de\/meer-gruene-zukunft\/wp-content\/uploads\/sites\/58\/2022\/10\/SDG-icon-DE-07-1200x1200.jpg 1200w, https:\/\/www.ikzm-d.de\/meer-gruene-zukunft\/wp-content\/uploads\/sites\/58\/2022\/10\/SDG-icon-DE-07-768x768.jpg 768w, https:\/\/www.ikzm-d.de\/meer-gruene-zukunft\/wp-content\/uploads\/sites\/58\/2022\/10\/SDG-icon-DE-07-1536x1536.jpg 1536w\" sizes=\"auto, (max-width: 1773px) 100vw, 1773px\" \/><\/figure>\n\n\n\n<figure class=\"wp-block-image size-large\"><img loading=\"lazy\" decoding=\"async\" width=\"1774\" height=\"1773\" data-id=\"703\" src=\"https:\/\/www.ikzm-d.de\/meer-gruene-zukunft\/wp-content\/uploads\/sites\/58\/2022\/10\/SDG-icon-DE-09.jpg\" alt=\"\" class=\"wp-image-703\" srcset=\"https:\/\/www.ikzm-d.de\/meer-gruene-zukunft\/wp-content\/uploads\/sites\/58\/2022\/10\/SDG-icon-DE-09.jpg 1774w, https:\/\/www.ikzm-d.de\/meer-gruene-zukunft\/wp-content\/uploads\/sites\/58\/2022\/10\/SDG-icon-DE-09-600x600.jpg 600w, https:\/\/www.ikzm-d.de\/meer-gruene-zukunft\/wp-content\/uploads\/sites\/58\/2022\/10\/SDG-icon-DE-09-1200x1200.jpg 1200w, https:\/\/www.ikzm-d.de\/meer-gruene-zukunft\/wp-content\/uploads\/sites\/58\/2022\/10\/SDG-icon-DE-09-768x768.jpg 768w, https:\/\/www.ikzm-d.de\/meer-gruene-zukunft\/wp-content\/uploads\/sites\/58\/2022\/10\/SDG-icon-DE-09-1536x1536.jpg 1536w\" sizes=\"auto, (max-width: 1774px) 100vw, 1774px\" \/><\/figure>\n\n\n\n<figure class=\"wp-block-image size-large\"><img loading=\"lazy\" decoding=\"async\" width=\"1774\" height=\"1773\" data-id=\"705\" src=\"https:\/\/www.ikzm-d.de\/meer-gruene-zukunft\/wp-content\/uploads\/sites\/58\/2022\/10\/SDG-icon-DE-11.jpg\" alt=\"\" class=\"wp-image-705\" srcset=\"https:\/\/www.ikzm-d.de\/meer-gruene-zukunft\/wp-content\/uploads\/sites\/58\/2022\/10\/SDG-icon-DE-11.jpg 1774w, https:\/\/www.ikzm-d.de\/meer-gruene-zukunft\/wp-content\/uploads\/sites\/58\/2022\/10\/SDG-icon-DE-11-600x600.jpg 600w, https:\/\/www.ikzm-d.de\/meer-gruene-zukunft\/wp-content\/uploads\/sites\/58\/2022\/10\/SDG-icon-DE-11-1200x1200.jpg 1200w, https:\/\/www.ikzm-d.de\/meer-gruene-zukunft\/wp-content\/uploads\/sites\/58\/2022\/10\/SDG-icon-DE-11-768x768.jpg 768w, https:\/\/www.ikzm-d.de\/meer-gruene-zukunft\/wp-content\/uploads\/sites\/58\/2022\/10\/SDG-icon-DE-11-1536x1536.jpg 1536w\" sizes=\"auto, (max-width: 1774px) 100vw, 1774px\" \/><\/figure>\n\n\n\n<figure class=\"wp-block-image size-large\"><img loading=\"lazy\" decoding=\"async\" width=\"1773\" height=\"1774\" data-id=\"706\" src=\"https:\/\/www.ikzm-d.de\/meer-gruene-zukunft\/wp-content\/uploads\/sites\/58\/2022\/10\/SDG-icon-DE-12.jpg\" alt=\"\" class=\"wp-image-706\" srcset=\"https:\/\/www.ikzm-d.de\/meer-gruene-zukunft\/wp-content\/uploads\/sites\/58\/2022\/10\/SDG-icon-DE-12.jpg 1773w, https:\/\/www.ikzm-d.de\/meer-gruene-zukunft\/wp-content\/uploads\/sites\/58\/2022\/10\/SDG-icon-DE-12-600x600.jpg 600w, https:\/\/www.ikzm-d.de\/meer-gruene-zukunft\/wp-content\/uploads\/sites\/58\/2022\/10\/SDG-icon-DE-12-1200x1200.jpg 1200w, https:\/\/www.ikzm-d.de\/meer-gruene-zukunft\/wp-content\/uploads\/sites\/58\/2022\/10\/SDG-icon-DE-12-768x768.jpg 768w, https:\/\/www.ikzm-d.de\/meer-gruene-zukunft\/wp-content\/uploads\/sites\/58\/2022\/10\/SDG-icon-DE-12-1536x1536.jpg 1536w\" sizes=\"auto, (max-width: 1773px) 100vw, 1773px\" \/><\/figure>\n\n\n\n<figure class=\"wp-block-image size-large\"><img loading=\"lazy\" decoding=\"async\" width=\"1774\" height=\"1773\" data-id=\"707\" src=\"https:\/\/www.ikzm-d.de\/meer-gruene-zukunft\/wp-content\/uploads\/sites\/58\/2022\/10\/SDG-icon-DE-13.jpg\" alt=\"\" class=\"wp-image-707\" srcset=\"https:\/\/www.ikzm-d.de\/meer-gruene-zukunft\/wp-content\/uploads\/sites\/58\/2022\/10\/SDG-icon-DE-13.jpg 1774w, https:\/\/www.ikzm-d.de\/meer-gruene-zukunft\/wp-content\/uploads\/sites\/58\/2022\/10\/SDG-icon-DE-13-600x600.jpg 600w, https:\/\/www.ikzm-d.de\/meer-gruene-zukunft\/wp-content\/uploads\/sites\/58\/2022\/10\/SDG-icon-DE-13-1200x1200.jpg 1200w, https:\/\/www.ikzm-d.de\/meer-gruene-zukunft\/wp-content\/uploads\/sites\/58\/2022\/10\/SDG-icon-DE-13-768x768.jpg 768w, https:\/\/www.ikzm-d.de\/meer-gruene-zukunft\/wp-content\/uploads\/sites\/58\/2022\/10\/SDG-icon-DE-13-1536x1536.jpg 1536w\" sizes=\"auto, (max-width: 1774px) 100vw, 1774px\" \/><\/figure>\n\n\n\n<figure class=\"wp-block-image size-large\"><img loading=\"lazy\" decoding=\"async\" width=\"1774\" height=\"1774\" data-id=\"709\" src=\"https:\/\/www.ikzm-d.de\/meer-gruene-zukunft\/wp-content\/uploads\/sites\/58\/2022\/10\/SDG-icon-DE-15.jpg\" alt=\"\" class=\"wp-image-709\" srcset=\"https:\/\/www.ikzm-d.de\/meer-gruene-zukunft\/wp-content\/uploads\/sites\/58\/2022\/10\/SDG-icon-DE-15.jpg 1774w, https:\/\/www.ikzm-d.de\/meer-gruene-zukunft\/wp-content\/uploads\/sites\/58\/2022\/10\/SDG-icon-DE-15-600x600.jpg 600w, https:\/\/www.ikzm-d.de\/meer-gruene-zukunft\/wp-content\/uploads\/sites\/58\/2022\/10\/SDG-icon-DE-15-1200x1200.jpg 1200w, https:\/\/www.ikzm-d.de\/meer-gruene-zukunft\/wp-content\/uploads\/sites\/58\/2022\/10\/SDG-icon-DE-15-768x768.jpg 768w, https:\/\/www.ikzm-d.de\/meer-gruene-zukunft\/wp-content\/uploads\/sites\/58\/2022\/10\/SDG-icon-DE-15-1536x1536.jpg 1536w\" sizes=\"auto, (max-width: 1774px) 100vw, 1774px\" \/><\/figure>\n<\/figure>\n","protected":false},"excerpt":{"rendered":"<p>Leben unter Wasser Ozeane, Meere und Meeresressourcen im Sinne nachhaltiger Entwicklung erhalten und nachhaltig nutzen Was beinhaltet das Ziel? Mit SDG 14 werden die nachhaltige Bewirtschaftung und der Schutz der Meeres- und K\u00fcsten\u00f6kosysteme gefordert. Dabei werden u.&nbsp;a. alle Arten der Verschmutzung, Versauerung und \u00dcberfischung des Ozeans adressiert. Mindestens 10&nbsp;% der K\u00fcsten- und Meeresgebiete sollen durch [&hellip;]<\/p>\n","protected":false},"author":3,"featured_media":0,"parent":686,"menu_order":14,"comment_status":"closed","ping_status":"closed","template":"","meta":{"footnotes":""},"class_list":["post-792","page","type-page","status-publish","hentry"],"_links":{"self":[{"href":"https:\/\/www.ikzm-d.de\/meer-gruene-zukunft\/wp-json\/wp\/v2\/pages\/792","targetHints":{"allow":["GET"]}}],"collection":[{"href":"https:\/\/www.ikzm-d.de\/meer-gruene-zukunft\/wp-json\/wp\/v2\/pages"}],"about":[{"href":"https:\/\/www.ikzm-d.de\/meer-gruene-zukunft\/wp-json\/wp\/v2\/types\/page"}],"author":[{"embeddable":true,"href":"https:\/\/www.ikzm-d.de\/meer-gruene-zukunft\/wp-json\/wp\/v2\/users\/3"}],"replies":[{"embeddable":true,"href":"https:\/\/www.ikzm-d.de\/meer-gruene-zukunft\/wp-json\/wp\/v2\/comments?post=792"}],"version-history":[{"count":13,"href":"https:\/\/www.ikzm-d.de\/meer-gruene-zukunft\/wp-json\/wp\/v2\/pages\/792\/revisions"}],"predecessor-version":[{"id":1926,"href":"https:\/\/www.ikzm-d.de\/meer-gruene-zukunft\/wp-json\/wp\/v2\/pages\/792\/revisions\/1926"}],"up":[{"embeddable":true,"href":"https:\/\/www.ikzm-d.de\/meer-gruene-zukunft\/wp-json\/wp\/v2\/pages\/686"}],"wp:attachment":[{"href":"https:\/\/www.ikzm-d.de\/meer-gruene-zukunft\/wp-json\/wp\/v2\/media?parent=792"}],"curies":[{"name":"wp","href":"https:\/\/api.w.org\/{rel}","templated":true}]}}