{"id":814,"date":"2022-10-06T05:29:51","date_gmt":"2022-10-06T03:29:51","guid":{"rendered":"https:\/\/www.ikzm-d.de\/wasserstoff-und-sdgs\/?page_id=814"},"modified":"2024-05-22T15:15:29","modified_gmt":"2024-05-22T13:15:29","slug":"sdg-3","status":"publish","type":"page","link":"https:\/\/www.ikzm-d.de\/meer-gruene-zukunft\/wechselwirkung\/sdg-3\/","title":{"rendered":"SDG 3 zu Gesundheit"},"content":{"rendered":"\n<div class=\"wp-block-media-text alignwide is-stacked-on-mobile is-vertically-aligned-top\" style=\"grid-template-columns:25% auto\"><figure class=\"wp-block-media-text__media\"><img loading=\"lazy\" decoding=\"async\" width=\"1200\" height=\"1200\" src=\"http:\/\/www.ikzm-d.de\/wasserstoff-und-sdgs\/wp-content\/uploads\/sites\/58\/2022\/10\/SDG-icon-DE-03-1200x1200.jpg\" alt=\"\" class=\"wp-image-697 size-full\" srcset=\"https:\/\/www.ikzm-d.de\/meer-gruene-zukunft\/wp-content\/uploads\/sites\/58\/2022\/10\/SDG-icon-DE-03-1200x1200.jpg 1200w, https:\/\/www.ikzm-d.de\/meer-gruene-zukunft\/wp-content\/uploads\/sites\/58\/2022\/10\/SDG-icon-DE-03-600x600.jpg 600w, https:\/\/www.ikzm-d.de\/meer-gruene-zukunft\/wp-content\/uploads\/sites\/58\/2022\/10\/SDG-icon-DE-03-768x768.jpg 768w, https:\/\/www.ikzm-d.de\/meer-gruene-zukunft\/wp-content\/uploads\/sites\/58\/2022\/10\/SDG-icon-DE-03-1536x1536.jpg 1536w, https:\/\/www.ikzm-d.de\/meer-gruene-zukunft\/wp-content\/uploads\/sites\/58\/2022\/10\/SDG-icon-DE-03.jpg 1773w\" sizes=\"auto, (max-width: 1200px) 100vw, 1200px\" \/><\/figure><div class=\"wp-block-media-text__content\">\n<p><strong>Gesundheit und Wohlergehen<\/strong><\/p>\n\n\n\n<p>Ein gesundes Leben f\u00fcr alle Menschen jeden Alters gew\u00e4hrleisten und ihr Wohlergehen f\u00f6rdern<\/p>\n<\/div><\/div>\n\n\n\n<div style=\"height:26px\" aria-hidden=\"true\" class=\"wp-block-spacer\"><\/div>\n\n\n\n<p><strong>Was beinhaltet das Ziel?<\/strong><\/p>\n\n\n\n<p>SDG 3 fokussiert auf die Wiederherstellung und den Erhalt der menschlichen Gesundheit und die Vermeidung vorzeitiger Todesf\u00e4lle. Unterziel 3.9 adressiert die erhebliche Reduktion von Todesf\u00e4llen und Erkrankungen, die aufgrund von gef\u00e4hrlichen Chemikalien und durch die Verschmutzung und Verunreinigung von Luft, Wasser und Boden verursacht werden.<\/p>\n\n\n\n<div style=\"height:26px\" aria-hidden=\"true\" class=\"wp-block-spacer\"><\/div>\n\n\n\n<p><strong>Welche Relevanz hat das Ziel?<\/strong><\/p>\n\n\n\n<p>Die geistige und k\u00f6rperliche Gesundheit ist nach Artikel 25 der Allgemeinen Erkl\u00e4rung der Menschenrechte (AEMR) Grundrecht eines jeden Menschen. Zugleich ist sie Voraussetzung f\u00fcr ein gutes Leben, f\u00fcr Teilhabe und Partizipation an demokratischen Prozessen und die erfolgreiche Umsetzung aller SDGs, denn um sich vollumf\u00e4nglich entwickeln zu k\u00f6nnen, ben\u00f6tigen alle Menschen eine intakte Umwelt mit reiner Luft, sauberem Wasser, n\u00e4hrstoffreichen B\u00f6den und gesunden Lebensr\u00e4umen.<\/p>\n\n\n\n<div style=\"height:26px\" aria-hidden=\"true\" class=\"wp-block-spacer\"><\/div>\n\n\n\n<p><strong>Welche Effekte kann Gr\u00fcner Wasserstoff auf das Erreichen des Ziels haben?<\/strong><\/p>\n\n\n\n<p>F\u00fcr die Gesundheit und das Wohlergehen spielt gr\u00fcner Wasserstoff indirekt eine Rolle, da er als Beitrag zum Einhalten des 2\u00b0C-Zieles Menschen weltweit vor weiteren Auswirkungen eines ungebremsten Klimawandels sch\u00fctzt. Energie aus erneuerbaren Quellen sowie auf gr\u00fcnem Wasserstoff basierende Folgeprodukte f\u00fcr sonst nicht oder nur schwer dekarbonisierende Wirtschaftszweige k\u00f6nnen zur Lebensqualit\u00e4t und Gesundheitsf\u00fcrsorge von Menschen beitragen. Dabei muss aber beachtet werden, dass bereits identifizierte Risiken wie z.&nbsp;B. die Verunreinigung von Lebensr\u00e4umen und Ressourcen durch R\u00fcckst\u00e4nde aus Meerwasserentsalzungsanlagen oder Chemikalien bei Unf\u00e4llen ausgeschlossen bzw. gemindert werden<\/p>\n\n\n\n<div style=\"height:26px\" aria-hidden=\"true\" class=\"wp-block-spacer\"><\/div>\n\n\n\n<p class=\"has-text-align-left\"><strong>Wie bewerten die H<sub>2<\/sub>Mare-Akteure Gr\u00fcnen Wasserstoff in Bezug auf SDG 3?<\/strong><\/p>\n\n\n\n<figure class=\"wp-block-gallery has-nested-images columns-default is-cropped wp-block-gallery-1 is-layout-flex wp-block-gallery-is-layout-flex\">\n<figure class=\"wp-block-image size-large\"><img loading=\"lazy\" decoding=\"async\" width=\"1200\" height=\"1135\" data-id=\"1480\" src=\"https:\/\/www.ikzm-d.de\/meer-gruene-zukunft\/wp-content\/uploads\/sites\/58\/2024\/01\/EUCC-D_Effekt-GruenerH2-auf-SDGs-1200x1135.png\" alt=\"\" class=\"wp-image-1480\" srcset=\"https:\/\/www.ikzm-d.de\/meer-gruene-zukunft\/wp-content\/uploads\/sites\/58\/2024\/01\/EUCC-D_Effekt-GruenerH2-auf-SDGs-1200x1135.png 1200w, https:\/\/www.ikzm-d.de\/meer-gruene-zukunft\/wp-content\/uploads\/sites\/58\/2024\/01\/EUCC-D_Effekt-GruenerH2-auf-SDGs-600x568.png 600w, https:\/\/www.ikzm-d.de\/meer-gruene-zukunft\/wp-content\/uploads\/sites\/58\/2024\/01\/EUCC-D_Effekt-GruenerH2-auf-SDGs-768x727.png 768w, https:\/\/www.ikzm-d.de\/meer-gruene-zukunft\/wp-content\/uploads\/sites\/58\/2024\/01\/EUCC-D_Effekt-GruenerH2-auf-SDGs-1536x1453.png 1536w, https:\/\/www.ikzm-d.de\/meer-gruene-zukunft\/wp-content\/uploads\/sites\/58\/2024\/01\/EUCC-D_Effekt-GruenerH2-auf-SDGs.png 1637w\" sizes=\"auto, (max-width: 1200px) 100vw, 1200px\" \/><\/figure>\n\n\n\n<figure class=\"wp-block-image size-large\"><img loading=\"lazy\" decoding=\"async\" width=\"1200\" height=\"675\" data-id=\"1823\" src=\"https:\/\/www.ikzm-d.de\/meer-gruene-zukunft\/wp-content\/uploads\/sites\/58\/2024\/05\/3-1200x675.jpg\" alt=\"\" class=\"wp-image-1823\" srcset=\"https:\/\/www.ikzm-d.de\/meer-gruene-zukunft\/wp-content\/uploads\/sites\/58\/2024\/05\/3-1200x675.jpg 1200w, https:\/\/www.ikzm-d.de\/meer-gruene-zukunft\/wp-content\/uploads\/sites\/58\/2024\/05\/3-600x338.jpg 600w, https:\/\/www.ikzm-d.de\/meer-gruene-zukunft\/wp-content\/uploads\/sites\/58\/2024\/05\/3-768x432.jpg 768w, https:\/\/www.ikzm-d.de\/meer-gruene-zukunft\/wp-content\/uploads\/sites\/58\/2024\/05\/3-1536x864.jpg 1536w, https:\/\/www.ikzm-d.de\/meer-gruene-zukunft\/wp-content\/uploads\/sites\/58\/2024\/05\/3.jpg 1920w\" sizes=\"auto, (max-width: 1200px) 100vw, 1200px\" \/><\/figure>\n<\/figure>\n\n\n\n<div style=\"height:26px\" aria-hidden=\"true\" class=\"wp-block-spacer\"><\/div>\n\n\n\n<p><strong>Wechselwirkungen mit SDG<\/strong><\/p>\n\n\n\n<figure class=\"wp-block-gallery has-nested-images columns-5 is-cropped wp-block-gallery-2 is-layout-flex wp-block-gallery-is-layout-flex\">\n<figure class=\"wp-block-image size-large\"><img loading=\"lazy\" decoding=\"async\" width=\"1773\" height=\"1773\" data-id=\"695\" src=\"https:\/\/www.ikzm-d.de\/meer-gruene-zukunft\/wp-content\/uploads\/sites\/58\/2022\/10\/SDG-icon-DE-01.jpg\" alt=\"\" class=\"wp-image-695\" srcset=\"https:\/\/www.ikzm-d.de\/meer-gruene-zukunft\/wp-content\/uploads\/sites\/58\/2022\/10\/SDG-icon-DE-01.jpg 1773w, https:\/\/www.ikzm-d.de\/meer-gruene-zukunft\/wp-content\/uploads\/sites\/58\/2022\/10\/SDG-icon-DE-01-600x600.jpg 600w, https:\/\/www.ikzm-d.de\/meer-gruene-zukunft\/wp-content\/uploads\/sites\/58\/2022\/10\/SDG-icon-DE-01-1200x1200.jpg 1200w, https:\/\/www.ikzm-d.de\/meer-gruene-zukunft\/wp-content\/uploads\/sites\/58\/2022\/10\/SDG-icon-DE-01-768x768.jpg 768w, https:\/\/www.ikzm-d.de\/meer-gruene-zukunft\/wp-content\/uploads\/sites\/58\/2022\/10\/SDG-icon-DE-01-1536x1536.jpg 1536w\" sizes=\"auto, (max-width: 1773px) 100vw, 1773px\" \/><\/figure>\n\n\n\n<figure class=\"wp-block-image size-large\"><img loading=\"lazy\" decoding=\"async\" width=\"1773\" height=\"1773\" data-id=\"696\" src=\"https:\/\/www.ikzm-d.de\/meer-gruene-zukunft\/wp-content\/uploads\/sites\/58\/2022\/10\/SDG-icon-DE-02.jpg\" alt=\"\" class=\"wp-image-696\" srcset=\"https:\/\/www.ikzm-d.de\/meer-gruene-zukunft\/wp-content\/uploads\/sites\/58\/2022\/10\/SDG-icon-DE-02.jpg 1773w, https:\/\/www.ikzm-d.de\/meer-gruene-zukunft\/wp-content\/uploads\/sites\/58\/2022\/10\/SDG-icon-DE-02-600x600.jpg 600w, https:\/\/www.ikzm-d.de\/meer-gruene-zukunft\/wp-content\/uploads\/sites\/58\/2022\/10\/SDG-icon-DE-02-1200x1200.jpg 1200w, https:\/\/www.ikzm-d.de\/meer-gruene-zukunft\/wp-content\/uploads\/sites\/58\/2022\/10\/SDG-icon-DE-02-768x768.jpg 768w, https:\/\/www.ikzm-d.de\/meer-gruene-zukunft\/wp-content\/uploads\/sites\/58\/2022\/10\/SDG-icon-DE-02-1536x1536.jpg 1536w\" sizes=\"auto, (max-width: 1773px) 100vw, 1773px\" \/><\/figure>\n\n\n\n<figure class=\"wp-block-image size-large\"><img loading=\"lazy\" decoding=\"async\" width=\"1774\" height=\"1773\" data-id=\"699\" src=\"https:\/\/www.ikzm-d.de\/meer-gruene-zukunft\/wp-content\/uploads\/sites\/58\/2022\/10\/SDG-icon-DE-05.jpg\" alt=\"\" class=\"wp-image-699\" srcset=\"https:\/\/www.ikzm-d.de\/meer-gruene-zukunft\/wp-content\/uploads\/sites\/58\/2022\/10\/SDG-icon-DE-05.jpg 1774w, https:\/\/www.ikzm-d.de\/meer-gruene-zukunft\/wp-content\/uploads\/sites\/58\/2022\/10\/SDG-icon-DE-05-600x600.jpg 600w, https:\/\/www.ikzm-d.de\/meer-gruene-zukunft\/wp-content\/uploads\/sites\/58\/2022\/10\/SDG-icon-DE-05-1200x1200.jpg 1200w, https:\/\/www.ikzm-d.de\/meer-gruene-zukunft\/wp-content\/uploads\/sites\/58\/2022\/10\/SDG-icon-DE-05-768x768.jpg 768w, https:\/\/www.ikzm-d.de\/meer-gruene-zukunft\/wp-content\/uploads\/sites\/58\/2022\/10\/SDG-icon-DE-05-1536x1536.jpg 1536w\" sizes=\"auto, (max-width: 1774px) 100vw, 1774px\" \/><\/figure>\n\n\n\n<figure class=\"wp-block-image size-large\"><img loading=\"lazy\" decoding=\"async\" width=\"1773\" height=\"1773\" data-id=\"700\" src=\"https:\/\/www.ikzm-d.de\/meer-gruene-zukunft\/wp-content\/uploads\/sites\/58\/2022\/10\/SDG-icon-DE-06.jpg\" alt=\"\" class=\"wp-image-700\" srcset=\"https:\/\/www.ikzm-d.de\/meer-gruene-zukunft\/wp-content\/uploads\/sites\/58\/2022\/10\/SDG-icon-DE-06.jpg 1773w, https:\/\/www.ikzm-d.de\/meer-gruene-zukunft\/wp-content\/uploads\/sites\/58\/2022\/10\/SDG-icon-DE-06-600x600.jpg 600w, https:\/\/www.ikzm-d.de\/meer-gruene-zukunft\/wp-content\/uploads\/sites\/58\/2022\/10\/SDG-icon-DE-06-1200x1200.jpg 1200w, https:\/\/www.ikzm-d.de\/meer-gruene-zukunft\/wp-content\/uploads\/sites\/58\/2022\/10\/SDG-icon-DE-06-768x768.jpg 768w, https:\/\/www.ikzm-d.de\/meer-gruene-zukunft\/wp-content\/uploads\/sites\/58\/2022\/10\/SDG-icon-DE-06-1536x1536.jpg 1536w\" sizes=\"auto, (max-width: 1773px) 100vw, 1773px\" \/><\/figure>\n\n\n\n<figure class=\"wp-block-image size-large\"><img loading=\"lazy\" decoding=\"async\" width=\"1773\" height=\"1773\" data-id=\"701\" src=\"https:\/\/www.ikzm-d.de\/meer-gruene-zukunft\/wp-content\/uploads\/sites\/58\/2022\/10\/SDG-icon-DE-07.jpg\" alt=\"\" class=\"wp-image-701\" srcset=\"https:\/\/www.ikzm-d.de\/meer-gruene-zukunft\/wp-content\/uploads\/sites\/58\/2022\/10\/SDG-icon-DE-07.jpg 1773w, https:\/\/www.ikzm-d.de\/meer-gruene-zukunft\/wp-content\/uploads\/sites\/58\/2022\/10\/SDG-icon-DE-07-600x600.jpg 600w, https:\/\/www.ikzm-d.de\/meer-gruene-zukunft\/wp-content\/uploads\/sites\/58\/2022\/10\/SDG-icon-DE-07-1200x1200.jpg 1200w, https:\/\/www.ikzm-d.de\/meer-gruene-zukunft\/wp-content\/uploads\/sites\/58\/2022\/10\/SDG-icon-DE-07-768x768.jpg 768w, https:\/\/www.ikzm-d.de\/meer-gruene-zukunft\/wp-content\/uploads\/sites\/58\/2022\/10\/SDG-icon-DE-07-1536x1536.jpg 1536w\" sizes=\"auto, (max-width: 1773px) 100vw, 1773px\" \/><\/figure>\n\n\n\n<figure class=\"wp-block-image size-large\"><img loading=\"lazy\" decoding=\"async\" width=\"1773\" height=\"1773\" data-id=\"702\" src=\"https:\/\/www.ikzm-d.de\/meer-gruene-zukunft\/wp-content\/uploads\/sites\/58\/2022\/10\/SDG-icon-DE-08.jpg\" alt=\"\" class=\"wp-image-702\" srcset=\"https:\/\/www.ikzm-d.de\/meer-gruene-zukunft\/wp-content\/uploads\/sites\/58\/2022\/10\/SDG-icon-DE-08.jpg 1773w, https:\/\/www.ikzm-d.de\/meer-gruene-zukunft\/wp-content\/uploads\/sites\/58\/2022\/10\/SDG-icon-DE-08-600x600.jpg 600w, https:\/\/www.ikzm-d.de\/meer-gruene-zukunft\/wp-content\/uploads\/sites\/58\/2022\/10\/SDG-icon-DE-08-1200x1200.jpg 1200w, https:\/\/www.ikzm-d.de\/meer-gruene-zukunft\/wp-content\/uploads\/sites\/58\/2022\/10\/SDG-icon-DE-08-768x768.jpg 768w, https:\/\/www.ikzm-d.de\/meer-gruene-zukunft\/wp-content\/uploads\/sites\/58\/2022\/10\/SDG-icon-DE-08-1536x1536.jpg 1536w\" sizes=\"auto, (max-width: 1773px) 100vw, 1773px\" \/><\/figure>\n\n\n\n<figure class=\"wp-block-image size-large\"><img loading=\"lazy\" decoding=\"async\" width=\"1772\" height=\"1773\" data-id=\"704\" src=\"https:\/\/www.ikzm-d.de\/meer-gruene-zukunft\/wp-content\/uploads\/sites\/58\/2022\/10\/SDG-icon-DE-10.jpg\" alt=\"\" class=\"wp-image-704\" srcset=\"https:\/\/www.ikzm-d.de\/meer-gruene-zukunft\/wp-content\/uploads\/sites\/58\/2022\/10\/SDG-icon-DE-10.jpg 1772w, https:\/\/www.ikzm-d.de\/meer-gruene-zukunft\/wp-content\/uploads\/sites\/58\/2022\/10\/SDG-icon-DE-10-600x600.jpg 600w, https:\/\/www.ikzm-d.de\/meer-gruene-zukunft\/wp-content\/uploads\/sites\/58\/2022\/10\/SDG-icon-DE-10-1200x1200.jpg 1200w, https:\/\/www.ikzm-d.de\/meer-gruene-zukunft\/wp-content\/uploads\/sites\/58\/2022\/10\/SDG-icon-DE-10-768x768.jpg 768w, https:\/\/www.ikzm-d.de\/meer-gruene-zukunft\/wp-content\/uploads\/sites\/58\/2022\/10\/SDG-icon-DE-10-1536x1536.jpg 1536w\" sizes=\"auto, (max-width: 1772px) 100vw, 1772px\" \/><\/figure>\n\n\n\n<figure class=\"wp-block-image size-large\"><img loading=\"lazy\" decoding=\"async\" width=\"1774\" height=\"1773\" data-id=\"705\" src=\"https:\/\/www.ikzm-d.de\/meer-gruene-zukunft\/wp-content\/uploads\/sites\/58\/2022\/10\/SDG-icon-DE-11.jpg\" alt=\"\" class=\"wp-image-705\" srcset=\"https:\/\/www.ikzm-d.de\/meer-gruene-zukunft\/wp-content\/uploads\/sites\/58\/2022\/10\/SDG-icon-DE-11.jpg 1774w, https:\/\/www.ikzm-d.de\/meer-gruene-zukunft\/wp-content\/uploads\/sites\/58\/2022\/10\/SDG-icon-DE-11-600x600.jpg 600w, https:\/\/www.ikzm-d.de\/meer-gruene-zukunft\/wp-content\/uploads\/sites\/58\/2022\/10\/SDG-icon-DE-11-1200x1200.jpg 1200w, https:\/\/www.ikzm-d.de\/meer-gruene-zukunft\/wp-content\/uploads\/sites\/58\/2022\/10\/SDG-icon-DE-11-768x768.jpg 768w, https:\/\/www.ikzm-d.de\/meer-gruene-zukunft\/wp-content\/uploads\/sites\/58\/2022\/10\/SDG-icon-DE-11-1536x1536.jpg 1536w\" sizes=\"auto, (max-width: 1774px) 100vw, 1774px\" \/><\/figure>\n\n\n\n<figure class=\"wp-block-image size-large\"><img loading=\"lazy\" decoding=\"async\" width=\"1773\" height=\"1774\" data-id=\"706\" src=\"https:\/\/www.ikzm-d.de\/meer-gruene-zukunft\/wp-content\/uploads\/sites\/58\/2022\/10\/SDG-icon-DE-12.jpg\" alt=\"\" class=\"wp-image-706\" srcset=\"https:\/\/www.ikzm-d.de\/meer-gruene-zukunft\/wp-content\/uploads\/sites\/58\/2022\/10\/SDG-icon-DE-12.jpg 1773w, https:\/\/www.ikzm-d.de\/meer-gruene-zukunft\/wp-content\/uploads\/sites\/58\/2022\/10\/SDG-icon-DE-12-600x600.jpg 600w, https:\/\/www.ikzm-d.de\/meer-gruene-zukunft\/wp-content\/uploads\/sites\/58\/2022\/10\/SDG-icon-DE-12-1200x1200.jpg 1200w, https:\/\/www.ikzm-d.de\/meer-gruene-zukunft\/wp-content\/uploads\/sites\/58\/2022\/10\/SDG-icon-DE-12-768x768.jpg 768w, https:\/\/www.ikzm-d.de\/meer-gruene-zukunft\/wp-content\/uploads\/sites\/58\/2022\/10\/SDG-icon-DE-12-1536x1536.jpg 1536w\" sizes=\"auto, (max-width: 1773px) 100vw, 1773px\" \/><\/figure>\n\n\n\n<figure class=\"wp-block-image size-large\"><img loading=\"lazy\" decoding=\"async\" width=\"1774\" height=\"1773\" data-id=\"707\" src=\"https:\/\/www.ikzm-d.de\/meer-gruene-zukunft\/wp-content\/uploads\/sites\/58\/2022\/10\/SDG-icon-DE-13.jpg\" alt=\"\" class=\"wp-image-707\" srcset=\"https:\/\/www.ikzm-d.de\/meer-gruene-zukunft\/wp-content\/uploads\/sites\/58\/2022\/10\/SDG-icon-DE-13.jpg 1774w, https:\/\/www.ikzm-d.de\/meer-gruene-zukunft\/wp-content\/uploads\/sites\/58\/2022\/10\/SDG-icon-DE-13-600x600.jpg 600w, https:\/\/www.ikzm-d.de\/meer-gruene-zukunft\/wp-content\/uploads\/sites\/58\/2022\/10\/SDG-icon-DE-13-1200x1200.jpg 1200w, https:\/\/www.ikzm-d.de\/meer-gruene-zukunft\/wp-content\/uploads\/sites\/58\/2022\/10\/SDG-icon-DE-13-768x768.jpg 768w, https:\/\/www.ikzm-d.de\/meer-gruene-zukunft\/wp-content\/uploads\/sites\/58\/2022\/10\/SDG-icon-DE-13-1536x1536.jpg 1536w\" sizes=\"auto, (max-width: 1774px) 100vw, 1774px\" \/><\/figure>\n<\/figure>\n","protected":false},"excerpt":{"rendered":"<p>Gesundheit und Wohlergehen Ein gesundes Leben f\u00fcr alle Menschen jeden Alters gew\u00e4hrleisten und ihr Wohlergehen f\u00f6rdern Was beinhaltet das Ziel? SDG 3 fokussiert auf die Wiederherstellung und den Erhalt der menschlichen Gesundheit und die Vermeidung vorzeitiger Todesf\u00e4lle. Unterziel 3.9 adressiert die erhebliche Reduktion von Todesf\u00e4llen und Erkrankungen, die aufgrund von gef\u00e4hrlichen Chemikalien und durch die [&hellip;]<\/p>\n","protected":false},"author":3,"featured_media":0,"parent":686,"menu_order":3,"comment_status":"closed","ping_status":"closed","template":"","meta":{"footnotes":""},"class_list":["post-814","page","type-page","status-publish","hentry"],"_links":{"self":[{"href":"https:\/\/www.ikzm-d.de\/meer-gruene-zukunft\/wp-json\/wp\/v2\/pages\/814","targetHints":{"allow":["GET"]}}],"collection":[{"href":"https:\/\/www.ikzm-d.de\/meer-gruene-zukunft\/wp-json\/wp\/v2\/pages"}],"about":[{"href":"https:\/\/www.ikzm-d.de\/meer-gruene-zukunft\/wp-json\/wp\/v2\/types\/page"}],"author":[{"embeddable":true,"href":"https:\/\/www.ikzm-d.de\/meer-gruene-zukunft\/wp-json\/wp\/v2\/users\/3"}],"replies":[{"embeddable":true,"href":"https:\/\/www.ikzm-d.de\/meer-gruene-zukunft\/wp-json\/wp\/v2\/comments?post=814"}],"version-history":[{"count":17,"href":"https:\/\/www.ikzm-d.de\/meer-gruene-zukunft\/wp-json\/wp\/v2\/pages\/814\/revisions"}],"predecessor-version":[{"id":1911,"href":"https:\/\/www.ikzm-d.de\/meer-gruene-zukunft\/wp-json\/wp\/v2\/pages\/814\/revisions\/1911"}],"up":[{"embeddable":true,"href":"https:\/\/www.ikzm-d.de\/meer-gruene-zukunft\/wp-json\/wp\/v2\/pages\/686"}],"wp:attachment":[{"href":"https:\/\/www.ikzm-d.de\/meer-gruene-zukunft\/wp-json\/wp\/v2\/media?parent=814"}],"curies":[{"name":"wp","href":"https:\/\/api.w.org\/{rel}","templated":true}]}}