{"id":875,"date":"2022-10-06T06:26:09","date_gmt":"2022-10-06T04:26:09","guid":{"rendered":"https:\/\/www.ikzm-d.de\/wasserstoff-und-sdgs\/?page_id=875"},"modified":"2022-10-07T07:15:54","modified_gmt":"2022-10-07T05:15:54","slug":"internetquellen","status":"publish","type":"page","link":"https:\/\/www.ikzm-d.de\/meer-gruene-zukunft\/quellenverzeichnis\/internetquellen\/","title":{"rendered":"Internetquellen"},"content":{"rendered":"\n<p>BERTELSMANN STIFTUNG: SDG-Portal. Abgerufen unter <a href=\"https:\/\/sdg-portal.de\">https:\/\/sdg-portal.de<\/a><\/p>\n\n\n\n<p>DIE BUNDESREGIERUNG: Die Deutsche Nachhaltigkeitsstrategie. Abgerufen unter <a href=\"http:\/\/www.bundesregierung.de\/breg-de\/themen\/nachhaltigkeitspolitik\/deutsche-nachhaltigkeitsstrategie-318846\">www.bundesregierung.de\/breg-de\/themen\/nachhaltigkeitspolitik\/deutsche-nachhaltigkeitsstrategie-318846<\/a><\/p>\n\n\n\n<p>DIE BUNDESREGIERUNG: One-Stop-Shop \u2013 Wasserstoff. Abgerufen unter <a href=\"http:\/\/www.bmwk.de\/Redaktion\/DE\/Wasserstoff\/home.html\">www.bmwk.de\/Redaktion\/DE\/Wasserstoff\/home.html<\/a><\/p>\n\n\n\n<p>ENGAGEMENT GLOBAL gGmbH: 17 Ziele. Abgerufen unter <a href=\"https:\/\/17ziele.de\">https:\/\/17ziele.de<\/a><\/p>\n\n\n\n<p>EUROP\u00c4ISCHER RAT &amp; RAT DER EUROP\u00c4ISCHEN UNION: Saubere Energie. Abgerufen unter www.consilium.europa.eu\/de\/policies\/clean-energy\/<\/p>\n\n\n\n<p>EUROSTAT: Indikatoren f\u00fcr nachhaltige Ziele. Abgerufen unter <a href=\"https:\/\/ec.europa.eu\/eurostat\/de\/web\/sdi\/key-findings\">https:\/\/ec.europa.eu\/eurostat\/de\/web\/sdi\/key-findings<\/a><\/p>\n\n\n\n<p>EUROSTAT: Nachhaltige Entwicklung. Abgerufen unter <a href=\"https:\/\/ec.europa.eu\/eurostat\/de\/web\/sdi\/overview\">https:\/\/ec.europa.eu\/eurostat\/de\/web\/sdi\/overview<\/a><\/p>\n\n\n\n<p>EUROSTAT: SDGs &amp; Me. Abgerufen unter <a href=\"https:\/\/ec.europa.eu\/eurostat\/cache\/digpub\/sdgs\/\">https:\/\/ec.europa.eu\/eurostat\/cache\/digpub\/sdgs\/<\/a><\/p>\n\n\n\n<p>FORUM UMWELT &amp; ENTWICKLUNG: 2030 Watch. Abgerufen unter <a href=\"http:\/\/www.2030watch.de\">www.2030watch.de<\/a><\/p>\n\n\n\n<p>GLOBAL POLICY FORUM EUROPE e.&nbsp;V. &amp; FORUM UMWELT UND ENTWICKLUNG: Agenda2030de \u2013 Infos zu den SDGs. Abgerufen unter <a href=\"http:\/\/www.2030agenda.de\/de\/publication\/die-2030-agenda\">www.2030agenda.de\/de\/publication\/die-2030-agenda<\/a><\/p>\n\n\n\n<p>HELCOM: Baltic Sea Action Plan. Abgerufen unter <a href=\"https:\/\/helcom.fi\/baltic-sea-action-plan\/\">https:\/\/helcom.fi\/baltic-sea-action-plan\/<\/a><\/p>\n\n\n\n<p>KOMPETENZZENTRUM KLIMASCHUTZ INDUSTRIE. Abgerufen unter <a href=\"https:\/\/www.klimaschutz-industrie.de\/\">https:\/\/www.klimaschutz-industrie.de\/<\/a><\/p>\n\n\n\n<p>OSTBAYERISCHE TECHNISCHE HOCHSCHULE REGENSBURG: Wasserstoffatlas. Abgerufen unter <a href=\"https:\/\/wasserstoffatlas.de\/\">https:\/\/wasserstoffatlas.de\/<\/a><\/p>\n\n\n\n<p>RAT F\u00dcR NACHHALTIGE ENTWICKLUNG (RNE): Der deutsche Nachhaltigkeitskodex. Abgerufen unter <a href=\"http:\/\/www.deutscher-nachhaltigkeitskodex.de\/\">www.deutscher-nachhaltigkeitskodex.de<\/a><\/p>\n\n\n\n<p>STATISTISCHES BUNDESAMT (DESTATIS): Indikatoren der Deutschen Nachhaltigkeitsstrategie. Abgerufen unter <a href=\"https:\/\/sustainabledevelopment-deutschland.github.io\/\">https:\/\/sustainabledevelopment-deutschland.github.io\/<\/a><\/p>\n\n\n\n<p>STATISTISCHES BUNDESAMT (DESTATIS): Indikatoren der UN-Nachhaltigkeitsziele. Abgerufen unter <a href=\"https:\/\/sdg-indikatoren.de\/\">https:\/\/sdg-indikatoren.de\/<\/a><\/p>\n\n\n\n<p>STATISTISCHES BUNDESAMT (DESTATIS): <span class='tooltipsall tooltipsincontent classtoolTips0'>Nachhaltigkeitsindikatoren<\/span>. Abgerufen unter <a href=\"http:\/\/www.destatis.de\/DE\/Themen\/Gesellschaft-Umwelt\/Nachhaltigkeitsindikatoren\/_inhalt.html\">www.destatis.de\/DE\/Themen\/Gesellschaft-Umwelt\/<span class='tooltipsall tooltipsincontent classtoolTips0'>Nachhaltigkeitsindikatoren<\/span>\/_inhalt.html<\/a><\/p>\n\n\n\n<p>SUSTAINABLE DEVELOPMENT REPORT. Abgerufen unter <a href=\"https:\/\/dashboards.sdgindex.org\/\">https:\/\/dashboards.sdgindex.org\/<\/a><\/p>\n\n\n\n<p>UN SUSTAINABLE DEVELOPMENT SOLUTIONS NETWORK (SDSN). Abgerufen unter https:\/\/www.unsdsn.org\/<\/p>\n\n\n\n<p>UNITED NATIONS: Do you know all 17 SDGs? Abgerufen unter <a href=\"https:\/\/sdgs.un.org\/goals\">https:\/\/sdgs.un.org\/goals<\/a><\/p>\n\n\n\n<p>UNITED NATIONS: Sustainable Development Goals. Abgerufen unter <a href=\"http:\/\/www.un.org\/sustainabledevelopment\/student-resources\/\">www.un.org\/sustainabledevelopment\/student-resources\/<\/a><\/p>\n\n\n\n<p>WISSENSCHAFTSPLATTFORM NACHHALTIGKEIT 2030: Agenda 2030, SDGs und die Deutsche Nachhaltigkeitsstrategie. Abgerufen unter <a href=\"http:\/\/www.wpn2030.de\/sdgs-und-dns\/\">www.wpn2030.de\/sdgs-und-dns\/<\/a><\/p>\n\n\n\n<p>ZIELE BRAUCHEN TATEN. Abgerufen unter <a href=\"https:\/\/ziele-brauchen-taten.de\/sdgs-die-17-ziele\/\">https:\/\/ziele-brauchen-taten.de\/sdgs-die-17-ziele\/<\/a><\/p>\n<script type=\"text\/javascript\"> toolTips('.classtoolTips0','Der Begriff der Nachhaltigkeitsindikatoren geht bereits auf die Konferenz \u00fcber Umwelt und Entwicklung 1992 in Rio de Janeiro zur\u00fcck (vgl. Infokasten oben), r\u00fcckte mit der Verabschiedung der Agenda 2030 aber wieder st\u00e4rker in die politische und wissenschaftliche Diskussion (vgl. GIZ, 2021). Indikatoren sind Messgr\u00f6\u00dfen, die komplexe Zusammenh\u00e4nge abbilden, Probleme und Herausforderungen konkretisieren und Handlungsbedarf sichtbar machen.'); <\/script>","protected":false},"excerpt":{"rendered":"<p>BERTELSMANN STIFTUNG: SDG-Portal. Abgerufen unter https:\/\/sdg-portal.de DIE BUNDESREGIERUNG: Die Deutsche Nachhaltigkeitsstrategie. Abgerufen unter www.bundesregierung.de\/breg-de\/themen\/nachhaltigkeitspolitik\/deutsche-nachhaltigkeitsstrategie-318846 DIE BUNDESREGIERUNG: One-Stop-Shop \u2013 Wasserstoff. Abgerufen unter www.bmwk.de\/Redaktion\/DE\/Wasserstoff\/home.html ENGAGEMENT GLOBAL gGmbH: 17 Ziele. Abgerufen unter https:\/\/17ziele.de EUROP\u00c4ISCHER RAT &amp; RAT DER EUROP\u00c4ISCHEN UNION: Saubere Energie. Abgerufen unter www.consilium.europa.eu\/de\/policies\/clean-energy\/ EUROSTAT: Indikatoren f\u00fcr nachhaltige Ziele. Abgerufen unter https:\/\/ec.europa.eu\/eurostat\/de\/web\/sdi\/key-findings EUROSTAT: Nachhaltige Entwicklung. Abgerufen unter [&hellip;]<\/p>\n","protected":false},"author":3,"featured_media":0,"parent":870,"menu_order":2,"comment_status":"closed","ping_status":"closed","template":"","meta":{"footnotes":""},"class_list":["post-875","page","type-page","status-publish","hentry"],"_links":{"self":[{"href":"https:\/\/www.ikzm-d.de\/meer-gruene-zukunft\/wp-json\/wp\/v2\/pages\/875","targetHints":{"allow":["GET"]}}],"collection":[{"href":"https:\/\/www.ikzm-d.de\/meer-gruene-zukunft\/wp-json\/wp\/v2\/pages"}],"about":[{"href":"https:\/\/www.ikzm-d.de\/meer-gruene-zukunft\/wp-json\/wp\/v2\/types\/page"}],"author":[{"embeddable":true,"href":"https:\/\/www.ikzm-d.de\/meer-gruene-zukunft\/wp-json\/wp\/v2\/users\/3"}],"replies":[{"embeddable":true,"href":"https:\/\/www.ikzm-d.de\/meer-gruene-zukunft\/wp-json\/wp\/v2\/comments?post=875"}],"version-history":[{"count":1,"href":"https:\/\/www.ikzm-d.de\/meer-gruene-zukunft\/wp-json\/wp\/v2\/pages\/875\/revisions"}],"predecessor-version":[{"id":876,"href":"https:\/\/www.ikzm-d.de\/meer-gruene-zukunft\/wp-json\/wp\/v2\/pages\/875\/revisions\/876"}],"up":[{"embeddable":true,"href":"https:\/\/www.ikzm-d.de\/meer-gruene-zukunft\/wp-json\/wp\/v2\/pages\/870"}],"wp:attachment":[{"href":"https:\/\/www.ikzm-d.de\/meer-gruene-zukunft\/wp-json\/wp\/v2\/media?parent=875"}],"curies":[{"name":"wp","href":"https:\/\/api.w.org\/{rel}","templated":true}]}}