{"id":736,"date":"2021-08-25T13:05:52","date_gmt":"2021-08-25T11:05:52","guid":{"rendered":"http:\/\/www.ikzm-d.de\/konsum\/?page_id=736"},"modified":"2024-09-27T11:44:43","modified_gmt":"2024-09-27T09:44:43","slug":"konsum","status":"publish","type":"page","link":"https:\/\/www.ikzm-d.de\/muell-im-meer-konsum\/konsum\/","title":{"rendered":"Konsum und Meer"},"content":{"rendered":"\n<p>Parallel zu politischen und wirtschaftlichen Ma\u00dfnahmen zum Schutz der (Meeres-) Umwelt ist es notwendig, auch auf gesellschaftlicher Ebene einen Bewusstseinswandel herbeizuf\u00fchren. Forschungs- und Bildungsprojekte, Aktivit\u00e4ten wie der j\u00e4hrlich weltweit stattfindende Cleanup Day sowie Medienberichte haben in den letzten Jahren dazu beigetragen, das Bewusstsein f\u00fcr die Bedeutung der Gew\u00e4sser\u00f6kosysteme zu steigern. Da das Bewusstsein allein noch keine Handlung induziert, steht als n\u00e4chster notwendiger Schritt aus, dass die Menschen ihr eigenes Verhalten \u00fcberdenken und <strong>Lebensstile <\/strong>sowie <strong>Konsummuster<\/strong> dauerhaft \u00e4ndern, denn wirtschaftliche Prozesse werden auch durch die Nachfrage seitens der Konsument:innen gesteuert.<\/p>\n\n\n\n<p class=\"has-white-color has-text-color has-background\" style=\"background-color:#1a6ab1\">Unter&nbsp;dem Begriff <strong>Konsum<\/strong> wird der Verbrauch von G\u00fctern, der Verzehr von Nahrungsmitteln sowie die Inanspruchnahme von Dienstleistungen verstanden, die der menschliche Bed\u00fcrfnisbefriedigung dienen. Der Begriff leitet sich vom lateinischen Wort <em>consumere<\/em> ab und bedeutet \u201everbrauchen\u201c, \u201eersch\u00f6pfen\u201c, \u201eaufbrauchen\u201c, \u201everschwenden\u201c, \u201everwenden\u201c, \u201everzehren\u201c. <\/p>\n\n\n\n<p>Bereits seit Anbeginn der Geschichte des Homo Sapiens wurden Waren hergestellt und verbraucht: Angefangen mit der Fertigung von Werkzeugen aus Stein \u00fcber die Entdeckung der Bronzeverarbeitung bis hin in das Zeitalter der Eisenverarbeitung. Beginnend mit der Sch\u00fcrfung&nbsp;von Rohstoffen (z. B. Mineralien, metallische Erze und fossile Energietr\u00e4ger) wurden Gegenst\u00e4nde hergestellt, die nicht ohne Weiteres in den Kreislauf zur\u00fcck gelangen, sondern als M\u00fcll sachgerecht entsorgt werden m\u00fcssen. Bereits beim Abbau von Rohstoffen sowie bei der Produktion von G\u00fctern fallen Chemikalien und Abfall an, es werden Energien verbraucht und Treibhausgase freigesetzt. Sowohl die gewonnen Rohstoffe als auch die daraus entstanden G\u00fctern werden \u00fcber lange Wege transportiert. Auch hierf\u00fcr werden Energien genutzt. Zus\u00e4tzlich entsteht vielfach Transport- und Verpackungsm\u00fcll, der auf Deponien landet, verbrannt oder zu Teilen recycelt wird. Ein Teil landet aber auch direkt in der Umwelt und belastet die \u00d6kosysteme der Erde (vgl. <a rel=\"noreferrer noopener\" href=\"http:\/\/www.ikzm-d.de\/auswirkungen\/\" target=\"_blank\">Informationsmodul<\/a> \u201eM\u00fcll im Meer &#8211; Auswirkungen\u201c).<\/p>\n\n\n\n<p>In den letzten Jahrzehnten hat sich der Konsum stark erh\u00f6ht: So gaben private Haushalte 1991 in Deutschland 91,5 Mrd. Euro f\u00fcr Freizeit, Unterhaltung und Kultur aus &#8211; 2019 sind es mit 188,3 Mrd. Euro fast das Doppelte. \u00c4hnlich verh\u00e4lt es sich bei Ausgaben f\u00fcr Wohnung, Energie, Wasser, Verkehr, Nachrichten, Nahrungsmittel, Bekleidung etc. Insgesamt haben sich die Konsumausgaben privater Haushalte von 853,9 Mrd. Euro (1991) auf 1.705,6 Mrd. Euro (2019) erh\u00f6ht. <\/p>\n\n\n\n<div class=\"wp-block-buttons is-layout-flex wp-block-buttons-is-layout-flex\">\n<div class=\"wp-block-button is-style-outline is-style-outline--1\"><a class=\"wp-block-button__link wp-element-button\" href=\"https:\/\/www.umweltbundesamt.de\/daten\/ressourcen-abfall\/abfallaufkommen#deutschlands-abfall\" target=\"_blank\" rel=\"noreferrer noopener\">Abfallaufkommen in Deutschland<\/a><\/div>\n<\/div>\n","protected":false},"excerpt":{"rendered":"<p>Parallel zu politischen und wirtschaftlichen Ma\u00dfnahmen zum Schutz der (Meeres-) Umwelt ist es notwendig, auch auf gesellschaftlicher Ebene einen Bewusstseinswandel herbeizuf\u00fchren. Forschungs- und Bildungsprojekte, Aktivit\u00e4ten wie der j\u00e4hrlich weltweit stattfindende Cleanup Day sowie Medienberichte haben in den letzten Jahren dazu beigetragen, das Bewusstsein f\u00fcr die Bedeutung der Gew\u00e4sser\u00f6kosysteme zu steigern. Da das Bewusstsein allein noch [&hellip;]<\/p>\n","protected":false},"author":3,"featured_media":0,"parent":0,"menu_order":2,"comment_status":"closed","ping_status":"closed","template":"","meta":{"footnotes":""},"class_list":["post-736","page","type-page","status-publish","hentry"],"_links":{"self":[{"href":"https:\/\/www.ikzm-d.de\/muell-im-meer-konsum\/wp-json\/wp\/v2\/pages\/736","targetHints":{"allow":["GET"]}}],"collection":[{"href":"https:\/\/www.ikzm-d.de\/muell-im-meer-konsum\/wp-json\/wp\/v2\/pages"}],"about":[{"href":"https:\/\/www.ikzm-d.de\/muell-im-meer-konsum\/wp-json\/wp\/v2\/types\/page"}],"author":[{"embeddable":true,"href":"https:\/\/www.ikzm-d.de\/muell-im-meer-konsum\/wp-json\/wp\/v2\/users\/3"}],"replies":[{"embeddable":true,"href":"https:\/\/www.ikzm-d.de\/muell-im-meer-konsum\/wp-json\/wp\/v2\/comments?post=736"}],"version-history":[{"count":16,"href":"https:\/\/www.ikzm-d.de\/muell-im-meer-konsum\/wp-json\/wp\/v2\/pages\/736\/revisions"}],"predecessor-version":[{"id":859,"href":"https:\/\/www.ikzm-d.de\/muell-im-meer-konsum\/wp-json\/wp\/v2\/pages\/736\/revisions\/859"}],"wp:attachment":[{"href":"https:\/\/www.ikzm-d.de\/muell-im-meer-konsum\/wp-json\/wp\/v2\/media?parent=736"}],"curies":[{"name":"wp","href":"https:\/\/api.w.org\/{rel}","templated":true}]}}