{"id":740,"date":"2021-08-25T13:07:54","date_gmt":"2021-08-25T11:07:54","guid":{"rendered":"http:\/\/www.ikzm-d.de\/konsum\/?page_id=740"},"modified":"2022-02-08T15:59:59","modified_gmt":"2022-02-08T14:59:59","slug":"geschichte-des-konsum","status":"publish","type":"page","link":"https:\/\/www.ikzm-d.de\/muell-im-meer-konsum\/geschichte-des-konsum\/","title":{"rendered":"Geschichte des Konsum"},"content":{"rendered":"\n<p>Die Entwicklung neuer Drucktechnologien und des Baumwollhandels f\u00fchrte im England des 15. Jahrhunderts erstmals zu einer so genannten Konsumgesellschaft. Also einer Gesellschaft, in der Menschen nicht nur das kaufen, was zwingend zum \u00dcberleben wichtig ist, sondern auch Dinge dar\u00fcber hinaus.<\/p>\n\n\n\n<p>Im 18. Jahrhundert wurde auf Wochenm\u00e4rkten um das gehandelt, was die Bev\u00f6lkerung nicht selbst herstellen konnte. Luxusg\u00fcter waren dem Adel vorbehalten. Mit der Zeit stieg die Kaufkraft des B\u00fcrgertums und f\u00fchrte dazu, dass neben Bedarfsg\u00fctern auch nicht lebensnotwendige W\u00fcnsche erf\u00fcllt werden konnten. Konsum wurde zum Mittel der Status- und Identit\u00e4tsdarstellung. Die industrielle Revolution und die damit verbundenen Arbeitspl\u00e4tze und Einkommen zogen eine erh\u00f6hte Massenverbrauchsg\u00fcternachfrage nach sich. Modejournale gestalteten sich als erfolgreichstes Kommunikationsmittel\u00a0 und steigerten das Konsumbed\u00fcrfnis der Bev\u00f6lkerung.<\/p>\n\n\n\n<p>Mit dem Einzug der Litfa\u00dfs\u00e4ule in der Mitte des 19. Jahrhunderts wurde Werbung im \u00f6ffentlichen Raum platziert, um den Konsum gezielt zu erh\u00f6hen. Die Industrialisierung erm\u00f6glichte komplexe Produktions-, Transport- und Informationsnetzwerke. \u00a0In der Folge entstanden mehr Kaufh\u00e4user und Produkte hatten immer \u00f6fter feste Preise.<\/p>\n\n\n\n<p>Im 20. und 21. Jahrhundert erlebte Deutschland ein Wirtschaftswunder, welches seine Anf\u00e4nge im Wiederaufbau des Landes nach dem Zweiten Weltkrieg hatte. In der Folge wurden Luxusg\u00fcter zur Massenware. <\/p>\n\n\n\n<p>Die Globalisierung f\u00fchrte zu Transportstr\u00f6men, die internationale G\u00fcter weltweit verf\u00fcgbar machten. Es kam zu einem weiteren Anstieg des Konsums. So vermehrte sich die Zahl der Produkte exponentiell: Heute besitzt der durchschnittliche Haushalt etwa 10.000&nbsp;Produkte, um 1900 waren es noch etwa 400. <\/p>\n","protected":false},"excerpt":{"rendered":"<p>Die Entwicklung neuer Drucktechnologien und des Baumwollhandels f\u00fchrte im England des 15. Jahrhunderts erstmals zu einer so genannten Konsumgesellschaft. Also einer Gesellschaft, in der Menschen nicht nur das kaufen, was zwingend zum \u00dcberleben wichtig ist, sondern auch Dinge dar\u00fcber hinaus. Im 18. Jahrhundert wurde auf Wochenm\u00e4rkten um das gehandelt, was die Bev\u00f6lkerung nicht selbst herstellen [&hellip;]<\/p>\n","protected":false},"author":3,"featured_media":0,"parent":0,"menu_order":3,"comment_status":"closed","ping_status":"closed","template":"","meta":{"footnotes":""},"class_list":["post-740","page","type-page","status-publish","hentry"],"_links":{"self":[{"href":"https:\/\/www.ikzm-d.de\/muell-im-meer-konsum\/wp-json\/wp\/v2\/pages\/740","targetHints":{"allow":["GET"]}}],"collection":[{"href":"https:\/\/www.ikzm-d.de\/muell-im-meer-konsum\/wp-json\/wp\/v2\/pages"}],"about":[{"href":"https:\/\/www.ikzm-d.de\/muell-im-meer-konsum\/wp-json\/wp\/v2\/types\/page"}],"author":[{"embeddable":true,"href":"https:\/\/www.ikzm-d.de\/muell-im-meer-konsum\/wp-json\/wp\/v2\/users\/3"}],"replies":[{"embeddable":true,"href":"https:\/\/www.ikzm-d.de\/muell-im-meer-konsum\/wp-json\/wp\/v2\/comments?post=740"}],"version-history":[{"count":7,"href":"https:\/\/www.ikzm-d.de\/muell-im-meer-konsum\/wp-json\/wp\/v2\/pages\/740\/revisions"}],"predecessor-version":[{"id":829,"href":"https:\/\/www.ikzm-d.de\/muell-im-meer-konsum\/wp-json\/wp\/v2\/pages\/740\/revisions\/829"}],"wp:attachment":[{"href":"https:\/\/www.ikzm-d.de\/muell-im-meer-konsum\/wp-json\/wp\/v2\/media?parent=740"}],"curies":[{"name":"wp","href":"https:\/\/api.w.org\/{rel}","templated":true}]}}