{"id":745,"date":"2021-08-25T13:09:07","date_gmt":"2021-08-25T11:09:07","guid":{"rendered":"http:\/\/www.ikzm-d.de\/konsum\/?page_id=745"},"modified":"2022-02-08T16:07:33","modified_gmt":"2022-02-08T15:07:33","slug":"antrieb-ursachen-des-konsum","status":"publish","type":"page","link":"https:\/\/www.ikzm-d.de\/muell-im-meer-konsum\/antrieb-ursachen-des-konsum\/","title":{"rendered":"Ursachen des Konsum"},"content":{"rendered":"\n<p>Was treibt den Menschen an, \u00fcber seine Grundbed\u00fcrfnisse hinaus zu konsumieren? Der Psychologe Abraham Maslow beschrieb menschliche Bed\u00fcrfnisse und Motivationen in vereinfachender Weise in einer<strong> Bed\u00fcrfnispyramide<\/strong>: <\/p>\n\n\n\n<ul class=\"wp-block-list\"><li>Auf der ersten Ebene stehen die <strong>physiologischen Bed\u00fcrfnisse<\/strong> (Essen, Trinken, Schlafen).<\/li><li>Auf der zweiten Ebene strebt der Mensch nach <strong>Sicherheitsbed\u00fcrfnissen<\/strong> (Schutz, Geborgenheit, Angstfreiheit), <\/li><li>gefolgt von <strong>sozialen Bed\u00fcrfnissen<\/strong> (Gemeinschaft, Zugeh\u00f6rigkeit, Kommunikation) und <\/li><li><strong>Individualbed\u00fcrfnissen<\/strong> (Anerkennung, Erfolg, Status). <\/li><li>Die Spitze der Pyramide f\u00fcllt das Bed\u00fcrfnis nach <strong>Selbstverwirklichung<\/strong> (Talente, Potential). <\/li><\/ul>\n\n\n\n<p>Mit dem Konsum von Produkten wird eine oder mehrere Bed\u00fcrfnisbefriedigung\/en antizipiert. Gezielte Werbung und Marketing, Einkaufsstra\u00dfen und Shopping Malls, Superm\u00e4rkte mit stets gef\u00fcllten Regalen und \u00dcberangebot wecken bei einem Gro\u00dfteil der Menschen das Bed\u00fcrfnis, mehr besitzen zu wollen als notwendig. Dieser Umstand wird zus\u00e4tzlich dadurch beg\u00fcnstigt, dass das Reparieren von Produkten (zumindest in Europa) meist teurer als der Neukauf ist und vom Hersteller (absichtlich) hervorgerufene Fehler zu einer verminderten Lebensdauer der Produkte f\u00fchrt (geplante <span class='tooltipsall tooltipsincontent classtoolTips0'>Obsoleszenz<\/span>). <\/p>\n\n\n\n<p>Eine Auseinandersetzung mit Konsummustern und M\u00fcllverschmutzung erm\u00f6glicht bewusste und nachhaltige Kaufentscheidungen.<\/p>\n<script type=\"text\/javascript\"> toolTips('.classtoolTips0','<strong><span class='tooltipsall tooltipsincontent classtoolTips0'>Obsoleszenz<\/span><\/strong> bezeichnet in Wirtschaft\/Industrie die begrenzte Haltbarkeit technischer Bauteile sowie den Wandel von technischem Fortschritt, Mode etc. Eine <strong>geplante <span class='tooltipsall tooltipsincontent classtoolTips0'>Obsoleszenz<\/span><\/strong> tritt auf, wenn ein Hersteller die Haltbarkeit aus marktstrategischen Gr\u00fcnden bewusst herbeif\u00fchrt.'); <\/script>","protected":false},"excerpt":{"rendered":"<p>Was treibt den Menschen an, \u00fcber seine Grundbed\u00fcrfnisse hinaus zu konsumieren? Der Psychologe Abraham Maslow beschrieb menschliche Bed\u00fcrfnisse und Motivationen in vereinfachender Weise in einer Bed\u00fcrfnispyramide: Auf der ersten Ebene stehen die physiologischen Bed\u00fcrfnisse (Essen, Trinken, Schlafen). Auf der zweiten Ebene strebt der Mensch nach Sicherheitsbed\u00fcrfnissen (Schutz, Geborgenheit, Angstfreiheit), gefolgt von sozialen Bed\u00fcrfnissen (Gemeinschaft, Zugeh\u00f6rigkeit, [&hellip;]<\/p>\n","protected":false},"author":3,"featured_media":0,"parent":0,"menu_order":4,"comment_status":"closed","ping_status":"closed","template":"","meta":{"footnotes":""},"class_list":["post-745","page","type-page","status-publish","hentry"],"_links":{"self":[{"href":"https:\/\/www.ikzm-d.de\/muell-im-meer-konsum\/wp-json\/wp\/v2\/pages\/745","targetHints":{"allow":["GET"]}}],"collection":[{"href":"https:\/\/www.ikzm-d.de\/muell-im-meer-konsum\/wp-json\/wp\/v2\/pages"}],"about":[{"href":"https:\/\/www.ikzm-d.de\/muell-im-meer-konsum\/wp-json\/wp\/v2\/types\/page"}],"author":[{"embeddable":true,"href":"https:\/\/www.ikzm-d.de\/muell-im-meer-konsum\/wp-json\/wp\/v2\/users\/3"}],"replies":[{"embeddable":true,"href":"https:\/\/www.ikzm-d.de\/muell-im-meer-konsum\/wp-json\/wp\/v2\/comments?post=745"}],"version-history":[{"count":4,"href":"https:\/\/www.ikzm-d.de\/muell-im-meer-konsum\/wp-json\/wp\/v2\/pages\/745\/revisions"}],"predecessor-version":[{"id":834,"href":"https:\/\/www.ikzm-d.de\/muell-im-meer-konsum\/wp-json\/wp\/v2\/pages\/745\/revisions\/834"}],"wp:attachment":[{"href":"https:\/\/www.ikzm-d.de\/muell-im-meer-konsum\/wp-json\/wp\/v2\/media?parent=745"}],"curies":[{"name":"wp","href":"https:\/\/api.w.org\/{rel}","templated":true}]}}