{"id":778,"date":"2021-11-08T20:23:46","date_gmt":"2021-11-08T19:23:46","guid":{"rendered":"http:\/\/www.ikzm-d.de\/konsum\/?page_id=778"},"modified":"2024-09-27T11:44:16","modified_gmt":"2024-09-27T09:44:16","slug":"auswirkungen-des-konsums","status":"publish","type":"page","link":"https:\/\/www.ikzm-d.de\/muell-im-meer-konsum\/auswirkungen-des-konsums\/","title":{"rendered":"Auswirkungen des Konsums"},"content":{"rendered":"\n<p>Der Homo Sapiens existiert seit etwa 300.000 Jahren auf dem Planeten Erde, der rund 4,6 Milliarden Jahre alt ist. Verglichen damit ist die Geschichte des Konsums kurz, daf\u00fcr aber umso folgenreicher. Innerhalb weniger Jahrhunderte hat die Menschheit einen vermeintlichen Wohlstand erreicht, der die Ressourcen der Erde bei Weitem \u00fcbersteigt: Bereits heute sind rund 50 % der W\u00e4lder abgeholzt, B\u00f6den und Gew\u00e4sser verunreinigt sowie Fisch und Artenbest\u00e4nde drastisch reduziert. Zudem verringern sich die S\u00fc\u00df- und Grundwasservorkommen zusehends und das M\u00fcllaufkommen erh\u00f6ht sich j\u00e4hrlich. <\/p>\n\n\n\n<h2 class=\"wp-block-heading\">Earth-Over-Shoot-Day<\/h2>\n\n\n\n<p>Der Tag, an dem die Menschheit alle \u00f6kologischen Ressourcen aufgebraucht hat, welche die Erde innerhalb eines Jahres regenerieren kann, wird als <strong>Earth-Over-Shoot-Day<\/strong> bezeichnet. Vergleichbar mit einer Bank wird dabei die Biokapazit\u00e4t der Erde, also wie viel sie nachhaltig dem Menschen zur Verf\u00fcgung stellen und erneuern kann, mit der Menge verrechnet, die die Menschheit nimmt (also dem \u00f6kologischen Fu\u00dfabdruck). <\/p>\n\n\n\n<p>Berechnet wird der Earth-Over-Shoot-Day aus den Daten des Global Footprint Networks und der Anzahl an Tagen pro Jahr, an denen die Biokapazit\u00e4t der Erde den \u00f6kologischen Fu\u00dfabdruck der Menschheit erm\u00f6glichen kann. Die <strong>Biokapazit\u00e4t der Erde<\/strong> entspricht biologisch reproduktivem Land und Meer (z. B. Wald- und Ackerfl\u00e4chen und Fischgr\u00fcnden). Der<strong> \u00f6kologische Fu\u00dfabdruck <\/strong>auf der anderen Seite misst die Nachfrage der Menschen nach Nahrung, Platz f\u00fcr urbane Infrastruktur, Rohstoffen und W\u00e4ldern, welche die Emission von CO<sub>2<\/sub> aus fossilen Brennstoffen aufnehmen k\u00f6nnen.<\/p>\n\n\n\n<p>2020 hat der Corona-Lockdown und der damit einhergehende enorme Einschnitt in die wirtschaftlichen und gesellschaftlichen Aktivit\u00e4ten den Earth-Over-Shoot Day im Vergleich zu 2019 um drei Wochen nach hinten verschoben und fiel im Jahr 2020 auf den 22. August. Den gleichen Effekt erzielte nur die Wirtschaftskrise 2009. In jedem anderen Jahr zeichnet sich eine eindeutige Tendenz ab: der Earth Over-Shoot-Day findet jedes Jahr fr\u00fcher statt.<\/p>\n\n\n\n<div class=\"wp-block-buttons is-layout-flex wp-block-buttons-is-layout-flex\">\n<div class=\"wp-block-button is-style-outline is-style-outline--1\"><a class=\"wp-block-button__link wp-element-button\" href=\"https:\/\/www.overshootday.org\/\" target=\"_blank\" rel=\"noreferrer noopener\">Earth Overshoot Day<\/a><\/div>\n<\/div>\n","protected":false},"excerpt":{"rendered":"<p>Der Homo Sapiens existiert seit etwa 300.000 Jahren auf dem Planeten Erde, der rund 4,6 Milliarden Jahre alt ist. Verglichen damit ist die Geschichte des Konsums kurz, daf\u00fcr aber umso folgenreicher. Innerhalb weniger Jahrhunderte hat die Menschheit einen vermeintlichen Wohlstand erreicht, der die Ressourcen der Erde bei Weitem \u00fcbersteigt: Bereits heute sind rund 50 % [&hellip;]<\/p>\n","protected":false},"author":3,"featured_media":0,"parent":0,"menu_order":5,"comment_status":"closed","ping_status":"closed","template":"","meta":{"footnotes":""},"class_list":["post-778","page","type-page","status-publish","hentry"],"_links":{"self":[{"href":"https:\/\/www.ikzm-d.de\/muell-im-meer-konsum\/wp-json\/wp\/v2\/pages\/778","targetHints":{"allow":["GET"]}}],"collection":[{"href":"https:\/\/www.ikzm-d.de\/muell-im-meer-konsum\/wp-json\/wp\/v2\/pages"}],"about":[{"href":"https:\/\/www.ikzm-d.de\/muell-im-meer-konsum\/wp-json\/wp\/v2\/types\/page"}],"author":[{"embeddable":true,"href":"https:\/\/www.ikzm-d.de\/muell-im-meer-konsum\/wp-json\/wp\/v2\/users\/3"}],"replies":[{"embeddable":true,"href":"https:\/\/www.ikzm-d.de\/muell-im-meer-konsum\/wp-json\/wp\/v2\/comments?post=778"}],"version-history":[{"count":7,"href":"https:\/\/www.ikzm-d.de\/muell-im-meer-konsum\/wp-json\/wp\/v2\/pages\/778\/revisions"}],"predecessor-version":[{"id":858,"href":"https:\/\/www.ikzm-d.de\/muell-im-meer-konsum\/wp-json\/wp\/v2\/pages\/778\/revisions\/858"}],"wp:attachment":[{"href":"https:\/\/www.ikzm-d.de\/muell-im-meer-konsum\/wp-json\/wp\/v2\/media?parent=778"}],"curies":[{"name":"wp","href":"https:\/\/api.w.org\/{rel}","templated":true}]}}