{"id":804,"date":"2022-02-08T15:30:47","date_gmt":"2022-02-08T14:30:47","guid":{"rendered":"http:\/\/www.ikzm-d.de\/konsum\/?page_id=804"},"modified":"2022-06-29T11:55:38","modified_gmt":"2022-06-29T09:55:38","slug":"muell-im-meer-konsum","status":"publish","type":"page","link":"https:\/\/www.ikzm-d.de\/muell-im-meer-konsum\/","title":{"rendered":"M\u00fcll im Meer &#8211; Konsum"},"content":{"rendered":"\n<p>Das Lehr- und Lernmodul \u201eM\u00fcll im Meer &#8211; Konsum\u201c geh\u00f6rt zu einer Reihe von Modulen zu einer der gr\u00f6\u00dften gesellschaftlichen Herausforderungen unserer Zeit, der Verschmutzung der (Meeres-) Umwelt durch M\u00fcll.  <\/p>\n\n\n\n<figure class=\"wp-block-table\"><table><tbody><tr><td>Inhalt<\/td><td>Im Modul \u201eM\u00fcll im Meer &#8211; Konsum&#8220; wird in den Blick genommen, inwiefern der Konsum der B\u00fcrger:innen in Beziehung zur lokalen wie globalen Verschmutzung der (Meeres-) Umwelt durch M\u00fcll steht. <\/td><\/tr><tr><td>Lernziele<\/td><td>&#8211; Konsumgesellschaft im 21. Jhd.<br>&#8211; Geschichte des Konsums<br>&#8211; Antrieb\/Ursachen des Konsums <br>&#8211; Auswirkungen des Konsums<\/td><\/tr><tr><td>Lesezeit<\/td><td>ca. 45 Minuten<\/td><\/tr><tr><td>Voraussetzungen<\/td><td>keine<\/td><\/tr><tr><td>Autoren<\/td><td>Katharina Kiefer, Lukas Schnitzler &amp; Anke Vorlauf <br>(EUCC-D, 2021)<\/td><\/tr><tr><td>erg\u00e4nzende Module<\/td><td>\u201eFlie\u00dfgew\u00e4sser &amp; M\u00fcll\u201c<br>\u201eM\u00fcll im Meer \u2013 eine Momentanalyse\u201c<br>\u201eM\u00fcll im Meer \u2013 Auswirkungen\u201c<br>\u201eM\u00fcll im Meer \u2013 Ma\u00dfnahmen\u201c<\/td><\/tr><\/tbody><\/table><\/figure>\n","protected":false},"excerpt":{"rendered":"<p>Das Lehr- und Lernmodul \u201eM\u00fcll im Meer &#8211; Konsum\u201c geh\u00f6rt zu einer Reihe von Modulen zu einer der gr\u00f6\u00dften gesellschaftlichen Herausforderungen unserer Zeit, der Verschmutzung der (Meeres-) Umwelt durch M\u00fcll. Inhalt Im Modul \u201eM\u00fcll im Meer &#8211; Konsum&#8220; wird in den Blick genommen, inwiefern der Konsum der B\u00fcrger:innen in Beziehung zur lokalen wie globalen Verschmutzung [&hellip;]<\/p>\n","protected":false},"author":3,"featured_media":0,"parent":0,"menu_order":1,"comment_status":"closed","ping_status":"closed","template":"","meta":{"footnotes":""},"class_list":["post-804","page","type-page","status-publish","hentry"],"_links":{"self":[{"href":"https:\/\/www.ikzm-d.de\/muell-im-meer-konsum\/wp-json\/wp\/v2\/pages\/804","targetHints":{"allow":["GET"]}}],"collection":[{"href":"https:\/\/www.ikzm-d.de\/muell-im-meer-konsum\/wp-json\/wp\/v2\/pages"}],"about":[{"href":"https:\/\/www.ikzm-d.de\/muell-im-meer-konsum\/wp-json\/wp\/v2\/types\/page"}],"author":[{"embeddable":true,"href":"https:\/\/www.ikzm-d.de\/muell-im-meer-konsum\/wp-json\/wp\/v2\/users\/3"}],"replies":[{"embeddable":true,"href":"https:\/\/www.ikzm-d.de\/muell-im-meer-konsum\/wp-json\/wp\/v2\/comments?post=804"}],"version-history":[{"count":6,"href":"https:\/\/www.ikzm-d.de\/muell-im-meer-konsum\/wp-json\/wp\/v2\/pages\/804\/revisions"}],"predecessor-version":[{"id":857,"href":"https:\/\/www.ikzm-d.de\/muell-im-meer-konsum\/wp-json\/wp\/v2\/pages\/804\/revisions\/857"}],"wp:attachment":[{"href":"https:\/\/www.ikzm-d.de\/muell-im-meer-konsum\/wp-json\/wp\/v2\/media?parent=804"}],"curies":[{"name":"wp","href":"https:\/\/api.w.org\/{rel}","templated":true}]}}