{"id":723,"date":"2021-08-25T09:23:54","date_gmt":"2021-08-25T07:23:54","guid":{"rendered":"http:\/\/www.ikzm-d.de\/momentanalyse\/?page_id=723"},"modified":"2022-02-08T16:18:28","modified_gmt":"2022-02-08T15:18:28","slug":"quellenverzeichnis","status":"publish","type":"page","link":"https:\/\/www.ikzm-d.de\/muell-im-meer-momentanalyse\/quellenverzeichnis\/","title":{"rendered":"Quellenverzeichnis"},"content":{"rendered":"\n<p>GEXER, R. JAMBECK, J.R. &amp; K. LAVENDER&nbsp;LAW (2017): \u201eProduction, use, and fate of all plastics ever made&#8220; &#8211; In: Science Advances, Vol&nbsp;3\/Issue&nbsp;7, <a href=\"https:\/\/advances.sciencemag.org\/content\/3\/7\/e1700782\" target=\"_blank\" rel=\"noreferrer noopener\">https:\/\/advances.sciencemag.org\/content\/3\/7\/e1700782<\/a>.<\/p>\n\n\n\n<p>GRID-ARENDAL (2018): \u201eHow much plastic is estimated to be in the oceans and where it may be\u201c <a href=\"https:\/\/www.grida.no\/resources\/6907\" target=\"_blank\" rel=\"noreferrer noopener\">https:\/\/www.grida.no\/resources\/6907<\/a><\/p>\n\n\n\n<p>HEINRICH-B\u00d6LL-STIFTUNG (2020): Der Plastikatlas. 5. Auflage, 52 Seiten. (<a rel=\"noreferrer noopener\" href=\"https:\/\/www.boell.de\/sites\/default\/files\/2021-09\/Plastikatlas%202019%206.Auflage%20web.pdf?dimension1=ds_plastikatlas\" target=\"_blank\">PDF-Datei<\/a>)<\/p>\n\n\n\n<p>JAMBECK, J. R. et al. (2015): \u201ePlastic waste inputs from land into the ocean\u201c, <em>Science<\/em>, Bd. 347, Nr. 6223, S. 768\u2013771, doi: 10.1126\/science.1260352<\/p>\n\n\n\n<p>JOHANN HEINRCH VON TH\u00dcNEN-INSTITUT- Bundesforschungsinstitut f\u00fcr L\u00e4ndliche R\u00e4ume, Wald und Fischerei: \u201ePlastik im Fisch\u201c, Pressemitteilung vom 07.11.2018 (<a rel=\"noreferrer noopener\" href=\"https:\/\/www.thuenen.de\/de\/infothek\/presse\/pressearchiv\/pressemitteilungen-2018\/plastik-im-fisch\/\" target=\"_blank\">externer Link<\/a>)<\/p>\n\n\n\n<p>MANI, T.; HAUK, A.; WALTER, U. &amp; P. Burkhardt-Holm (2015): \u201eMicroplastics profile along the Rhine River\u201c. &#8211; IN: <em>Sci. Rep.<\/em>, Bd. 5, Nr. 1, Art. Nr. 1, Dez. 2015, doi: 10.1038\/srep17988.<\/p>\n\n\n\n<p>M\u00d6HL; S. (2014): \u201eNeue Studie: Mikroplastik im Abwasser \u00fcberfordert Kl\u00e4ranlagen\u201c. &#8211; IN: <em>DIE WELT<\/em>, Okt. 30, 2014.<\/p>\n\n\n\n<p>NIZZETTO, L.; FUTTER, M. &amp; S. Langaas (2016): \u201eAre Agricultural Soils Dumps for Microplastics of Urban Origin?\u201c. &#8211; IN: Environ. Sci. Technol., Bd. 50, Nr. 20, S. 10777\u201310779, Okt. 2016, doi: 10.1021\/acs.est.6b04140.<\/p>\n\n\n\n<p>RUNDER TISCH MEERESM\u00dcLL (RTM): Problemdarstellung (<a rel=\"noreferrer noopener\" href=\"https:\/\/muell-im-meer.de\/hintergrund-problemdarstellung\" data-type=\"URL\" data-id=\"https:\/\/muell-im-meer.de\/hintergrund-problemdarstellung\" target=\"_blank\">externer Link<\/a>)<\/p>\n\n\n\n<p>UMWELTBUNDESAMT (Hrsg.) (2010): Abf\u00e4lle im Meer &#8211; ein gravierendes \u00f6kologisches, \u00f6konomisches und \u00e4sthetisches Problem. Dessau-Ro\u00dflau, 16 Seiten. (<a rel=\"noreferrer noopener\" href=\"https:\/\/www.umweltbundesamt.de\/sites\/default\/files\/medien\/publikation\/long\/3900.pdf\" data-type=\"URL\" data-id=\"https:\/\/www.umweltbundesamt.de\/sites\/default\/files\/medien\/publikation\/long\/3900.pdf\" target=\"_blank\">PDF-Datei<\/a>)<\/p>\n\n\n\n<p>WORLD RESOURCES INSTITUTE (2017): \u201eThe Apparel Industry\u2019s Environmental Impact in 6 Graphics\u201c (<a rel=\"noreferrer noopener\" href=\"https:\/\/www.wri.org\/insights\/apparel-industrys-environmental-impact-6-graphics\" target=\"_blank\" data-type=\"URL\" data-id=\"https:\/\/www.wri.org\/insights\/apparel-industrys-environmental-impact-6-graphics\">externer Link<\/a>)<\/p>\n\n\n\n<p>WISSENSCHAFTLICHER BEIRAT DER BUNDESREGIERUNG GLOBALE UMWELTVER\u00c4NDERUNGEN (WBGU) (2013): Welt im Wandel: Menschheitserbe Meer. Berlin, 385 Seiten<\/p>\n","protected":false},"excerpt":{"rendered":"<p>GEXER, R. JAMBECK, J.R. &amp; K. LAVENDER&nbsp;LAW (2017): \u201eProduction, use, and fate of all plastics ever made&#8220; &#8211; In: Science Advances, Vol&nbsp;3\/Issue&nbsp;7, https:\/\/advances.sciencemag.org\/content\/3\/7\/e1700782. GRID-ARENDAL (2018): \u201eHow much plastic is estimated to be in the oceans and where it may be\u201c https:\/\/www.grida.no\/resources\/6907 HEINRICH-B\u00d6LL-STIFTUNG (2020): Der Plastikatlas. 5. Auflage, 52 Seiten. (PDF-Datei) JAMBECK, J. R. et al. [&hellip;]<\/p>\n","protected":false},"author":3,"featured_media":0,"parent":0,"menu_order":6,"comment_status":"closed","ping_status":"closed","template":"","meta":{"footnotes":""},"class_list":["post-723","page","type-page","status-publish","hentry"],"_links":{"self":[{"href":"https:\/\/www.ikzm-d.de\/muell-im-meer-momentanalyse\/wp-json\/wp\/v2\/pages\/723","targetHints":{"allow":["GET"]}}],"collection":[{"href":"https:\/\/www.ikzm-d.de\/muell-im-meer-momentanalyse\/wp-json\/wp\/v2\/pages"}],"about":[{"href":"https:\/\/www.ikzm-d.de\/muell-im-meer-momentanalyse\/wp-json\/wp\/v2\/types\/page"}],"author":[{"embeddable":true,"href":"https:\/\/www.ikzm-d.de\/muell-im-meer-momentanalyse\/wp-json\/wp\/v2\/users\/3"}],"replies":[{"embeddable":true,"href":"https:\/\/www.ikzm-d.de\/muell-im-meer-momentanalyse\/wp-json\/wp\/v2\/comments?post=723"}],"version-history":[{"count":17,"href":"https:\/\/www.ikzm-d.de\/muell-im-meer-momentanalyse\/wp-json\/wp\/v2\/pages\/723\/revisions"}],"predecessor-version":[{"id":963,"href":"https:\/\/www.ikzm-d.de\/muell-im-meer-momentanalyse\/wp-json\/wp\/v2\/pages\/723\/revisions\/963"}],"wp:attachment":[{"href":"https:\/\/www.ikzm-d.de\/muell-im-meer-momentanalyse\/wp-json\/wp\/v2\/media?parent=723"}],"curies":[{"name":"wp","href":"https:\/\/api.w.org\/{rel}","templated":true}]}}