{"id":735,"date":"2021-08-25T12:11:57","date_gmt":"2021-08-25T10:11:57","guid":{"rendered":"http:\/\/www.ikzm-d.de\/momentanalyse\/?page_id=735"},"modified":"2022-02-07T14:03:02","modified_gmt":"2022-02-07T13:03:02","slug":"muell-im-meer","status":"publish","type":"page","link":"https:\/\/www.ikzm-d.de\/muell-im-meer-momentanalyse\/muell-im-meer\/","title":{"rendered":"M\u00fcllkippe Meer"},"content":{"rendered":"\n<p>Angesichts der Ausdehnung des Weltozeans war es lange Zeit unvorstellbar, dass der Mensch den blauen Planeten nennenswert beeinflussen k\u00f6nnte.<strong> 70,7&nbsp;% <\/strong>der 510 Mio.&nbsp;km<sup>2<\/sup> Erdoberfl\u00e4che sind von Wasser bedeckt. Und obwohl die aktuell rund 7,9&nbsp;Mrd. Menschen in erster Linie Bewohner der Landfl\u00e4che sind, ist ihr Einfluss auf die aquatischen \u00d6kosysteme immens. <\/p>\n\n\n\n<p class=\"has-drop-cap has-white-color has-text-color has-background\" style=\"background-color:#1a6ab1\">Allerdings findet die <strong>Beeintr\u00e4chti<\/strong>gung der Meere meist \u00fcber lange Zeitr\u00e4ume hinweg oder an Orten statt, die au\u00dferhalb des menschlichen Blickfeldes liegen und nur mithilfe aufwendiger Messungen sichtbar gemacht werden k\u00f6nnen<strong>.<\/strong> <\/p>\n\n\n\n<p>Dieser Umstand mindert aber nicht die weitreichenden Konsequenzen, die sie f\u00fcr Mensch und Umwelt nach sich ziehen. Erschwerend kommt hinzu, dass die aquatischen \u00d6kosysteme in Beziehung zueinanderstehen und die Beeintr\u00e4chtigung eines (Teil-)\u00a0\u00d6kosystems auch das Gleichgewicht eines anderen (Teil-) \u00d6kosystems st\u00f6ren kann. Die Ursachen f\u00fcr die Sch\u00e4digungen liegen u.\u00a0a. in der \u00dcbernutzung der \u00d6kosysteme, einem \u00fcberh\u00f6hten N\u00e4hrstoffeintrag, der Einleitung von ungekl\u00e4rten Abw\u00e4ssern und der zunehmenden Verschmutzung der Gew\u00e4sser mit Kunststoffen und anderen M\u00fcllsorten. Insbesondere die Meere sind in den letzten Jahrzehnten zu einem Auffangbecken f\u00fcr Vieles geworden, was wir an G\u00fctern produzieren, konsumieren und schlie\u00dflich entsorgen. <\/p>\n\n\n\n<blockquote class=\"wp-block-quote is-layout-flow wp-block-quote-is-layout-flow\"><p>\u201e\u2018<strong>Abf\u00e4lle im Meer<\/strong>\u2019 sind alle langlebigen, gefertigten oder verarbeiteten best\u00e4ndigen Materialien, die durch Wegwerfen oder als herrenloses Gut in die Meeresumwelt gelangen. Das schlie\u00dft den Transport dieser Materialien in die Meere \u00fcber Fl\u00fcsse, Einleitungen und Winde mit ein.\u201c <\/p><cite>Umweltbundesamt, 2010: S. 1<\/cite><\/blockquote>\n","protected":false},"excerpt":{"rendered":"<p>Angesichts der Ausdehnung des Weltozeans war es lange Zeit unvorstellbar, dass der Mensch den blauen Planeten nennenswert beeinflussen k\u00f6nnte. 70,7&nbsp;% der 510 Mio.&nbsp;km2 Erdoberfl\u00e4che sind von Wasser bedeckt. Und obwohl die aktuell rund 7,9&nbsp;Mrd. Menschen in erster Linie Bewohner der Landfl\u00e4che sind, ist ihr Einfluss auf die aquatischen \u00d6kosysteme immens. Allerdings findet die Beeintr\u00e4chtigung der [&hellip;]<\/p>\n","protected":false},"author":3,"featured_media":0,"parent":0,"menu_order":1,"comment_status":"closed","ping_status":"closed","template":"","meta":{"footnotes":""},"class_list":["post-735","page","type-page","status-publish","hentry"],"_links":{"self":[{"href":"https:\/\/www.ikzm-d.de\/muell-im-meer-momentanalyse\/wp-json\/wp\/v2\/pages\/735","targetHints":{"allow":["GET"]}}],"collection":[{"href":"https:\/\/www.ikzm-d.de\/muell-im-meer-momentanalyse\/wp-json\/wp\/v2\/pages"}],"about":[{"href":"https:\/\/www.ikzm-d.de\/muell-im-meer-momentanalyse\/wp-json\/wp\/v2\/types\/page"}],"author":[{"embeddable":true,"href":"https:\/\/www.ikzm-d.de\/muell-im-meer-momentanalyse\/wp-json\/wp\/v2\/users\/3"}],"replies":[{"embeddable":true,"href":"https:\/\/www.ikzm-d.de\/muell-im-meer-momentanalyse\/wp-json\/wp\/v2\/comments?post=735"}],"version-history":[{"count":41,"href":"https:\/\/www.ikzm-d.de\/muell-im-meer-momentanalyse\/wp-json\/wp\/v2\/pages\/735\/revisions"}],"predecessor-version":[{"id":910,"href":"https:\/\/www.ikzm-d.de\/muell-im-meer-momentanalyse\/wp-json\/wp\/v2\/pages\/735\/revisions\/910"}],"wp:attachment":[{"href":"https:\/\/www.ikzm-d.de\/muell-im-meer-momentanalyse\/wp-json\/wp\/v2\/media?parent=735"}],"curies":[{"name":"wp","href":"https:\/\/api.w.org\/{rel}","templated":true}]}}