{"id":739,"date":"2021-08-25T12:14:07","date_gmt":"2021-08-25T10:14:07","guid":{"rendered":"http:\/\/www.ikzm-d.de\/momentanalyse\/?page_id=739"},"modified":"2022-02-07T15:24:51","modified_gmt":"2022-02-07T14:24:51","slug":"arten-von-plastik","status":"publish","type":"page","link":"https:\/\/www.ikzm-d.de\/muell-im-meer-momentanalyse\/arten-von-plastik\/","title":{"rendered":"M\u00fcll aus Kunststoffen"},"content":{"rendered":"\n<p>Sch\u00e4tzungsweise <strong>100 Millionen Tonnen <\/strong>M\u00fcll schwimmen bereits im Weltmeer. Kunststoffe haben daran einen gro\u00dfen Anteil. Gleichzeitig steigt die weltweite Nachfrage nach Kunststoffen kontinuierlich. <\/p>\n\n\n\n<blockquote class=\"wp-block-quote is-layout-flow wp-block-quote-is-layout-flow\"><p>\u201eEuropa ist im internationalen Vergleich weiterhin einer der bedeutendsten Erzeugerstandorte.\u201c<\/p><cite>Plasticeurope, 2017<\/cite><\/blockquote>\n\n\n\n<p><\/p>\n\n\n\n<p>Allein in Deutschland produzierten die rund 83 Mio. B\u00fcrgerinnen und B\u00fcrger 2019 <strong>pro Kopf im Schnitt 38 kg Plastikm\u00fcll<\/strong>.<\/p>\n\n\n\n<hr class=\"wp-block-separator\"\/>\n\n\n\n<p>Kunststoffm\u00fcll wird in Abh\u00e4ngigkeit von seiner Gr\u00f6\u00dfe in <\/p>\n\n\n\n<ul class=\"wp-block-list\"><li>Makroplastik, <\/li><li>Mesoplastik und <\/li><li>Mikroplastik<\/li><\/ul>\n\n\n\n<p>unterschieden. <\/p>\n\n\n\n<p><strong>Makroplastik <\/strong>sind alle gro\u00dfen Abf\u00e4lle aus Kunststoff, welche noch nicht in kleinere Bestandteile zersetzt wurden. Als <strong>Mesoplastik<\/strong> wird bereits zersetztes Plastik bezeichnet, welches jedoch noch zu gro\u00df ist, um es den kleinsten Plastikpartikel, dem <strong>Mikroplastik<\/strong>, zuzuordnen. Letzteres darf eine Gr\u00f6\u00dfe von 5 mm Durchmesser nicht \u00fcberschreiten. Der Gro\u00dfteil des Mikroplastiks ist allerdings weitaus kleiner und f\u00fcr das menschliche Auge nicht ohne technische Hilfsmittel erkennbar. Die unterschiedlichen Plastikgr\u00f6\u00dfen sind im Hinblick auf Transport und Ablagerung im Meer von Bedeutung.<\/p>\n\n\n\n<p>Mikroplastik wird in prim\u00e4res\u00a0Mikroplastik und sekund\u00e4res Mikroplastik unterschieden. <strong>Prim\u00e4res Mikroplastik <\/strong>wird aktiv produziert, um z. B. Kleidung, Kosmetik und Pflegeprodukte herzustellen.<strong> Sekund\u00e4res Mikroplastik<\/strong> hingegen entsteht durch den Zerfall von Makro- und Mesoplastik. <\/p>\n\n\n\n<figure class=\"wp-block-image size-large\"><img loading=\"lazy\" decoding=\"async\" width=\"1675\" height=\"1251\" src=\"http:\/\/www.ikzm-d.de\/momentanalyse\/wp-content\/uploads\/sites\/48\/2022\/02\/Mikroplastik-Claudia-Weder.jpg\" alt=\"\" class=\"wp-image-933\"\/><figcaption>Sekund\u00e4res Mikroplastik<\/figcaption><\/figure>\n\n\n\n<p>Es wird gesch\u00e4tzt, dass eine handels\u00fcbliche PET-Flasche 450 Jahre braucht, um sich in Mikroplastik, mit einer Gr\u00f6\u00dfe zwischen (0,1 \u00b5m \u2013 5 mm) zu zersetzen.<\/p>\n","protected":false},"excerpt":{"rendered":"<p>Sch\u00e4tzungsweise 100 Millionen Tonnen M\u00fcll schwimmen bereits im Weltmeer. Kunststoffe haben daran einen gro\u00dfen Anteil. Gleichzeitig steigt die weltweite Nachfrage nach Kunststoffen kontinuierlich. \u201eEuropa ist im internationalen Vergleich weiterhin einer der bedeutendsten Erzeugerstandorte.\u201c Plasticeurope, 2017 Allein in Deutschland produzierten die rund 83 Mio. B\u00fcrgerinnen und B\u00fcrger 2019 pro Kopf im Schnitt 38 kg Plastikm\u00fcll. Kunststoffm\u00fcll [&hellip;]<\/p>\n","protected":false},"author":3,"featured_media":0,"parent":0,"menu_order":5,"comment_status":"closed","ping_status":"closed","template":"","meta":{"footnotes":""},"class_list":["post-739","page","type-page","status-publish","hentry"],"_links":{"self":[{"href":"https:\/\/www.ikzm-d.de\/muell-im-meer-momentanalyse\/wp-json\/wp\/v2\/pages\/739","targetHints":{"allow":["GET"]}}],"collection":[{"href":"https:\/\/www.ikzm-d.de\/muell-im-meer-momentanalyse\/wp-json\/wp\/v2\/pages"}],"about":[{"href":"https:\/\/www.ikzm-d.de\/muell-im-meer-momentanalyse\/wp-json\/wp\/v2\/types\/page"}],"author":[{"embeddable":true,"href":"https:\/\/www.ikzm-d.de\/muell-im-meer-momentanalyse\/wp-json\/wp\/v2\/users\/3"}],"replies":[{"embeddable":true,"href":"https:\/\/www.ikzm-d.de\/muell-im-meer-momentanalyse\/wp-json\/wp\/v2\/comments?post=739"}],"version-history":[{"count":13,"href":"https:\/\/www.ikzm-d.de\/muell-im-meer-momentanalyse\/wp-json\/wp\/v2\/pages\/739\/revisions"}],"predecessor-version":[{"id":958,"href":"https:\/\/www.ikzm-d.de\/muell-im-meer-momentanalyse\/wp-json\/wp\/v2\/pages\/739\/revisions\/958"}],"wp:attachment":[{"href":"https:\/\/www.ikzm-d.de\/muell-im-meer-momentanalyse\/wp-json\/wp\/v2\/media?parent=739"}],"curies":[{"name":"wp","href":"https:\/\/api.w.org\/{rel}","templated":true}]}}