{"id":773,"date":"2021-11-01T13:51:58","date_gmt":"2021-11-01T12:51:58","guid":{"rendered":"http:\/\/www.ikzm-d.de\/momentanalyse\/?page_id=773"},"modified":"2022-02-07T15:26:03","modified_gmt":"2022-02-07T14:26:03","slug":"muell-im-meer-2","status":"publish","type":"page","link":"https:\/\/www.ikzm-d.de\/muell-im-meer-momentanalyse\/muell-im-meer-2\/","title":{"rendered":"Verbleib"},"content":{"rendered":"\n<p>J\u00e4hrlich wird von einem globalen Eintrag <strong>von 4,8 bis 12,7 Millionen Tonnen <\/strong>M\u00fcll in die Meere ausgegangen, Tendenz steigend. Auswertungen von weltweit durchgef\u00fchrten M\u00fcllsammelaktionen an K\u00fcsten zeigen, dass insbesondere nach einmaligem Gebrauch genutzte Produkte vielfach zu M\u00fcll in der Meeresumwelt werden. Dies umfasst Zigaretten(filter), (Plastik-) T\u00fcten, Lebensmittelverpackungen, Deckel\/Verschl\u00fcsse, Plastikflaschen, (Plastik-)\u00a0Geschirr, Glasflaschen, Getr\u00e4nkedosen, Strohhalme und Papiert\u00fcten.<\/p>\n\n\n\n<figure class=\"wp-block-image size-large\"><img loading=\"lazy\" decoding=\"async\" width=\"1776\" height=\"1180\" src=\"http:\/\/www.ikzm-d.de\/momentanalyse\/wp-content\/uploads\/sites\/48\/2022\/02\/Muelltuete-Franziska-Stoll.jpg\" alt=\"\" class=\"wp-image-934\"\/><figcaption>M\u00fcllfunde von Beach Cleanup<\/figcaption><\/figure>\n\n\n\n<p>Mit \u00fcber 75% machen Kunststoffe den gr\u00f6\u00dften Anteil am Meeresm\u00fcll aus. Seit dem Beginn der globalen Produktion von Kunststoffen in den 1950er Jahren hat sich diese verhundertfacht und lag 2018 bei 359 Mio. Tonnen j\u00e4hrlich (PLASTICSEUROPE, 2019).&nbsp;Aufgrund ihrer Langlebigkeit hat der Eintrag von M\u00fcll aus Kunststoffen erhebliche Auswirkungen auf die Meeresumwelt (vgl.<a rel=\"noreferrer noopener\" href=\"http:\/\/www.ikzm-d.de\/auswirkungen\/\" data-type=\"URL\" data-id=\"http:\/\/www.ikzm-d.de\/auswirkungen\/\" target=\"_blank\"> Informationsmodul <\/a>zu \u201eM\u00fcll im Meer &#8211; Auswirkungen\u201c). <\/p>\n\n\n\n<p>Daneben stellt der Eintrag von M\u00fcll aus Metall, Glas, Holz, Textil, Gummi und Papier, radioaktiven Abf\u00e4llen und \u00d6len eine Bedrohung f\u00fcr das \u00d6kosystems Meer dar. <\/p>\n","protected":false},"excerpt":{"rendered":"<p>J\u00e4hrlich wird von einem globalen Eintrag von 4,8 bis 12,7 Millionen Tonnen M\u00fcll in die Meere ausgegangen, Tendenz steigend. Auswertungen von weltweit durchgef\u00fchrten M\u00fcllsammelaktionen an K\u00fcsten zeigen, dass insbesondere nach einmaligem Gebrauch genutzte Produkte vielfach zu M\u00fcll in der Meeresumwelt werden. Dies umfasst Zigaretten(filter), (Plastik-) T\u00fcten, Lebensmittelverpackungen, Deckel\/Verschl\u00fcsse, Plastikflaschen, (Plastik-)\u00a0Geschirr, Glasflaschen, Getr\u00e4nkedosen, Strohhalme und Papiert\u00fcten. [&hellip;]<\/p>\n","protected":false},"author":3,"featured_media":0,"parent":0,"menu_order":3,"comment_status":"closed","ping_status":"closed","template":"","meta":{"footnotes":""},"class_list":["post-773","page","type-page","status-publish","hentry"],"_links":{"self":[{"href":"https:\/\/www.ikzm-d.de\/muell-im-meer-momentanalyse\/wp-json\/wp\/v2\/pages\/773","targetHints":{"allow":["GET"]}}],"collection":[{"href":"https:\/\/www.ikzm-d.de\/muell-im-meer-momentanalyse\/wp-json\/wp\/v2\/pages"}],"about":[{"href":"https:\/\/www.ikzm-d.de\/muell-im-meer-momentanalyse\/wp-json\/wp\/v2\/types\/page"}],"author":[{"embeddable":true,"href":"https:\/\/www.ikzm-d.de\/muell-im-meer-momentanalyse\/wp-json\/wp\/v2\/users\/3"}],"replies":[{"embeddable":true,"href":"https:\/\/www.ikzm-d.de\/muell-im-meer-momentanalyse\/wp-json\/wp\/v2\/comments?post=773"}],"version-history":[{"count":29,"href":"https:\/\/www.ikzm-d.de\/muell-im-meer-momentanalyse\/wp-json\/wp\/v2\/pages\/773\/revisions"}],"predecessor-version":[{"id":960,"href":"https:\/\/www.ikzm-d.de\/muell-im-meer-momentanalyse\/wp-json\/wp\/v2\/pages\/773\/revisions\/960"}],"wp:attachment":[{"href":"https:\/\/www.ikzm-d.de\/muell-im-meer-momentanalyse\/wp-json\/wp\/v2\/media?parent=773"}],"curies":[{"name":"wp","href":"https:\/\/api.w.org\/{rel}","templated":true}]}}