{"id":777,"date":"2021-11-01T13:57:56","date_gmt":"2021-11-01T12:57:56","guid":{"rendered":"http:\/\/www.ikzm-d.de\/momentanalyse\/?page_id=777"},"modified":"2022-02-07T15:27:01","modified_gmt":"2022-02-07T14:27:01","slug":"exkurs-kunststoffe","status":"publish","type":"page","link":"https:\/\/www.ikzm-d.de\/muell-im-meer-momentanalyse\/arten-von-plastik\/exkurs-kunststoffe\/","title":{"rendered":"Exkurs: Kunststoffe"},"content":{"rendered":"\n<p>Kunststoffprodukte sind meist g\u00fcnstig zu kaufen, einfach zu konsumieren und noch einfacher zu entsorgen. Bei der Produktion von G\u00fctern werden lediglich die Herstellungskosten ber\u00fccksichtigt, jedoch nicht die Kosten, die ihre Entsorgung langfristig anrichtet. Angefangen bei den \u00f6kologische und sozialen Auswirkungen des Ressourcenabbaus und Energieeinsatzes zur Herstellung der Waren \u00fcber die Abgabe von Schadstoffen w\u00e4hrend der Produktion bis hin zu \u00f6kologischen und sozialen Auswirkungen bei der sachgerechten oder ungerechten Entsorgung von M\u00fcll m\u00fcssen zahlreiche Aspekte in eine ganzheitliche Rechnung einbezogen werden.<\/p>\n\n\n\n<p>Die Folgen und Kosten, die durch den Kunststoffprodukte und -m\u00fcllteile entstehen, k\u00f6nnen noch nicht vollends berechnet werden. Bekannt ist aber, dass die Sch\u00e4den, die der M\u00fcll an Lebewesen und \u00d6kosystemen anrichtet, die prim\u00e4ren Kosten f\u00fcr die Produktion um ein Vielfaches \u00fcbersteigt. <\/p>\n\n\n\n<figure class=\"wp-block-image size-large\"><img loading=\"lazy\" decoding=\"async\" width=\"1775\" height=\"1180\" src=\"http:\/\/www.ikzm-d.de\/momentanalyse\/wp-content\/uploads\/sites\/48\/2022\/02\/Kunststoffe-Ronja-Truebger.jpg\" alt=\"\" class=\"wp-image-932\"\/><figcaption>gefundene Kunststoffprodukte am Ostseestrand<\/figcaption><\/figure>\n","protected":false},"excerpt":{"rendered":"<p>Kunststoffprodukte sind meist g\u00fcnstig zu kaufen, einfach zu konsumieren und noch einfacher zu entsorgen. Bei der Produktion von G\u00fctern werden lediglich die Herstellungskosten ber\u00fccksichtigt, jedoch nicht die Kosten, die ihre Entsorgung langfristig anrichtet. Angefangen bei den \u00f6kologische und sozialen Auswirkungen des Ressourcenabbaus und Energieeinsatzes zur Herstellung der Waren \u00fcber die Abgabe von Schadstoffen w\u00e4hrend der [&hellip;]<\/p>\n","protected":false},"author":3,"featured_media":0,"parent":739,"menu_order":1,"comment_status":"closed","ping_status":"closed","template":"","meta":{"footnotes":""},"class_list":["post-777","page","type-page","status-publish","hentry"],"_links":{"self":[{"href":"https:\/\/www.ikzm-d.de\/muell-im-meer-momentanalyse\/wp-json\/wp\/v2\/pages\/777","targetHints":{"allow":["GET"]}}],"collection":[{"href":"https:\/\/www.ikzm-d.de\/muell-im-meer-momentanalyse\/wp-json\/wp\/v2\/pages"}],"about":[{"href":"https:\/\/www.ikzm-d.de\/muell-im-meer-momentanalyse\/wp-json\/wp\/v2\/types\/page"}],"author":[{"embeddable":true,"href":"https:\/\/www.ikzm-d.de\/muell-im-meer-momentanalyse\/wp-json\/wp\/v2\/users\/3"}],"replies":[{"embeddable":true,"href":"https:\/\/www.ikzm-d.de\/muell-im-meer-momentanalyse\/wp-json\/wp\/v2\/comments?post=777"}],"version-history":[{"count":6,"href":"https:\/\/www.ikzm-d.de\/muell-im-meer-momentanalyse\/wp-json\/wp\/v2\/pages\/777\/revisions"}],"predecessor-version":[{"id":961,"href":"https:\/\/www.ikzm-d.de\/muell-im-meer-momentanalyse\/wp-json\/wp\/v2\/pages\/777\/revisions\/961"}],"up":[{"embeddable":true,"href":"https:\/\/www.ikzm-d.de\/muell-im-meer-momentanalyse\/wp-json\/wp\/v2\/pages\/739"}],"wp:attachment":[{"href":"https:\/\/www.ikzm-d.de\/muell-im-meer-momentanalyse\/wp-json\/wp\/v2\/media?parent=777"}],"curies":[{"name":"wp","href":"https:\/\/api.w.org\/{rel}","templated":true}]}}