{"id":853,"date":"2022-02-07T12:29:32","date_gmt":"2022-02-07T11:29:32","guid":{"rendered":"http:\/\/www.ikzm-d.de\/momentanalyse\/?page_id=853"},"modified":"2022-06-29T11:52:43","modified_gmt":"2022-06-29T09:52:43","slug":"muell-im-meer-eine-momentanalyse","status":"publish","type":"page","link":"https:\/\/www.ikzm-d.de\/muell-im-meer-momentanalyse\/","title":{"rendered":"M\u00fcll im Meer &#8211; eine Momentanalyse"},"content":{"rendered":"\n<p id=\"block-9ad0d1dc-b72b-486d-b087-5b5ca8b8d7b9\">Das Lehr- und Lernmodul \u201eM\u00fcll im Meer &#8211; eine Momentanalyse\u201c geh\u00f6rt zu einer Reihe von Modulen zu einer der gr\u00f6\u00dften gesellschaftlichen Herausforderungen unserer Zeit, der Verschmutzung der (Meeres-) Umwelt durch M\u00fcll.<\/p>\n\n\n\n<figure class=\"wp-block-table\"><table><tbody><tr><td>Inhalt<\/td><td>Im Modul \u201eM\u00fcll im Meer &#8211; eine Momentanalyse&#8220; werden Ursachen und Eintragswege f\u00fcr die Verschmutzung durch M\u00fcll in den Blick genommen.<\/td><\/tr><tr><td>Lernziele<\/td><td>&#8211; Ursachen und Eintragswege von M\u00fcll ins Meer<br>&#8211; M\u00fcllteile aus Kunststoffe<\/td><\/tr><tr><td>Zeitbedarf<\/td><td>ca. 45 Minuten<\/td><\/tr><tr><td>Voraussetzungen<\/td><td>keine<\/td><\/tr><tr><td>Autoren<\/td><td>Katharina Kiefer, Lukas Schnitzler &amp; Anke Vorlauf <br>(EUCC-D, 2021)<\/td><\/tr><tr><td>erg\u00e4nzende Module<\/td><td>\u201eFlie\u00dfgew\u00e4sser &amp; M\u00fcll\u201c<br>\u201eM\u00fcll im Meer \u2013 Auswirkungen\u201c<br>\u201eM\u00fcll im Meer \u2013 Ma\u00dfnahmen\u201c<br>\u201eM\u00fcll im Meer \u2013 Konsum\u201c<\/td><\/tr><\/tbody><\/table><\/figure>\n","protected":false},"excerpt":{"rendered":"<p>Das Lehr- und Lernmodul \u201eM\u00fcll im Meer &#8211; eine Momentanalyse\u201c geh\u00f6rt zu einer Reihe von Modulen zu einer der gr\u00f6\u00dften gesellschaftlichen Herausforderungen unserer Zeit, der Verschmutzung der (Meeres-) Umwelt durch M\u00fcll. Inhalt Im Modul \u201eM\u00fcll im Meer &#8211; eine Momentanalyse&#8220; werden Ursachen und Eintragswege f\u00fcr die Verschmutzung durch M\u00fcll in den Blick genommen. Lernziele &#8211; [&hellip;]<\/p>\n","protected":false},"author":3,"featured_media":0,"parent":0,"menu_order":0,"comment_status":"closed","ping_status":"closed","template":"","meta":{"footnotes":""},"class_list":["post-853","page","type-page","status-publish","hentry"],"_links":{"self":[{"href":"https:\/\/www.ikzm-d.de\/muell-im-meer-momentanalyse\/wp-json\/wp\/v2\/pages\/853","targetHints":{"allow":["GET"]}}],"collection":[{"href":"https:\/\/www.ikzm-d.de\/muell-im-meer-momentanalyse\/wp-json\/wp\/v2\/pages"}],"about":[{"href":"https:\/\/www.ikzm-d.de\/muell-im-meer-momentanalyse\/wp-json\/wp\/v2\/types\/page"}],"author":[{"embeddable":true,"href":"https:\/\/www.ikzm-d.de\/muell-im-meer-momentanalyse\/wp-json\/wp\/v2\/users\/3"}],"replies":[{"embeddable":true,"href":"https:\/\/www.ikzm-d.de\/muell-im-meer-momentanalyse\/wp-json\/wp\/v2\/comments?post=853"}],"version-history":[{"count":5,"href":"https:\/\/www.ikzm-d.de\/muell-im-meer-momentanalyse\/wp-json\/wp\/v2\/pages\/853\/revisions"}],"predecessor-version":[{"id":982,"href":"https:\/\/www.ikzm-d.de\/muell-im-meer-momentanalyse\/wp-json\/wp\/v2\/pages\/853\/revisions\/982"}],"wp:attachment":[{"href":"https:\/\/www.ikzm-d.de\/muell-im-meer-momentanalyse\/wp-json\/wp\/v2\/media?parent=853"}],"curies":[{"name":"wp","href":"https:\/\/api.w.org\/{rel}","templated":true}]}}